{"id":4056,"date":"2024-02-23T16:47:03","date_gmt":"2024-02-23T16:47:03","guid":{"rendered":"https:\/\/pedrocasiano.es\/?page_id=4056"},"modified":"2024-02-23T16:47:04","modified_gmt":"2024-02-23T16:47:04","slug":"recuerdas-amor-mio","status":"publish","type":"page","link":"https:\/\/pedrocasiano.es\/?page_id=4056","title":{"rendered":"\u00bfRecuerdas Amor M\u00edo?"},"content":{"rendered":"\n<div class=\"wp-block-media-text is-stacked-on-mobile is-vertically-aligned-top\"><figure class=\"wp-block-media-text__media\"><img decoding=\"async\" width=\"640\" height=\"832\" data-src=\"https:\/\/pedrocasiano.es\/wp-content\/uploads\/2024\/02\/Default_woman_0.jpg\" alt=\"\" class=\"wp-image-4057 size-full lazyload\" src=\"data:image\/svg+xml;base64,PHN2ZyB3aWR0aD0iMSIgaGVpZ2h0PSIxIiB4bWxucz0iaHR0cDovL3d3dy53My5vcmcvMjAwMC9zdmciPjwvc3ZnPg==\" style=\"--smush-placeholder-width: 640px; --smush-placeholder-aspect-ratio: 640\/832;\" \/><\/figure><div class=\"wp-block-media-text__content\">\n<p>\u00bfRecuerdas Amor M\u00edo?<\/p>\n\n\n\n<p>Entre la muchedumbre te vi<br>Quiz\u00e1s quinientos, quiz\u00e1s mil<br>Y como barco en mar enfurecido<br>Quilla y proa rompiendo olas<br>Me acerque a tu mirada<br>Aun temeroso de perder<br>Lo que con ansia miraba<br>Rodeada de tu gente<br>A la que no conoc\u00eda<br>Con todas las oportunidades<br>Para llevarme en la cara<br>De ellos, sus energ\u00edas<br>Y me acerque temeroso<br>Sin miedo a tus compa\u00f1\u00edas<br>Solo de perderte de vista<br>Eso era lo que tem\u00eda<br>Te rond\u00e9 toda la noche<br>Y cada vez que aflojaba<br>Porque ning\u00fan caso me hac\u00edas<br>Una sonrisa y de nuevo<br>Otra vez a tu vera<br>A pesar de las miradas<br>De los que te conoc\u00edan<br>Gota de agua que horada<br>Cualquier cosa en la que caiga<br>Y toda la noche pendiente<br>De saber que no te vayas<br>Se acaba la noche<br>Te marchas<br>Me desespero<br>Te pierdo<br>No me das ni esperanza<br>Ni sonrisa<br>Me encojo de hombros<br>Creo que te he perdido<br>Una vez que de all\u00ed salgas<br>Te perder\u00e1s entre el gent\u00edo<br>Dejando solo el recuerdo<br>De lo que pod\u00eda haber sido<br>Pero pasas a mi lado<br>cansada de la larga noche<br>Y dejas caer al lado m\u00edo<br>Un paquete de tabaco<br>Que yo cre\u00eda vac\u00edo<br>Lo cog\u00ed porque era tuyo<br>Lo mir\u00e9 con suspiro largo<br>Y all\u00ed dibujado en un lado<br>Tu n\u00famero all\u00ed escrito<br>Sonre\u00ed de nuevo<br>La noche terminaba<br>Pero lo nuestro, solo empezaba<br>\u00bfrecuerdas, amor m\u00edo?<\/p>\n<\/div><\/div>\n","protected":false},"excerpt":{"rendered":"<p>\u00bfRecuerdas Amor M\u00edo? Entre la muchedumbre te viQuiz\u00e1s quinientos, quiz\u00e1s milY como barco en mar enfurecidoQuilla y proa rompiendo olasMe acerque a tu miradaAun temeroso de perderLo que con ansia mirabaRodeada de tu genteA la que no conoc\u00edaCon todas las oportunidadesPara llevarme en la caraDe ellos, sus energ\u00edasY me acerque temerosoSin miedo a tus compa\u00f1\u00edasSolo &hellip; <\/p>\n<p class=\"link-more\"><a href=\"https:\/\/pedrocasiano.es\/?page_id=4056\" class=\"more-link\">Leer m\u00e1s<span class=\"screen-reader-text\"> \u00ab\u00bfRecuerdas Amor M\u00edo?\u00bb<\/span><\/a><\/p>\n","protected":false},"author":1,"featured_media":0,"parent":0,"menu_order":0,"comment_status":"closed","ping_status":"closed","template":"","meta":{"inspiro_hide_title":false,"footnotes":""},"class_list":["post-4056","page","type-page","status-publish","hentry"],"featured_media_urls":[],"_links":{"self":[{"href":"https:\/\/pedrocasiano.es\/index.php?rest_route=\/wp\/v2\/pages\/4056","targetHints":{"allow":["GET"]}}],"collection":[{"href":"https:\/\/pedrocasiano.es\/index.php?rest_route=\/wp\/v2\/pages"}],"about":[{"href":"https:\/\/pedrocasiano.es\/index.php?rest_route=\/wp\/v2\/types\/page"}],"author":[{"embeddable":true,"href":"https:\/\/pedrocasiano.es\/index.php?rest_route=\/wp\/v2\/users\/1"}],"replies":[{"embeddable":true,"href":"https:\/\/pedrocasiano.es\/index.php?rest_route=%2Fwp%2Fv2%2Fcomments&post=4056"}],"version-history":[{"count":2,"href":"https:\/\/pedrocasiano.es\/index.php?rest_route=\/wp\/v2\/pages\/4056\/revisions"}],"predecessor-version":[{"id":10794,"href":"https:\/\/pedrocasiano.es\/index.php?rest_route=\/wp\/v2\/pages\/4056\/revisions\/10794"}],"wp:attachment":[{"href":"https:\/\/pedrocasiano.es\/index.php?rest_route=%2Fwp%2Fv2%2Fmedia&parent=4056"}],"curies":[{"name":"wp","href":"https:\/\/api.w.org\/{rel}","templated":true}]}}