{"id":4053,"date":"2024-02-23T16:43:46","date_gmt":"2024-02-23T16:43:46","guid":{"rendered":"https:\/\/pedrocasiano.es\/?page_id=4053"},"modified":"2024-02-23T16:43:47","modified_gmt":"2024-02-23T16:43:47","slug":"el-primer-amor-el-primer-beso","status":"publish","type":"page","link":"https:\/\/pedrocasiano.es\/?page_id=4053","title":{"rendered":"El Primer Amor, el Primer Beso"},"content":{"rendered":"\n<div class=\"wp-block-media-text is-stacked-on-mobile is-vertically-aligned-top\"><figure class=\"wp-block-media-text__media\"><img decoding=\"async\" width=\"1024\" height=\"1024\" data-src=\"https:\/\/pedrocasiano.es\/wp-content\/uploads\/2024\/02\/casal-7630976_1920-1024x1024.jpg\" alt=\"\" class=\"wp-image-4054 size-full lazyload\" src=\"data:image\/svg+xml;base64,PHN2ZyB3aWR0aD0iMSIgaGVpZ2h0PSIxIiB4bWxucz0iaHR0cDovL3d3dy53My5vcmcvMjAwMC9zdmciPjwvc3ZnPg==\" style=\"--smush-placeholder-width: 1024px; --smush-placeholder-aspect-ratio: 1024\/1024;\" \/><\/figure><div class=\"wp-block-media-text__content\">\n<p>Recuerdo aun<br>Con la bruma que da el tiempo<br>Aquellos, nuestros momentos<br>Que aun en mi mente perduran<br>Tu salida del colegio<br>Mi escondida recogida<br>Y ese beso\u2026<br>Cuando nadie nos ve\u00eda.<\/p>\n\n\n\n<p>Las manos balanceando<br>Nuestros corazones repiqueteando<br>Y esas miradas que miraron<br>Iris a iris<br>Y derrocharon<br>El amor que nos ten\u00edamos<\/p>\n\n\n\n<p>Todo despu\u00e9s<br>fue distinto<br>Ni m\u00e1s placentero<br>Ni menos<br>Solo distinto<br>Pues la vida cambia<br>A peor, o mejor<br>Pero nada igual<br>A ese tr\u00e9mulo palpitar<br>Que por mucho que queramos<br>No se puede equiparar<br>A otros que nos d\u00e9 el tiempo<\/p>\n\n\n\n<p>Pero aquella sensaci\u00f3n<br>Muri\u00f3 en el momento<br>En que la vida pas\u00f3,<br>Como si se fuera con el viento<\/p>\n<\/div><\/div>\n","protected":false},"excerpt":{"rendered":"<p>Recuerdo aunCon la bruma que da el tiempoAquellos, nuestros momentosQue aun en mi mente perduranTu salida del colegioMi escondida recogidaY ese beso\u2026Cuando nadie nos ve\u00eda. Las manos balanceandoNuestros corazones repiqueteandoY esas miradas que miraronIris a irisY derrocharonEl amor que nos ten\u00edamos Todo despu\u00e9sfue distintoNi m\u00e1s placenteroNi menosSolo distintoPues la vida cambiaA peor, o mejorPero nada &hellip; <\/p>\n<p class=\"link-more\"><a href=\"https:\/\/pedrocasiano.es\/?page_id=4053\" class=\"more-link\">Leer m\u00e1s<span class=\"screen-reader-text\"> \u00abEl Primer Amor, el Primer Beso\u00bb<\/span><\/a><\/p>\n","protected":false},"author":1,"featured_media":0,"parent":0,"menu_order":0,"comment_status":"closed","ping_status":"closed","template":"","meta":{"inspiro_hide_title":false,"footnotes":""},"class_list":["post-4053","page","type-page","status-publish","hentry"],"featured_media_urls":[],"_links":{"self":[{"href":"https:\/\/pedrocasiano.es\/index.php?rest_route=\/wp\/v2\/pages\/4053","targetHints":{"allow":["GET"]}}],"collection":[{"href":"https:\/\/pedrocasiano.es\/index.php?rest_route=\/wp\/v2\/pages"}],"about":[{"href":"https:\/\/pedrocasiano.es\/index.php?rest_route=\/wp\/v2\/types\/page"}],"author":[{"embeddable":true,"href":"https:\/\/pedrocasiano.es\/index.php?rest_route=\/wp\/v2\/users\/1"}],"replies":[{"embeddable":true,"href":"https:\/\/pedrocasiano.es\/index.php?rest_route=%2Fwp%2Fv2%2Fcomments&post=4053"}],"version-history":[{"count":2,"href":"https:\/\/pedrocasiano.es\/index.php?rest_route=\/wp\/v2\/pages\/4053\/revisions"}],"predecessor-version":[{"id":10719,"href":"https:\/\/pedrocasiano.es\/index.php?rest_route=\/wp\/v2\/pages\/4053\/revisions\/10719"}],"wp:attachment":[{"href":"https:\/\/pedrocasiano.es\/index.php?rest_route=%2Fwp%2Fv2%2Fmedia&parent=4053"}],"curies":[{"name":"wp","href":"https:\/\/api.w.org\/{rel}","templated":true}]}}