{"id":4050,"date":"2024-02-23T16:42:07","date_gmt":"2024-02-23T16:42:07","guid":{"rendered":"https:\/\/pedrocasiano.es\/?page_id=4050"},"modified":"2024-02-23T16:42:08","modified_gmt":"2024-02-23T16:42:08","slug":"perdimos-sin-darnos-cuenta","status":"publish","type":"page","link":"https:\/\/pedrocasiano.es\/?page_id=4050","title":{"rendered":"Perdimos sin Darnos Cuenta"},"content":{"rendered":"\n<div class=\"wp-block-media-text is-stacked-on-mobile is-vertically-aligned-top\"><figure class=\"wp-block-media-text__media\"><img decoding=\"async\" width=\"1024\" height=\"1024\" data-src=\"https:\/\/pedrocasiano.es\/wp-content\/uploads\/2024\/02\/ai-generated-8541344_1280-1024x1024.jpg\" alt=\"\" class=\"wp-image-4051 size-full lazyload\" data-srcset=\"https:\/\/pedrocasiano.es\/wp-content\/uploads\/2024\/02\/ai-generated-8541344_1280-1024x1024.jpg 1024w, https:\/\/pedrocasiano.es\/wp-content\/uploads\/2024\/02\/ai-generated-8541344_1280-300x300.jpg 300w, https:\/\/pedrocasiano.es\/wp-content\/uploads\/2024\/02\/ai-generated-8541344_1280-150x150.jpg 150w, https:\/\/pedrocasiano.es\/wp-content\/uploads\/2024\/02\/ai-generated-8541344_1280.jpg 1280w\" data-sizes=\"(max-width: 1024px) 100vw, 1024px\" src=\"data:image\/svg+xml;base64,PHN2ZyB3aWR0aD0iMSIgaGVpZ2h0PSIxIiB4bWxucz0iaHR0cDovL3d3dy53My5vcmcvMjAwMC9zdmciPjwvc3ZnPg==\" style=\"--smush-placeholder-width: 1024px; --smush-placeholder-aspect-ratio: 1024\/1024;\" \/><\/figure><div class=\"wp-block-media-text__content\">\n<p>Perdimos sin darnos cuenta<br>El poder de la pluma, de la letra<br>De la esperanza venida<br>A trazos en cuartilla<br>De las esperadas anhelas<br>Que de su venida nac\u00edan<br>Hoy solo tecla<br>F\u00edsica, digital incluso<br>Inmediata la respuesta<br>Avance inmejorable<br>Desde\u00f1ado lo perdido<br>Poco quiz\u00e1s hoy visto<br>Solo los que lo han vivido<br>Pueden hablar de pu\u00f1o y letra<br>De cuando a solas<br>Con el blanco encendido<br>Comenzabas la pelea<br>Por romper su hechizo<br>Y llenar de sentimientos<br>Aquel blanco n\u00edtido<br>Hoy de segundos se trata<br>Ayer de d\u00edas, semanas y a\u00f1os<br>Se gan\u00f3 lo repentino<br>Se perdi\u00f3 la poes\u00eda<br>Se perdi\u00f3 en lo escrito<br>La soledad de la melancol\u00eda<br>El sentir de pensamiento triste<br>El tiempo de la carta triste<br>Y tambi\u00e9n de su alegr\u00eda<br>De la espera que desespera<br>De esperar que ese d\u00eda llega<br>Y solo el que lo hay conocido<br>Sabe de qu\u00e9 estoy hablando<br>No de las teclas de un piano inteligente<br>Si no de cuando la gente<br>Se escrib\u00eda, rasgando un papel blanco<br>Con alegr\u00eda, con tristeza, con melancol\u00eda<br>Me alegro por lo de ahora<br>Solo siento a\u00f1oranza<br>De otros tiempos ya pasados<br>Lo de ahora, mejor sin duda<br>Lo de ayer, es mi pasado<br>Fue mi presente un d\u00eda.<\/p>\n<\/div><\/div>\n","protected":false},"excerpt":{"rendered":"<p>Perdimos sin darnos cuentaEl poder de la pluma, de la letraDe la esperanza venidaA trazos en cuartillaDe las esperadas anhelasQue de su venida nac\u00edanHoy solo teclaF\u00edsica, digital inclusoInmediata la respuestaAvance inmejorableDesde\u00f1ado lo perdidoPoco quiz\u00e1s hoy vistoSolo los que lo han vividoPueden hablar de pu\u00f1o y letraDe cuando a solasCon el blanco encendidoComenzabas la peleaPor romper &hellip; <\/p>\n<p class=\"link-more\"><a href=\"https:\/\/pedrocasiano.es\/?page_id=4050\" class=\"more-link\">Leer m\u00e1s<span class=\"screen-reader-text\"> \u00abPerdimos sin Darnos Cuenta\u00bb<\/span><\/a><\/p>\n","protected":false},"author":1,"featured_media":0,"parent":0,"menu_order":0,"comment_status":"closed","ping_status":"closed","template":"","meta":{"inspiro_hide_title":false,"footnotes":""},"class_list":["post-4050","page","type-page","status-publish","hentry"],"featured_media_urls":[],"_links":{"self":[{"href":"https:\/\/pedrocasiano.es\/index.php?rest_route=\/wp\/v2\/pages\/4050","targetHints":{"allow":["GET"]}}],"collection":[{"href":"https:\/\/pedrocasiano.es\/index.php?rest_route=\/wp\/v2\/pages"}],"about":[{"href":"https:\/\/pedrocasiano.es\/index.php?rest_route=\/wp\/v2\/types\/page"}],"author":[{"embeddable":true,"href":"https:\/\/pedrocasiano.es\/index.php?rest_route=\/wp\/v2\/users\/1"}],"replies":[{"embeddable":true,"href":"https:\/\/pedrocasiano.es\/index.php?rest_route=%2Fwp%2Fv2%2Fcomments&post=4050"}],"version-history":[{"count":1,"href":"https:\/\/pedrocasiano.es\/index.php?rest_route=\/wp\/v2\/pages\/4050\/revisions"}],"predecessor-version":[{"id":4052,"href":"https:\/\/pedrocasiano.es\/index.php?rest_route=\/wp\/v2\/pages\/4050\/revisions\/4052"}],"wp:attachment":[{"href":"https:\/\/pedrocasiano.es\/index.php?rest_route=%2Fwp%2Fv2%2Fmedia&parent=4050"}],"curies":[{"name":"wp","href":"https:\/\/api.w.org\/{rel}","templated":true}]}}