{"id":4041,"date":"2024-02-23T16:34:03","date_gmt":"2024-02-23T16:34:03","guid":{"rendered":"https:\/\/pedrocasiano.es\/?page_id=4041"},"modified":"2024-02-23T16:34:04","modified_gmt":"2024-02-23T16:34:04","slug":"sone-por-sonar-un-dia","status":"publish","type":"page","link":"https:\/\/pedrocasiano.es\/?page_id=4041","title":{"rendered":"So\u00f1\u00e9, por So\u00f1ar un D\u00eda"},"content":{"rendered":"\n<div class=\"wp-block-media-text is-stacked-on-mobile is-vertically-aligned-top\" style=\"grid-template-columns:49% auto\"><figure class=\"wp-block-media-text__media\"><img decoding=\"async\" width=\"627\" height=\"1024\" data-src=\"https:\/\/pedrocasiano.es\/wp-content\/uploads\/2024\/02\/ai-generated-8373483_1280.jpg\" alt=\"\" class=\"wp-image-4042 size-full lazyload\" src=\"data:image\/svg+xml;base64,PHN2ZyB3aWR0aD0iMSIgaGVpZ2h0PSIxIiB4bWxucz0iaHR0cDovL3d3dy53My5vcmcvMjAwMC9zdmciPjwvc3ZnPg==\" style=\"--smush-placeholder-width: 627px; --smush-placeholder-aspect-ratio: 627\/1024;\" \/><\/figure><div class=\"wp-block-media-text__content\">\n<p>So\u00f1\u00e9, por so\u00f1ar un d\u00eda<br>Que no acababa nunca<br>Que tan siguiera atardec\u00eda<br>La raz\u00f3n es que tu mano<br>Se estrechaba en la m\u00eda<br>Tu sonrisa en mi alma<br>Y mi otra mano en tu cabello<br>Sonre\u00edr no cuesta nada<br>Y nada de gasto hab\u00eda<br>Solo esas bellas noches<br>En que me sonre\u00edas<br>Juventud de mis amores<br>Alma de alma inquieta<br>Corazones inflamados<br>De pasiones ciegas<br>Aun te recuerdo<br>Tus claros ojos en los m\u00edos<br>En las estrechas callejas<br>De esta vieja ciudad m\u00eda<br>De la oscuridad del beso<br>Del abrazo eterno<br>en el rinc\u00f3n escondios<br>De la ventura de tu cuerpo<br>Apretaito al m\u00edo<br>Me suben los calores<br>Cuando a a\u00f1os vista, pienso<br>En el color de tus ojos<br>En el fulgor de tu cara<br>En la figura morena<br>Sobre la calle dibujada<br>No fuimos los primeros<br>Ni los \u00faltimos seremos<br>Pero pienso en soledad<br>Que lo nuestro<br>Lo que ten\u00edamos, era<br>Como el cantar de los cantares<br>Como el amor m\u00e1s profundo<br>Como el de las angosturas<br>El de las viejas callejas<br>De cuando a\u00fan incluso<br>apret\u00e1ndonos uno al otro<br>Era la inocencia, m\u00e1s ardiente<br>La que mec\u00eda nuestras vidas.<\/p>\n<\/div><\/div>\n","protected":false},"excerpt":{"rendered":"<p>So\u00f1\u00e9, por so\u00f1ar un d\u00edaQue no acababa nuncaQue tan siguiera atardec\u00edaLa raz\u00f3n es que tu manoSe estrechaba en la m\u00edaTu sonrisa en mi almaY mi otra mano en tu cabelloSonre\u00edr no cuesta nadaY nada de gasto hab\u00edaSolo esas bellas nochesEn que me sonre\u00edasJuventud de mis amoresAlma de alma inquietaCorazones inflamadosDe pasiones ciegasAun te recuerdoTus claros &hellip; <\/p>\n<p class=\"link-more\"><a href=\"https:\/\/pedrocasiano.es\/?page_id=4041\" class=\"more-link\">Leer m\u00e1s<span class=\"screen-reader-text\"> \u00abSo\u00f1\u00e9, por So\u00f1ar un D\u00eda\u00bb<\/span><\/a><\/p>\n","protected":false},"author":1,"featured_media":0,"parent":0,"menu_order":0,"comment_status":"closed","ping_status":"closed","template":"","meta":{"inspiro_hide_title":false,"footnotes":""},"class_list":["post-4041","page","type-page","status-publish","hentry"],"featured_media_urls":[],"_links":{"self":[{"href":"https:\/\/pedrocasiano.es\/index.php?rest_route=\/wp\/v2\/pages\/4041","targetHints":{"allow":["GET"]}}],"collection":[{"href":"https:\/\/pedrocasiano.es\/index.php?rest_route=\/wp\/v2\/pages"}],"about":[{"href":"https:\/\/pedrocasiano.es\/index.php?rest_route=\/wp\/v2\/types\/page"}],"author":[{"embeddable":true,"href":"https:\/\/pedrocasiano.es\/index.php?rest_route=\/wp\/v2\/users\/1"}],"replies":[{"embeddable":true,"href":"https:\/\/pedrocasiano.es\/index.php?rest_route=%2Fwp%2Fv2%2Fcomments&post=4041"}],"version-history":[{"count":1,"href":"https:\/\/pedrocasiano.es\/index.php?rest_route=\/wp\/v2\/pages\/4041\/revisions"}],"predecessor-version":[{"id":4043,"href":"https:\/\/pedrocasiano.es\/index.php?rest_route=\/wp\/v2\/pages\/4041\/revisions\/4043"}],"wp:attachment":[{"href":"https:\/\/pedrocasiano.es\/index.php?rest_route=%2Fwp%2Fv2%2Fmedia&parent=4041"}],"curies":[{"name":"wp","href":"https:\/\/api.w.org\/{rel}","templated":true}]}}