{"id":4038,"date":"2024-02-23T16:31:09","date_gmt":"2024-02-23T16:31:09","guid":{"rendered":"https:\/\/pedrocasiano.es\/?page_id=4038"},"modified":"2024-02-23T16:31:10","modified_gmt":"2024-02-23T16:31:10","slug":"oigo-la-musica-cerca-de-mi","status":"publish","type":"page","link":"https:\/\/pedrocasiano.es\/?page_id=4038","title":{"rendered":"Oigo la M\u00fasica Cerca de Mi"},"content":{"rendered":"\n<p><\/p>\n\n\n\n<div class=\"wp-block-media-text is-stacked-on-mobile is-vertically-aligned-top\"><figure class=\"wp-block-media-text__media\"><img decoding=\"async\" width=\"1024\" height=\"720\" data-src=\"https:\/\/pedrocasiano.es\/wp-content\/uploads\/2024\/02\/castle-8221380_1280-1024x720.jpg\" alt=\"\" class=\"wp-image-4039 size-full lazyload\" src=\"data:image\/svg+xml;base64,PHN2ZyB3aWR0aD0iMSIgaGVpZ2h0PSIxIiB4bWxucz0iaHR0cDovL3d3dy53My5vcmcvMjAwMC9zdmciPjwvc3ZnPg==\" style=\"--smush-placeholder-width: 1024px; --smush-placeholder-aspect-ratio: 1024\/720;\" \/><\/figure><div class=\"wp-block-media-text__content\">\n<p>Oigo la m\u00fasica cerca de mi<br>Es un d\u00eda desapacible<br>De verano hervido<br>De soledad cotidiana<br>De cerebro dormido<br>Y mi alma descansa<br>Sobre pilares de nada<br>Escuchando sonidos puros<br>Intrascendentes, amables<br>Diluyendo, grano a grano<br>Desbastando mi soledad<br>E intentando llevarla<br>Lejos de mi alma<br>Sobre pilares de aire<br>Perdida en la soledad<br>De la tarde aburrida,<br>De la mirada cansada<br>Del que nada espera<br>Realmente nada<br>Y la tarde sigue,<br>Mon\u00f3tono caminar<br>Deambulando en sentidos<br>Muertos, quiz\u00e1s solo dormidos<br>Agiles ratas recorren mi cuerpo<br>Tras de ellas, cucarachas<br>Y siento que me arrastran<br>A lugares extra\u00f1os<br>Distintos, sucios, malvados<br>Donde se esconde mi alma<br>Sobre pilares acabados<br>Cayendo casi sin estruendo<br>Solitarios de alma<br>Cansados de vida<br>De muerte del d\u00eda a d\u00eda<br>Y esperan que el tenue latido<br>De la continua vida<br>Pare un segundo<br>Que deje el sonido de seguido,<br>y durante un momento pare<br>Que despu\u00e9s no arranque<br>Que la l\u00e1pida sea corona final<br>Que todo desaparezca<br>En la bruma matinal<br>Donde los muertos se entierran<br>Los que no se quieren quemar<br>Y dejar este mundo de invierno<br>Donde reside el infierno<br>Encontrar la primavera<br>Entre los restos de la madera<br>De \u00e1rboles verdes<br>De hierbas altas<br>Donde nada duela<br>Lugares de fantas\u00eda<br>Donde los halcones vuelan<br>Llevadme con vosotros<br>En vuestras alas<br>No dej\u00e9is del enterrador la pala<br>Para que cubra mi cuerpo<br>A fin de cuentas, muerto.<br>Y la m\u00fasica suena<br>Con sonido constante<br>Indic\u00e1ndome que la vida<br>Esa peque\u00f1a farsanta<br>Se niega a marcharse<br>Aun no siendo bienvenida<br>Y la tarde continua<br>Con la aburrida vida<br>Sin dejarte reposar<br>En tumba ninguna<br>Atenazado el calmar<br>De una vez por una<br>Maldito diapas\u00f3n<br>Que con tenaz tes\u00f3n<br>Anuncias con tu precisi\u00f3n<br>Como la vida sigue<br>Y que solo acaba<br>Cuando vivir quieres<br>Y cuando no<br>Sigue.<\/p>\n<\/div><\/div>\n","protected":false},"excerpt":{"rendered":"<p>Oigo la m\u00fasica cerca de miEs un d\u00eda desapacibleDe verano hervidoDe soledad cotidianaDe cerebro dormidoY mi alma descansaSobre pilares de nadaEscuchando sonidos purosIntrascendentes, amablesDiluyendo, grano a granoDesbastando mi soledadE intentando llevarlaLejos de mi almaSobre pilares de airePerdida en la soledadDe la tarde aburrida,De la mirada cansadaDel que nada esperaRealmente nadaY la tarde sigue,Mon\u00f3tono caminarDeambulando en &hellip; <\/p>\n<p class=\"link-more\"><a href=\"https:\/\/pedrocasiano.es\/?page_id=4038\" class=\"more-link\">Leer m\u00e1s<span class=\"screen-reader-text\"> \u00abOigo la M\u00fasica Cerca de Mi\u00bb<\/span><\/a><\/p>\n","protected":false},"author":1,"featured_media":0,"parent":0,"menu_order":0,"comment_status":"closed","ping_status":"closed","template":"","meta":{"inspiro_hide_title":false,"footnotes":""},"class_list":["post-4038","page","type-page","status-publish","hentry"],"featured_media_urls":[],"_links":{"self":[{"href":"https:\/\/pedrocasiano.es\/index.php?rest_route=\/wp\/v2\/pages\/4038","targetHints":{"allow":["GET"]}}],"collection":[{"href":"https:\/\/pedrocasiano.es\/index.php?rest_route=\/wp\/v2\/pages"}],"about":[{"href":"https:\/\/pedrocasiano.es\/index.php?rest_route=\/wp\/v2\/types\/page"}],"author":[{"embeddable":true,"href":"https:\/\/pedrocasiano.es\/index.php?rest_route=\/wp\/v2\/users\/1"}],"replies":[{"embeddable":true,"href":"https:\/\/pedrocasiano.es\/index.php?rest_route=%2Fwp%2Fv2%2Fcomments&post=4038"}],"version-history":[{"count":1,"href":"https:\/\/pedrocasiano.es\/index.php?rest_route=\/wp\/v2\/pages\/4038\/revisions"}],"predecessor-version":[{"id":4040,"href":"https:\/\/pedrocasiano.es\/index.php?rest_route=\/wp\/v2\/pages\/4038\/revisions\/4040"}],"wp:attachment":[{"href":"https:\/\/pedrocasiano.es\/index.php?rest_route=%2Fwp%2Fv2%2Fmedia&parent=4038"}],"curies":[{"name":"wp","href":"https:\/\/api.w.org\/{rel}","templated":true}]}}