{"id":4035,"date":"2024-02-23T16:27:09","date_gmt":"2024-02-23T16:27:09","guid":{"rendered":"https:\/\/pedrocasiano.es\/?page_id=4035"},"modified":"2024-03-26T07:15:48","modified_gmt":"2024-03-26T07:15:48","slug":"piel-de-seda","status":"publish","type":"page","link":"https:\/\/pedrocasiano.es\/?page_id=4035","title":{"rendered":"Piel de Seda"},"content":{"rendered":"\n<p><\/p>\n\n\n\n<div class=\"wp-block-media-text is-stacked-on-mobile is-vertically-aligned-top\"><figure class=\"wp-block-media-text__media\"><img decoding=\"async\" width=\"564\" height=\"715\" data-src=\"https:\/\/pedrocasiano.es\/wp-content\/uploads\/2024\/03\/1111.jpg\" alt=\"\" class=\"wp-image-6236 size-full lazyload\" src=\"data:image\/svg+xml;base64,PHN2ZyB3aWR0aD0iMSIgaGVpZ2h0PSIxIiB4bWxucz0iaHR0cDovL3d3dy53My5vcmcvMjAwMC9zdmciPjwvc3ZnPg==\" style=\"--smush-placeholder-width: 564px; --smush-placeholder-aspect-ratio: 564\/715;\" \/><\/figure><div class=\"wp-block-media-text__content\">\n<p>Piel de seda<br>Ojos de trazo fino<br>Pesta\u00f1as de abanico<br>Y labios que so\u00f1\u00f3 un artista<br>Piel de n\u00e1car marfile\u00f1o<br>Suave al tacto,<br>Completo a la caricia<br>Y su cuerpo<br>Esculpido por los dioses<br>Sin desapego<br>Piernas largas<br>Duros pechos<br>Peque\u00f1os<br>Montaraces<br>Casi con punta y filo<br>Listos para lamerlos<br>Curvas sobre curvas,<br>Y en las curvas labios peque\u00f1os<br>Mariposa roja de abiertas alas<br>Dibujadas entre columnas<br>De muslos prietos<br>Recogidos en s\u00ed mismos,<br>Encogidos, asustados<br>Al final abiertos<br>Asombrados<br>Belleza extra\u00f1a<br>Pero belleza siempre,<br>Piel de porcelana<br>Ojos rasgados.<\/p>\n<\/div><\/div>\n","protected":false},"excerpt":{"rendered":"<p>Piel de sedaOjos de trazo finoPesta\u00f1as de abanicoY labios que so\u00f1\u00f3 un artistaPiel de n\u00e1car marfile\u00f1oSuave al tacto,Completo a la cariciaY su cuerpoEsculpido por los diosesSin desapegoPiernas largasDuros pechosPeque\u00f1osMontaracesCasi con punta y filoListos para lamerlosCurvas sobre curvas,Y en las curvas labios peque\u00f1osMariposa roja de abiertas alasDibujadas entre columnasDe muslos prietosRecogidos en s\u00ed mismos,Encogidos, asustadosAl final &hellip; <\/p>\n<p class=\"link-more\"><a href=\"https:\/\/pedrocasiano.es\/?page_id=4035\" class=\"more-link\">Leer m\u00e1s<span class=\"screen-reader-text\"> \u00abPiel de Seda\u00bb<\/span><\/a><\/p>\n","protected":false},"author":1,"featured_media":0,"parent":0,"menu_order":0,"comment_status":"closed","ping_status":"closed","template":"","meta":{"inspiro_hide_title":false,"footnotes":""},"class_list":["post-4035","page","type-page","status-publish","hentry"],"featured_media_urls":[],"_links":{"self":[{"href":"https:\/\/pedrocasiano.es\/index.php?rest_route=\/wp\/v2\/pages\/4035","targetHints":{"allow":["GET"]}}],"collection":[{"href":"https:\/\/pedrocasiano.es\/index.php?rest_route=\/wp\/v2\/pages"}],"about":[{"href":"https:\/\/pedrocasiano.es\/index.php?rest_route=\/wp\/v2\/types\/page"}],"author":[{"embeddable":true,"href":"https:\/\/pedrocasiano.es\/index.php?rest_route=\/wp\/v2\/users\/1"}],"replies":[{"embeddable":true,"href":"https:\/\/pedrocasiano.es\/index.php?rest_route=%2Fwp%2Fv2%2Fcomments&post=4035"}],"version-history":[{"count":2,"href":"https:\/\/pedrocasiano.es\/index.php?rest_route=\/wp\/v2\/pages\/4035\/revisions"}],"predecessor-version":[{"id":6237,"href":"https:\/\/pedrocasiano.es\/index.php?rest_route=\/wp\/v2\/pages\/4035\/revisions\/6237"}],"wp:attachment":[{"href":"https:\/\/pedrocasiano.es\/index.php?rest_route=%2Fwp%2Fv2%2Fmedia&parent=4035"}],"curies":[{"name":"wp","href":"https:\/\/api.w.org\/{rel}","templated":true}]}}