{"id":4031,"date":"2024-02-23T16:04:53","date_gmt":"2024-02-23T16:04:53","guid":{"rendered":"https:\/\/pedrocasiano.es\/?page_id=4031"},"modified":"2024-02-23T16:06:29","modified_gmt":"2024-02-23T16:06:29","slug":"una-leyenda-de-san-andres","status":"publish","type":"page","link":"https:\/\/pedrocasiano.es\/?page_id=4031","title":{"rendered":"Una Leyenda de San Andr\u00e9s"},"content":{"rendered":"\n<div class=\"wp-block-media-text is-stacked-on-mobile is-vertically-aligned-top\" style=\"grid-template-columns:15% auto\"><figure class=\"wp-block-media-text__media\"><img decoding=\"async\" width=\"100\" height=\"150\" data-src=\"https:\/\/pedrocasiano.es\/wp-content\/uploads\/2024\/02\/una-leyenda-de-san.jpg\" alt=\"\" class=\"wp-image-4032 size-full lazyload\" src=\"data:image\/svg+xml;base64,PHN2ZyB3aWR0aD0iMSIgaGVpZ2h0PSIxIiB4bWxucz0iaHR0cDovL3d3dy53My5vcmcvMjAwMC9zdmciPjwvc3ZnPg==\" style=\"--smush-placeholder-width: 100px; --smush-placeholder-aspect-ratio: 100\/150;\" \/><\/figure><div class=\"wp-block-media-text__content\">\n<p>Delante de la puerta principal de San Andr\u00e9s hab\u00eda dos columnas clavadas en el suelo, de bastante elevaci\u00f3n, una de ellas de rara forma y con un pedazo roto, permaneciendo all\u00ed hasta 1823 que las quit\u00f3 el concejal encargado del ornato D. Manuel Diaz. Aun existe en la fachada de la casa n\u00famero 49 [53] de la calle de San Pablo, una garra de Le\u00f3n que coloc\u00f3 en aquel sitio el anticuario Agust\u00edn de la Oliva, sobrino de Fern\u00e1n P\u00e9rez de Oliva, habitante en aquella, donde reuni\u00f3 muchos objetos arqueol\u00f3gicos, algunos de bastante importancia. Vulgarmente se dice que una mujer rob\u00f3 un pan en la plaza del Salvador, y\u00e9ndose \u00e1 seguida \u00e1 misa \u00e1 San Andr\u00e9s, como si su conciencia estuviese tranquila, y que al salir de la iglesia lleg\u00f3 un alguacil \u00e1 prenderla; entonces, no solo jur\u00f3 que lo hab\u00eda comprado, sino que gritaba diciendo, ojal\u00e1 hubiera permitido Dios que se volviera piedra antes de ser insultada de aquel modo: las palabras fueron vengadas, volvi\u00e9ndose el marmolillo al que faltaba el pedazo, porque el brazo con el pan qued\u00f3 suelto y fue recogido y puesto en aquel lugar para escarmiento de los que se daban \u00e1 los hurtos. Esta es la rid\u00edcula y extravagante tradici\u00f3n que algunos ancianos cuentan como un castigo del Cielo.<\/p>\n<\/div><\/div>\n","protected":false},"excerpt":{"rendered":"<p>Delante de la puerta principal de San Andr\u00e9s hab\u00eda dos columnas clavadas en el suelo, de bastante elevaci\u00f3n, una de ellas de rara forma y con un pedazo roto, permaneciendo all\u00ed hasta 1823 que las quit\u00f3 el concejal encargado del ornato D. Manuel Diaz. Aun existe en la fachada de la casa n\u00famero 49 [53] &hellip; <\/p>\n<p class=\"link-more\"><a href=\"https:\/\/pedrocasiano.es\/?page_id=4031\" class=\"more-link\">Leer m\u00e1s<span class=\"screen-reader-text\"> \u00abUna Leyenda de San Andr\u00e9s\u00bb<\/span><\/a><\/p>\n","protected":false},"author":1,"featured_media":0,"parent":0,"menu_order":0,"comment_status":"closed","ping_status":"closed","template":"","meta":{"inspiro_hide_title":false,"footnotes":""},"class_list":["post-4031","page","type-page","status-publish","hentry"],"featured_media_urls":[],"_links":{"self":[{"href":"https:\/\/pedrocasiano.es\/index.php?rest_route=\/wp\/v2\/pages\/4031","targetHints":{"allow":["GET"]}}],"collection":[{"href":"https:\/\/pedrocasiano.es\/index.php?rest_route=\/wp\/v2\/pages"}],"about":[{"href":"https:\/\/pedrocasiano.es\/index.php?rest_route=\/wp\/v2\/types\/page"}],"author":[{"embeddable":true,"href":"https:\/\/pedrocasiano.es\/index.php?rest_route=\/wp\/v2\/users\/1"}],"replies":[{"embeddable":true,"href":"https:\/\/pedrocasiano.es\/index.php?rest_route=%2Fwp%2Fv2%2Fcomments&post=4031"}],"version-history":[{"count":2,"href":"https:\/\/pedrocasiano.es\/index.php?rest_route=\/wp\/v2\/pages\/4031\/revisions"}],"predecessor-version":[{"id":4034,"href":"https:\/\/pedrocasiano.es\/index.php?rest_route=\/wp\/v2\/pages\/4031\/revisions\/4034"}],"wp:attachment":[{"href":"https:\/\/pedrocasiano.es\/index.php?rest_route=%2Fwp%2Fv2%2Fmedia&parent=4031"}],"curies":[{"name":"wp","href":"https:\/\/api.w.org\/{rel}","templated":true}]}}