{"id":4028,"date":"2024-02-23T16:02:59","date_gmt":"2024-02-23T16:02:59","guid":{"rendered":"https:\/\/pedrocasiano.es\/?page_id=4028"},"modified":"2024-04-02T04:27:21","modified_gmt":"2024-04-02T04:27:21","slug":"el-cafe-de-la-juliana","status":"publish","type":"page","link":"https:\/\/pedrocasiano.es\/?page_id=4028","title":{"rendered":"El Caf\u00e9 de la Juliana"},"content":{"rendered":"\n<p>El Caf\u00e9 de la Juliana y La Historia de Diego Ben\u00edtez Rav\u00e9, un Cordob\u00e9s de los de Antes.<\/p>\n\n\n\n<figure class=\"wp-block-image alignleft size-full is-resized\"><img decoding=\"async\" width=\"640\" height=\"480\" data-src=\"https:\/\/pedrocasiano.es\/wp-content\/uploads\/2024\/04\/antique-1542845peque.jpg\" alt=\"\" class=\"wp-image-6367 lazyload\" style=\"--smush-placeholder-width: 640px; --smush-placeholder-aspect-ratio: 640\/480;width:476px;height:auto\" src=\"data:image\/svg+xml;base64,PHN2ZyB3aWR0aD0iMSIgaGVpZ2h0PSIxIiB4bWxucz0iaHR0cDovL3d3dy53My5vcmcvMjAwMC9zdmciPjwvc3ZnPg==\" \/><\/figure>\n\n\n\n<p>En la calle Almonas, cerca del n\u00famero 19, exist\u00eda el primer caf\u00e9 que se conoci\u00f3 en Cordoba y al cual dec\u00edan de la Juliana, nombre tambi\u00e9n de su due\u00f1a, quien se afanaba por complacer a los pocos parroquianos que entonces ten\u00edan estos establecimientos. En este lugar creemos oportuno hacer menci\u00f3n de un hecho ocurrido en 1805 y que caus\u00f3 gran sensaci\u00f3n en todos los cordobeses. Encontr\u00e1base en esta ciudad de guarnici\u00f3n y acuartelado en el de la Piedra Azul, calle de Santa Mar\u00eda de Gracia, y ya descrito, el batall\u00f3n de infanter\u00eda ligera de Barbastro, cuya oficialidad en gran n\u00famero concurr\u00eda al caf\u00e9 de la Juliana, donde se establec\u00eda la banca entre ellos y muchos paisanos tambi\u00e9n aficionados al juego: entre estos se contaba D. Diego Benitez Rav\u00e9, Di\u00e1cono y morador en la casa testero de la barrera que hay en la plazuela de los Sousas \u00e1 la mediaci\u00f3n de la calle de Almonas, quien, poni\u00e9ndose una noche a tallar gan\u00f3 el dinero de los oficiales, que empezaron \u00e1 murmurar de \u00e9l, intentando obligarle \u00e1 devolver su ganancia; la intervenci\u00f3n de la Juliana y otras personas aquiet\u00f3, al parecer, los \u00e1nimos; mas cuando Rav\u00e9 sali\u00f3 \u00e1 la calle, se vio rodeado de aquellos, exigiendo lo que antes insinuaron y que ahora lo pretend\u00edan de grado \u00f3 por fuerza, llevando la palabra el capit\u00e1n D. Jos\u00e9 Cabero; contest\u00f3les el primero, que \u00e9l ni acced\u00eda \u00e1 su demanda ni se dejaba atropellar impunemente; no bastaron estas palabras, y acometi\u00e9ndole con las espadas en la mano, le obligaron \u00e1 sacar dos pistolas, y disparando una, dej\u00f3 muerto al espresado capit\u00e1n; esto produjo en los otros el sobresalto consiguiente, del que se aprovech\u00f3, echando a correr por la calle de Fernando Colon y Traves\u00eda de Tundidores \u00e1 la de Carretera, donde hizo frente otra vez con sus pistolas \u00e1 dos oficiales que le iban al alcance, y que al verlo prepararse lo dejaron ir. Lleg\u00f3 a su casa, mud\u00f3 su traje por el de caza, y tomando la escopeta sali\u00f3se otra vez, sin reparar que tras \u00e9l se iba un perro que sol\u00eda acompa\u00f1arlo al campo: march\u00f3se \u00e1 una casa cerca de la puerta del Osario, pues no podia abandonar la ciudad por estar las puertas cerradas; mas no crey\u00e9ndose all\u00ed seguro, pues siendo la vivienda de un pariente suyo era f\u00e1cil fueran \u00e1 buscarlo, se ech\u00f3 por la muralla al campo, \u00e1 donde se tir\u00f3 tras \u00e9l aquel perro, que parec\u00eda como ansiar ser compa\u00f1ero de su amo en aquellos momentos de infortunio. Entre tanto, el batall\u00f3n de Barbastro dividido en patrullas, buscaba ansioso al matador del capit\u00e1n Cabero, y una de ellas, creyendo que se dirijiria a Villafranca \u00f3 al Carpi\u00f3, sali\u00f3 por la puerta Nueva al mismo tiempo que Rav\u00e9 llegaba \u00e1 San Juan de Dios, y que al sentirla se meti\u00f3 en la alcantarilla que tiene el arrecife frente \u00e1 la posada de San Ant\u00f3n, donde estuvo mientras pasaron, con su escopeta preparada en una mano, sujetando con la otra el hocico al perro, que al ruido pretend\u00eda ladrar \u00e1 sus perseguidores: pasados estos, aprovech\u00f3 la circunstancia de hallarse abierto un postigo de la puerta Nueva y se entr\u00f3 en C\u00f3rdoba, permaneciendo oculto unos dias hasta que pudo marcharse. Con el tiempo concluy\u00f3 la causa, de que qued\u00f3 libre despu\u00e9s de muchos a\u00f1os de persecuciones, estableci\u00e9ndose en la casa n\u00famero 85 de la calle de Don Rodrigo, conservando tal antipat\u00eda a los militares, que por no tener alojados hundi\u00f3 toda aquella, dejando una sola habitaci\u00f3n, en la que moraba.<\/p>\n","protected":false},"excerpt":{"rendered":"<p>El Caf\u00e9 de la Juliana y La Historia de Diego Ben\u00edtez Rav\u00e9, un Cordob\u00e9s de los de Antes. En la calle Almonas, cerca del n\u00famero 19, exist\u00eda el primer caf\u00e9 que se conoci\u00f3 en Cordoba y al cual dec\u00edan de la Juliana, nombre tambi\u00e9n de su due\u00f1a, quien se afanaba por complacer a los pocos &hellip; <\/p>\n<p class=\"link-more\"><a href=\"https:\/\/pedrocasiano.es\/?page_id=4028\" class=\"more-link\">Leer m\u00e1s<span class=\"screen-reader-text\"> \u00abEl Caf\u00e9 de la Juliana\u00bb<\/span><\/a><\/p>\n","protected":false},"author":1,"featured_media":0,"parent":0,"menu_order":0,"comment_status":"closed","ping_status":"closed","template":"","meta":{"inspiro_hide_title":false,"footnotes":""},"class_list":["post-4028","page","type-page","status-publish","hentry"],"featured_media_urls":[],"_links":{"self":[{"href":"https:\/\/pedrocasiano.es\/index.php?rest_route=\/wp\/v2\/pages\/4028","targetHints":{"allow":["GET"]}}],"collection":[{"href":"https:\/\/pedrocasiano.es\/index.php?rest_route=\/wp\/v2\/pages"}],"about":[{"href":"https:\/\/pedrocasiano.es\/index.php?rest_route=\/wp\/v2\/types\/page"}],"author":[{"embeddable":true,"href":"https:\/\/pedrocasiano.es\/index.php?rest_route=\/wp\/v2\/users\/1"}],"replies":[{"embeddable":true,"href":"https:\/\/pedrocasiano.es\/index.php?rest_route=%2Fwp%2Fv2%2Fcomments&post=4028"}],"version-history":[{"count":3,"href":"https:\/\/pedrocasiano.es\/index.php?rest_route=\/wp\/v2\/pages\/4028\/revisions"}],"predecessor-version":[{"id":6369,"href":"https:\/\/pedrocasiano.es\/index.php?rest_route=\/wp\/v2\/pages\/4028\/revisions\/6369"}],"wp:attachment":[{"href":"https:\/\/pedrocasiano.es\/index.php?rest_route=%2Fwp%2Fv2%2Fmedia&parent=4028"}],"curies":[{"name":"wp","href":"https:\/\/api.w.org\/{rel}","templated":true}]}}