{"id":4013,"date":"2024-02-23T15:44:31","date_gmt":"2024-02-23T15:44:31","guid":{"rendered":"https:\/\/pedrocasiano.es\/?page_id=4013"},"modified":"2024-02-23T15:44:32","modified_gmt":"2024-02-23T15:44:32","slug":"el-cabito-y-la-coba","status":"publish","type":"page","link":"https:\/\/pedrocasiano.es\/?page_id=4013","title":{"rendered":"El Cabito y la Coba"},"content":{"rendered":"\n<div class=\"wp-block-media-text is-stacked-on-mobile is-vertically-aligned-top\" style=\"grid-template-columns:31% auto\"><figure class=\"wp-block-media-text__media\"><img decoding=\"async\" width=\"1024\" height=\"896\" data-src=\"https:\/\/pedrocasiano.es\/wp-content\/uploads\/2024\/02\/pocket-knife-1491055_1280-1024x896.jpg\" alt=\"\" class=\"wp-image-4014 size-full lazyload\" src=\"data:image\/svg+xml;base64,PHN2ZyB3aWR0aD0iMSIgaGVpZ2h0PSIxIiB4bWxucz0iaHR0cDovL3d3dy53My5vcmcvMjAwMC9zdmciPjwvc3ZnPg==\" style=\"--smush-placeholder-width: 1024px; --smush-placeholder-aspect-ratio: 1024\/896;\" \/><\/figure><div class=\"wp-block-media-text__content\">\n<p>En el a\u00f1o de 1853 viv\u00edan en C\u00f3rdoba dos mozos de esos que adquieren fama de valientes, y que no hay reyerta ni cuesti\u00f3n donde no se encuentren: eran conocidos por el Cabito y la Coba, y mediaba entre ellos una rivalidad que los hab\u00eda enemistado de un modo irreconciliable: una noche lleg\u00f3 uno de ellos \u00e1 la taberna que hay frente \u00e1 esta calle y era conocida por la del Postiguillo; puso una peseta sobre el mostrador, pidiendo un vaso de vino, cuando acert\u00f3 \u00e1 entrar el otro, no tardando en armar la cuesti\u00f3n de siempre, en que se dijo mediaban unas mujeres de vida licenciosa, y bien pronto salieron desafiados \u00e1 la calle; mas el Coba, que era cojo, asi\u00f3 al Cabito de una mano, empezando ambos \u00e1 darse pu\u00f1aladas hasta el n\u00famero de siete cada uno; el segundo, que ten\u00eda todas las heridas en el centro del cuerpo, qued\u00f3 muerto delante de la casa n\u00fam. 3, y el otro, casi espirando, pues no lleg\u00f3 vivo al hospital, en la puerta de la n\u00fam. 1; la casualidad de haber llovido, ten\u00eda encharcado el arroyo, resultando un horrible lago de sangre que asombraba \u00e1 cuantos lo vimos.<\/p>\n<\/div><\/div>\n","protected":false},"excerpt":{"rendered":"<p>En el a\u00f1o de 1853 viv\u00edan en C\u00f3rdoba dos mozos de esos que adquieren fama de valientes, y que no hay reyerta ni cuesti\u00f3n donde no se encuentren: eran conocidos por el Cabito y la Coba, y mediaba entre ellos una rivalidad que los hab\u00eda enemistado de un modo irreconciliable: una noche lleg\u00f3 uno de &hellip; <\/p>\n<p class=\"link-more\"><a href=\"https:\/\/pedrocasiano.es\/?page_id=4013\" class=\"more-link\">Leer m\u00e1s<span class=\"screen-reader-text\"> \u00abEl Cabito y la Coba\u00bb<\/span><\/a><\/p>\n","protected":false},"author":1,"featured_media":0,"parent":0,"menu_order":0,"comment_status":"closed","ping_status":"closed","template":"","meta":{"inspiro_hide_title":false,"footnotes":""},"class_list":["post-4013","page","type-page","status-publish","hentry"],"featured_media_urls":[],"_links":{"self":[{"href":"https:\/\/pedrocasiano.es\/index.php?rest_route=\/wp\/v2\/pages\/4013","targetHints":{"allow":["GET"]}}],"collection":[{"href":"https:\/\/pedrocasiano.es\/index.php?rest_route=\/wp\/v2\/pages"}],"about":[{"href":"https:\/\/pedrocasiano.es\/index.php?rest_route=\/wp\/v2\/types\/page"}],"author":[{"embeddable":true,"href":"https:\/\/pedrocasiano.es\/index.php?rest_route=\/wp\/v2\/users\/1"}],"replies":[{"embeddable":true,"href":"https:\/\/pedrocasiano.es\/index.php?rest_route=%2Fwp%2Fv2%2Fcomments&post=4013"}],"version-history":[{"count":1,"href":"https:\/\/pedrocasiano.es\/index.php?rest_route=\/wp\/v2\/pages\/4013\/revisions"}],"predecessor-version":[{"id":4015,"href":"https:\/\/pedrocasiano.es\/index.php?rest_route=\/wp\/v2\/pages\/4013\/revisions\/4015"}],"wp:attachment":[{"href":"https:\/\/pedrocasiano.es\/index.php?rest_route=%2Fwp%2Fv2%2Fmedia&parent=4013"}],"curies":[{"name":"wp","href":"https:\/\/api.w.org\/{rel}","templated":true}]}}