{"id":4009,"date":"2024-02-23T15:41:42","date_gmt":"2024-02-23T15:41:42","guid":{"rendered":"https:\/\/pedrocasiano.es\/?page_id=4009"},"modified":"2024-02-23T15:41:43","modified_gmt":"2024-02-23T15:41:43","slug":"el-ahorcado-de-la-calle-infantas","status":"publish","type":"page","link":"https:\/\/pedrocasiano.es\/?page_id=4009","title":{"rendered":"El Ahorcado de la Calle Infantas"},"content":{"rendered":"\n<div class=\"wp-block-media-text is-stacked-on-mobile is-vertically-aligned-top\" style=\"grid-template-columns:26% auto\"><figure class=\"wp-block-media-text__media\"><img decoding=\"async\" width=\"1024\" height=\"720\" data-src=\"https:\/\/pedrocasiano.es\/wp-content\/uploads\/2024\/02\/halloween-6749878_1280-1024x720.jpg\" alt=\"\" class=\"wp-image-4011 size-full lazyload\" src=\"data:image\/svg+xml;base64,PHN2ZyB3aWR0aD0iMSIgaGVpZ2h0PSIxIiB4bWxucz0iaHR0cDovL3d3dy53My5vcmcvMjAwMC9zdmciPjwvc3ZnPg==\" style=\"--smush-placeholder-width: 1024px; --smush-placeholder-aspect-ratio: 1024\/720;\" \/><\/figure><div class=\"wp-block-media-text__content\">\n<p>Moraba en esta calle el escribano D. Rafael V\u00e1zquez de la Torre.<br>Dicho se\u00f1or ten\u00eda en su casa un ama de cr\u00eda; \u00e9sta manten\u00eda relaciones amorosas con un joven que le hablaba por espresada reja, y sin que sepamos el motivo, cortaron de pronto sus relaciones, quedando ambos en libertad de hacer su gusto; mas el joven form\u00f3 empe\u00f1o en reanudar aquellas, yendo casi todas las noches \u00e1 ver si consegu\u00eda aplacar la c\u00f3lera de su amada: al fin logr\u00f3 que bajara \u00e1 oir sus ruegos, y viendo que nada alcanzaba, le dijo que aquella misma noche pondr\u00eda fin \u00e1 su existencia si continuaba desoy\u00e9ndolo; tom\u00f3lo \u00e1 bromas de novios y entr\u00f3se sin hacerle el menor caso: dos horas despu\u00e9s, el Sr. V\u00e1zquez baj\u00f3 con una luz en la mano \u00e1 cerrar la puerta de la calle; mas al pasar frente \u00e1 la reja vio una cara de hombre; pregunt\u00f3le qu\u00e9 esperaba, y notando que no le respond\u00eda, se acerc\u00f3 con el belon, volviendo horrorizado y dando gritos, los que repiti\u00f3 por el balc\u00f3n; entonces acudi\u00f3 gente, encontr\u00e1ndose con que el novio de la nodriza se hab\u00eda ahorcado de la reja con una faja negra de seda que llevaba \u00e1 la cintura: nosotros fuimos de los primeros en llegar, llam\u00e1ndonos la atenci\u00f3n ver que aquel hombre hab\u00eda tenido que doblar ambas piernas por las rodillas para consumar su intento, toda vez que el lazo no estaba ni \u00e1 dos varas de altura, circunstancia que hizo \u00e1 muchos presumir si el crimen se habr\u00eda perpetrado en otro lugar, trayendo el cad\u00e1ver para desorientar al Juzgado; pero la declaraci\u00f3n de la nodriza demostr\u00f3 ser un suicidio.<\/p>\n<\/div><\/div>\n","protected":false},"excerpt":{"rendered":"<p>Moraba en esta calle el escribano D. Rafael V\u00e1zquez de la Torre.Dicho se\u00f1or ten\u00eda en su casa un ama de cr\u00eda; \u00e9sta manten\u00eda relaciones amorosas con un joven que le hablaba por espresada reja, y sin que sepamos el motivo, cortaron de pronto sus relaciones, quedando ambos en libertad de hacer su gusto; mas el &hellip; <\/p>\n<p class=\"link-more\"><a href=\"https:\/\/pedrocasiano.es\/?page_id=4009\" class=\"more-link\">Leer m\u00e1s<span class=\"screen-reader-text\"> \u00abEl Ahorcado de la Calle Infantas\u00bb<\/span><\/a><\/p>\n","protected":false},"author":1,"featured_media":0,"parent":0,"menu_order":0,"comment_status":"closed","ping_status":"closed","template":"","meta":{"inspiro_hide_title":false,"footnotes":""},"class_list":["post-4009","page","type-page","status-publish","hentry"],"featured_media_urls":[],"_links":{"self":[{"href":"https:\/\/pedrocasiano.es\/index.php?rest_route=\/wp\/v2\/pages\/4009","targetHints":{"allow":["GET"]}}],"collection":[{"href":"https:\/\/pedrocasiano.es\/index.php?rest_route=\/wp\/v2\/pages"}],"about":[{"href":"https:\/\/pedrocasiano.es\/index.php?rest_route=\/wp\/v2\/types\/page"}],"author":[{"embeddable":true,"href":"https:\/\/pedrocasiano.es\/index.php?rest_route=\/wp\/v2\/users\/1"}],"replies":[{"embeddable":true,"href":"https:\/\/pedrocasiano.es\/index.php?rest_route=%2Fwp%2Fv2%2Fcomments&post=4009"}],"version-history":[{"count":1,"href":"https:\/\/pedrocasiano.es\/index.php?rest_route=\/wp\/v2\/pages\/4009\/revisions"}],"predecessor-version":[{"id":4012,"href":"https:\/\/pedrocasiano.es\/index.php?rest_route=\/wp\/v2\/pages\/4009\/revisions\/4012"}],"wp:attachment":[{"href":"https:\/\/pedrocasiano.es\/index.php?rest_route=%2Fwp%2Fv2%2Fmedia&parent=4009"}],"curies":[{"name":"wp","href":"https:\/\/api.w.org\/{rel}","templated":true}]}}