{"id":4006,"date":"2024-02-23T15:37:57","date_gmt":"2024-02-23T15:37:57","guid":{"rendered":"https:\/\/pedrocasiano.es\/?page_id=4006"},"modified":"2024-02-23T15:37:58","modified_gmt":"2024-02-23T15:37:58","slug":"la-chuleria-del-vizconde-de-miranda","status":"publish","type":"page","link":"https:\/\/pedrocasiano.es\/?page_id=4006","title":{"rendered":"La \u201cChuler\u00eda\u201d del Vizconde de Miranda"},"content":{"rendered":"\n<div class=\"wp-block-media-text is-stacked-on-mobile is-vertically-aligned-top\" style=\"grid-template-columns:34% auto\"><figure class=\"wp-block-media-text__media\"><img decoding=\"async\" width=\"1024\" height=\"853\" data-src=\"https:\/\/pedrocasiano.es\/wp-content\/uploads\/2024\/02\/bull-5079005_1280-1024x853.jpg\" alt=\"\" class=\"wp-image-4007 size-full lazyload\" src=\"data:image\/svg+xml;base64,PHN2ZyB3aWR0aD0iMSIgaGVpZ2h0PSIxIiB4bWxucz0iaHR0cDovL3d3dy53My5vcmcvMjAwMC9zdmciPjwvc3ZnPg==\" style=\"--smush-placeholder-width: 1024px; --smush-placeholder-aspect-ratio: 1024\/853;\" \/><\/figure><div class=\"wp-block-media-text__content\">\n<p>En aquellos tiempos hab\u00eda en C\u00f3rdoba (sobre 1.830), una gran afici\u00f3n \u00e1 esta clase de espect\u00e1culos: los j\u00f3venes de la aristocracia eran los primeros en sostenerla, teniendo al frente al Vizconde de Miranda, que sol\u00eda matar en las corridas el toro que ten\u00eda a bien elegir: su protecci\u00f3n \u00e1 los toreros le grange\u00f3 un gran ascendiente entre ellos, y este lleg\u00f3 hasta el punto de poderlo considerar como el jefe de la gente del oficio; como prueba de ello citaremos un caso que refiere el expresado se\u00f1or Guzm\u00e1n. El ya citado torero Bernardo Rodr\u00edguez, en un momento de ofuscaci\u00f3n por disensiones dom\u00e9sticas, hab\u00eda intentado suicidarse, y aun cuando se evit\u00f3 esta desgracia, encontr\u00e1base sumariado y por consiguiente privado de tomar parte en las funciones: en una de ellas se encontraba en el tendido, y visto por el p\u00fablico, empez\u00f3 \u00e9ste \u00e1 pedir que pusiera banderillas: no accedi\u00f3 la autoridad; subi\u00f3 el Vizconde \u00e1 pedirlo, y con buenos modos le contest\u00f3 que no pod\u00eda ser; pero \u00e9l, indignado, baj\u00f3 y ech\u00e1ndose de pechos delante de la puerta del chiquero, imped\u00eda abrirla, dando lugar \u00e1 que el pueblo se alborotase mas, promovi\u00e9ndose un verdadero esc\u00e1ndalo: el presidente mand\u00f3 \u00e1 decir con uno de sus alguaciles que dejase el paso franco; \u00e1 lo que, montando en c\u00f3lera, le dijo, que no quer\u00eda y que tuviese entendido que un Vizconde de Miranda no se improvisaba, pero que un Corregidor se hac\u00eda de un troncho de col: \u00e1 esto efectivamente deb\u00eda asemejarse el presidente cuando, lejos de hacerse obedecer, hizo lo que aquel quiso, calm\u00e1ndose as\u00ed el tumulto.<\/p>\n<\/div><\/div>\n","protected":false},"excerpt":{"rendered":"<p>En aquellos tiempos hab\u00eda en C\u00f3rdoba (sobre 1.830), una gran afici\u00f3n \u00e1 esta clase de espect\u00e1culos: los j\u00f3venes de la aristocracia eran los primeros en sostenerla, teniendo al frente al Vizconde de Miranda, que sol\u00eda matar en las corridas el toro que ten\u00eda a bien elegir: su protecci\u00f3n \u00e1 los toreros le grange\u00f3 un gran &hellip; <\/p>\n<p class=\"link-more\"><a href=\"https:\/\/pedrocasiano.es\/?page_id=4006\" class=\"more-link\">Leer m\u00e1s<span class=\"screen-reader-text\"> \u00abLa \u201cChuler\u00eda\u201d del Vizconde de Miranda\u00bb<\/span><\/a><\/p>\n","protected":false},"author":1,"featured_media":0,"parent":0,"menu_order":0,"comment_status":"closed","ping_status":"closed","template":"","meta":{"inspiro_hide_title":false,"footnotes":""},"class_list":["post-4006","page","type-page","status-publish","hentry"],"featured_media_urls":[],"_links":{"self":[{"href":"https:\/\/pedrocasiano.es\/index.php?rest_route=\/wp\/v2\/pages\/4006","targetHints":{"allow":["GET"]}}],"collection":[{"href":"https:\/\/pedrocasiano.es\/index.php?rest_route=\/wp\/v2\/pages"}],"about":[{"href":"https:\/\/pedrocasiano.es\/index.php?rest_route=\/wp\/v2\/types\/page"}],"author":[{"embeddable":true,"href":"https:\/\/pedrocasiano.es\/index.php?rest_route=\/wp\/v2\/users\/1"}],"replies":[{"embeddable":true,"href":"https:\/\/pedrocasiano.es\/index.php?rest_route=%2Fwp%2Fv2%2Fcomments&post=4006"}],"version-history":[{"count":1,"href":"https:\/\/pedrocasiano.es\/index.php?rest_route=\/wp\/v2\/pages\/4006\/revisions"}],"predecessor-version":[{"id":4008,"href":"https:\/\/pedrocasiano.es\/index.php?rest_route=\/wp\/v2\/pages\/4006\/revisions\/4008"}],"wp:attachment":[{"href":"https:\/\/pedrocasiano.es\/index.php?rest_route=%2Fwp%2Fv2%2Fmedia&parent=4006"}],"curies":[{"name":"wp","href":"https:\/\/api.w.org\/{rel}","templated":true}]}}