{"id":4003,"date":"2024-02-23T15:30:24","date_gmt":"2024-02-23T15:30:24","guid":{"rendered":"https:\/\/pedrocasiano.es\/?page_id=4003"},"modified":"2024-02-23T15:30:25","modified_gmt":"2024-02-23T15:30:25","slug":"la-viuda-fantasma","status":"publish","type":"page","link":"https:\/\/pedrocasiano.es\/?page_id=4003","title":{"rendered":"La Viuda Fantasma"},"content":{"rendered":"\n<div class=\"wp-block-media-text is-stacked-on-mobile is-vertically-aligned-top\" style=\"grid-template-columns:35% auto\"><figure class=\"wp-block-media-text__media\"><img decoding=\"async\" width=\"1024\" height=\"960\" data-src=\"https:\/\/pedrocasiano.es\/wp-content\/uploads\/2024\/02\/ai-generated-8579695_1280-1024x960.jpg\" alt=\"\" class=\"wp-image-4004 size-full lazyload\" src=\"data:image\/svg+xml;base64,PHN2ZyB3aWR0aD0iMSIgaGVpZ2h0PSIxIiB4bWxucz0iaHR0cDovL3d3dy53My5vcmcvMjAwMC9zdmciPjwvc3ZnPg==\" style=\"--smush-placeholder-width: 1024px; --smush-placeholder-aspect-ratio: 1024\/960;\" \/><\/figure><div class=\"wp-block-media-text__content\">\n<p>Moraba en C\u00f3rdoba un joven llamado D. Fernando de C\u00e1rcamo, rico y tan ilustre como su apellido demuestra; mas no guardaba armon\u00eda con su nobleza la conducta seguida por el mozo en uni\u00f3n de otros de su edad y tan calaveras, como en el dia se les dice: las noches, principalmente, eran dedicadas \u00e1 sus empresas amorosas \u00f3 \u00e1 las b\u00e1quicas org\u00edas, que en mas de una ocasi\u00f3n le hicieron andar \u00e1 cintarazos con gentes de las mismas costumbres y conducta, llegando \u00e1 ser temido hasta el nombre de D. Fernando. Cierta noche sali\u00f3 \u00e1 buscar \u00e1 sus amigos y compa\u00f1eros, y no encontr\u00e1ndolos en los puntos en que sol\u00edan reunirse, lleg\u00f3 \u00e1 la Puerta del Osario, advirtiendo que entre una de sus hojas y el muro hab\u00eda un gran agujero; sali\u00f3se por \u00e9l al campo, y sea que embriagado qued\u00f3se dormido \u00f3 que su conciencia lo abrumara con crueles remordimientos, ello es que al amanecer se present\u00f3 en el convento de la Arrizafa pidiendo con l\u00e1grimas de verdadero arrepentimiento que le diesen el h\u00e1bito en aquel santo asilo, porque aquella noche le hab\u00eda mostrado Dios el castigo que merec\u00eda por sus muchas liviandades: entonces refiri\u00f3 que, al llegar la noche anterior cerca del convento de la Merced, oy\u00f3 unos lamentos de mujer que se quejaba de la desgracia que sufr\u00eda \u00e9 imploraba socorro con gran desconsuelo: deseoso de prestarlo, quiso saltar la tapia, mas viendo que no pod\u00eda, vali\u00f3se de su daga, con la que hizo unos puntos de apoyo, logrando de este modo su intento: aquellos lamentos sal\u00edan de uno de los tejares, al qu\u00e9 pudo llegar andando algunos tejados y paredillas; ya en el lugar de la desgracia, penetr\u00f3 en cierta habitaci\u00f3n escasamente alumbrada, donde encontr\u00f3 una mujer que estaba amortajando \u00e1 un cad\u00e1ver: por ella supo que era su marido, el cual acababa de espirar sin amparo alguno, puesto que ella, adem\u00e1s de estar sola, se aturdi\u00f3 de tal modo que no acertaba ni lo que se hac\u00eda. Condolido D. Fernando ante aquel cuadro de dolor, la ayud\u00f3 \u00e1 sacar el cad\u00e1ver al patio y la aconsej\u00f3 fuese \u00e1 la parroquia de San Miguel \u00e1 dar aviso, que \u00e9l entretanto se quedar\u00eda guardando \u00e1 su marido; acogi\u00f3 la mujer la idea y sali\u00f3 del corral, quedando D. Fernando sentado en un banquillo; mas \u00e1 poco vio levantarse el muerto \u00e9 irse para \u00e9l en ademan hostil, trab\u00e1ndose entre ambos una desesperada y silenciosa lucha en que el joven llevaba la peor parte, puesto que lleg\u00f3 \u00e1 sentirse medio asfixiado por la mano que lo ten\u00eda agarrado por el cuello sin dejarle valerse de la daga que llevaba \u00e1 la cintura: de pronto lo dej\u00f3, qued\u00e1ndose otra vez tendido, al tiempo que lleg\u00f3 la mujer con un cura y un m\u00e9dico, qui\u00e9nes testificaron que aquel hombre estaba realmente muerto; despidi\u00f3se D. Fernando cortesmente de todos, guardando silencio sobre lo ocurrido, y emprendi\u00f3 su marcha al convento, como antes dijimos. Fr. Fernando de C\u00e1rcamo fu\u00e9 uno de los religiosos que mas han engrandecido aquel convento, donde muri\u00f3 en buena opini\u00f3n, acudiendo un gran n\u00famero de personas \u00e1 recoger como reliquias alg\u00fan objeto que le hubiese pertenecido \u00f3 \u00e1 tocar los rosarios en su santo cuerpo.<\/p>\n<\/div><\/div>\n","protected":false},"excerpt":{"rendered":"<p>Moraba en C\u00f3rdoba un joven llamado D. Fernando de C\u00e1rcamo, rico y tan ilustre como su apellido demuestra; mas no guardaba armon\u00eda con su nobleza la conducta seguida por el mozo en uni\u00f3n de otros de su edad y tan calaveras, como en el dia se les dice: las noches, principalmente, eran dedicadas \u00e1 sus &hellip; <\/p>\n<p class=\"link-more\"><a href=\"https:\/\/pedrocasiano.es\/?page_id=4003\" class=\"more-link\">Leer m\u00e1s<span class=\"screen-reader-text\"> \u00abLa Viuda Fantasma\u00bb<\/span><\/a><\/p>\n","protected":false},"author":1,"featured_media":0,"parent":0,"menu_order":0,"comment_status":"closed","ping_status":"closed","template":"","meta":{"inspiro_hide_title":false,"footnotes":""},"class_list":["post-4003","page","type-page","status-publish","hentry"],"featured_media_urls":[],"_links":{"self":[{"href":"https:\/\/pedrocasiano.es\/index.php?rest_route=\/wp\/v2\/pages\/4003","targetHints":{"allow":["GET"]}}],"collection":[{"href":"https:\/\/pedrocasiano.es\/index.php?rest_route=\/wp\/v2\/pages"}],"about":[{"href":"https:\/\/pedrocasiano.es\/index.php?rest_route=\/wp\/v2\/types\/page"}],"author":[{"embeddable":true,"href":"https:\/\/pedrocasiano.es\/index.php?rest_route=\/wp\/v2\/users\/1"}],"replies":[{"embeddable":true,"href":"https:\/\/pedrocasiano.es\/index.php?rest_route=%2Fwp%2Fv2%2Fcomments&post=4003"}],"version-history":[{"count":1,"href":"https:\/\/pedrocasiano.es\/index.php?rest_route=\/wp\/v2\/pages\/4003\/revisions"}],"predecessor-version":[{"id":4005,"href":"https:\/\/pedrocasiano.es\/index.php?rest_route=\/wp\/v2\/pages\/4003\/revisions\/4005"}],"wp:attachment":[{"href":"https:\/\/pedrocasiano.es\/index.php?rest_route=%2Fwp%2Fv2%2Fmedia&parent=4003"}],"curies":[{"name":"wp","href":"https:\/\/api.w.org\/{rel}","templated":true}]}}