{"id":3997,"date":"2024-02-23T15:25:54","date_gmt":"2024-02-23T15:25:54","guid":{"rendered":"https:\/\/pedrocasiano.es\/?page_id=3997"},"modified":"2024-02-23T15:25:55","modified_gmt":"2024-02-23T15:25:55","slug":"de-la-traicion-de-los-cordobas-a-los-cabrera","status":"publish","type":"page","link":"https:\/\/pedrocasiano.es\/?page_id=3997","title":{"rendered":"De la Traici\u00f3n de los C\u00f3rdobas a los Cabrera"},"content":{"rendered":"\n<div class=\"wp-block-media-text is-stacked-on-mobile is-vertically-aligned-top\" style=\"grid-template-columns:27% auto\"><figure class=\"wp-block-media-text__media\"><img decoding=\"async\" width=\"150\" height=\"100\" data-src=\"https:\/\/pedrocasiano.es\/wp-content\/uploads\/2024\/02\/de-la-traicion.jpg\" alt=\"\" class=\"wp-image-3998 size-full lazyload\" src=\"data:image\/svg+xml;base64,PHN2ZyB3aWR0aD0iMSIgaGVpZ2h0PSIxIiB4bWxucz0iaHR0cDovL3d3dy53My5vcmcvMjAwMC9zdmciPjwvc3ZnPg==\" style=\"--smush-placeholder-width: 150px; --smush-placeholder-aspect-ratio: 150\/100;\" \/><\/figure><div class=\"wp-block-media-text__content\">\n<p>Los nobles cordobeses, que tantas pruebas dieron de su hidalgu\u00eda y valor en muchas y arriesgadas ocasiones, pecaban \u00e1 veces por un orgullo desmedido, que los llevaba \u00e1 cometer grandes torpezas, con las que empa\u00f1aban el lustre de sus casas y familias, no encontrando quien les hiciese moderar aquellos soberbios \u00edmpetus, porque bastaba que la falta \u00f3 delito fuese cometido por un caballero, para que la vara de la Justicia se inclinase siempre \u00e1 favor del delincuente. Como hemos tenido ocasi\u00f3n de referir \u00e1 nuestros lectores, las Casas de los C\u00f3rdobas y los Cabreras eran de las mas principales, y por consiguiente, de las mas respetadas y temidas. En el a\u00f1o 1629 surgieron grandes disgustos entre D. Martin Fernandez de C\u00f3rdoba, Comendador de Mestanza en la Orden de Calatrava y D. Antonio Cabrera; sea que \u00e9ste no quisiera hab\u00e9rselas \u00e1 solas con su enemigo y pariente \u00fa otros m\u00f3viles que no conozcamos, ello es, que el segundo cit\u00f3 al primero para tener una entrevista de noche en el Campo de la Merced, donde quedar\u00edan zanjadas todas sus diferencias; no sospechando aquel de que su adversario desmentir\u00eda los timbres de su casa, acudi\u00f3 completamente solo al lugar de la cita, donde se le apareci\u00f3 el D. Antonio Cabrera acompa\u00f1ado de D. Martin Jacinto de \u00c1ngulo, del Orden de Alc\u00e1ntara, Se\u00f1or de Leanis y Veinticuatro de C\u00f3rdoba, D. Pedro de Mendoza y Figueroa, D. Antonio de Figueroa, su hermano, Juan de Anguita y otros, quienes acometieron \u00e1 D. Martin Fernandez de C\u00f3rdoba que, apesar de defenderse como un h\u00e9roe, muri\u00f3 \u00e1 manos de tanta gente reunida para asesinar \u00e1 un solo hombre; el choque de las espadas y las voces de la v\u00edctima, llam\u00f3 la atenci\u00f3n de los Mercenarios, que salieron con luces en su socorro, as\u00ed como otros vecinos, que recojieron el cad\u00e1ver sin conocer \u00e1 los agresores, que huyeron en cuanto lograron su prop\u00f3sito, cre\u00eddos en que nadie hab\u00eda penetrado su secreto. No fu\u00e9 as\u00ed; la viuda de D. Martin, D.\u00aa Mar\u00eda de C\u00f3rdoba, que sab\u00eda la cita \u00e1 que acudi\u00f3 su marido, pidi\u00f3 el justo y merecido castigo por tan horrible crimen, esperando confiada en la rectitud del Corregidor; mas, viendo el poco resultado de sus justas reclamaciones, acudi\u00f3 al Rey en demanda de un Juez Pesquizidor esclusivo para este proceso; vino entonces con tal car\u00e1cter, el Licenciado D. Antonio Vald\u00e9s, quien se dio tan buenas trazas, que logr\u00f3 descubrir y prender \u00e1 cuantos contribuyeron \u00e1 la muerte de D. Martin Fernandez de C\u00f3rdoba, sentenciando \u00e1 D. Pedro Jacinto de Angulo \u00e1 ser degollado, por resultar ser el mas culpable, y otros castigos muy severos \u00e1 cuantos lo acompa\u00f1aron, dando adem\u00e1s entre todos diez y ocho mil ducados que hab\u00eda de percibir la se\u00f1ora viuda. Entonces empezaron las s\u00faplicas y los empe\u00f1os, en que tom\u00f3 parte todo C\u00f3rdoba, y como los nobles eran casi en totalidad parientes, lograron al fin el perd\u00f3n de D.\u00aa Mar\u00eda, pact\u00e1ndose una nueva indemnizaci\u00f3n de nueve mil ducados, y que D. Pedro Antonio Angulo, hijo del sentenciado, hab\u00eda de casarse con D.\u00aa Isabel Fernandez de C\u00f3rdoba, hija tercera de la v\u00edctima, cuyo enlace no se realiz\u00f3 al fin.<\/p>\n<\/div><\/div>\n","protected":false},"excerpt":{"rendered":"<p>Los nobles cordobeses, que tantas pruebas dieron de su hidalgu\u00eda y valor en muchas y arriesgadas ocasiones, pecaban \u00e1 veces por un orgullo desmedido, que los llevaba \u00e1 cometer grandes torpezas, con las que empa\u00f1aban el lustre de sus casas y familias, no encontrando quien les hiciese moderar aquellos soberbios \u00edmpetus, porque bastaba que la &hellip; <\/p>\n<p class=\"link-more\"><a href=\"https:\/\/pedrocasiano.es\/?page_id=3997\" class=\"more-link\">Leer m\u00e1s<span class=\"screen-reader-text\"> \u00abDe la Traici\u00f3n de los C\u00f3rdobas a los Cabrera\u00bb<\/span><\/a><\/p>\n","protected":false},"author":1,"featured_media":0,"parent":0,"menu_order":0,"comment_status":"closed","ping_status":"closed","template":"","meta":{"inspiro_hide_title":false,"footnotes":""},"class_list":["post-3997","page","type-page","status-publish","hentry"],"featured_media_urls":[],"_links":{"self":[{"href":"https:\/\/pedrocasiano.es\/index.php?rest_route=\/wp\/v2\/pages\/3997","targetHints":{"allow":["GET"]}}],"collection":[{"href":"https:\/\/pedrocasiano.es\/index.php?rest_route=\/wp\/v2\/pages"}],"about":[{"href":"https:\/\/pedrocasiano.es\/index.php?rest_route=\/wp\/v2\/types\/page"}],"author":[{"embeddable":true,"href":"https:\/\/pedrocasiano.es\/index.php?rest_route=\/wp\/v2\/users\/1"}],"replies":[{"embeddable":true,"href":"https:\/\/pedrocasiano.es\/index.php?rest_route=%2Fwp%2Fv2%2Fcomments&post=3997"}],"version-history":[{"count":1,"href":"https:\/\/pedrocasiano.es\/index.php?rest_route=\/wp\/v2\/pages\/3997\/revisions"}],"predecessor-version":[{"id":3999,"href":"https:\/\/pedrocasiano.es\/index.php?rest_route=\/wp\/v2\/pages\/3997\/revisions\/3999"}],"wp:attachment":[{"href":"https:\/\/pedrocasiano.es\/index.php?rest_route=%2Fwp%2Fv2%2Fmedia&parent=3997"}],"curies":[{"name":"wp","href":"https:\/\/api.w.org\/{rel}","templated":true}]}}