{"id":3991,"date":"2024-02-23T15:21:36","date_gmt":"2024-02-23T15:21:36","guid":{"rendered":"https:\/\/pedrocasiano.es\/?page_id=3991"},"modified":"2024-02-23T15:21:36","modified_gmt":"2024-02-23T15:21:36","slug":"francisco-de-jesus","status":"publish","type":"page","link":"https:\/\/pedrocasiano.es\/?page_id=3991","title":{"rendered":"Francisco de Jes\u00fas"},"content":{"rendered":"\n<div class=\"wp-block-media-text is-stacked-on-mobile is-vertically-aligned-top\" style=\"grid-template-columns:18% auto\"><figure class=\"wp-block-media-text__media\"><img decoding=\"async\" width=\"111\" height=\"150\" data-src=\"https:\/\/pedrocasiano.es\/wp-content\/uploads\/2024\/02\/francisco-de-jesus.jpg\" alt=\"\" class=\"wp-image-3992 size-full lazyload\" src=\"data:image\/svg+xml;base64,PHN2ZyB3aWR0aD0iMSIgaGVpZ2h0PSIxIiB4bWxucz0iaHR0cDovL3d3dy53My5vcmcvMjAwMC9zdmciPjwvc3ZnPg==\" style=\"--smush-placeholder-width: 111px; --smush-placeholder-aspect-ratio: 111\/150;\" \/><\/figure><div class=\"wp-block-media-text__content\">\n<p>El hermano Francisco de Jes\u00fas, \u00e1 quien podemos dar el t\u00edtulo de fundador del Desierto de Bel\u00e9n, puesto que \u00e1 \u00e9l principalmente se debe cuanto existe en aquel ameno y religioso lugar. Naci\u00f3 este venerable en C\u00f3rdoba: hijo de Juan Rodr\u00edguez de Murga y Mar\u00eda de Torres, vecinos del barrio de San Lorenzo, en cuya parroquia lo bautizaron en 7 de Junio de 1673; muy joven aun sent\u00f3 plaza de soldado de marina, en la que sirvi\u00f3 con lealtad \u00e1 Carlos II todo el tiempo de su empe\u00f1o: cuentan sus historiadores, que estando en un combate al lado de un compa\u00f1ero \u00e1 quien quer\u00eda mucho, lo vio ser v\u00edctima de una bala de ca\u00f1\u00f3n, que, dividi\u00e9ndolo en dos partes, arroj\u00f3 una de ellas al agua, inspirando este suceso tal horror \u00e1 Francisco, que en aquel momento ofreci\u00f3, si salvaba la vida, dedicarla por entero al silicio y la penitencia. En vista de su honradez y buen comportamiento en el servicio, quisieron sus jefes que continuase en \u00e9l; mas nada bast\u00f3 \u00e1 convencerlo y, tomada su licencia, regres\u00f3 \u00e1 su patria, donde trat\u00f3 de llevar \u00e1 cabo su voto, empezando por ponerse bajo la direcci\u00f3n de su santo paisano el Beato Francisco de Posadas, quien lo mand\u00f3 \u00e1 ver al hermano Crist\u00f3val de Santa Catalina, permaneciendo con \u00e9ste hasta que la muerte le priv\u00f3 de tan ejemplar maestro; entonces es cuando Francisco se retir\u00f3 al desierto de la Albaida, que tanto le debe.<br>Creemos ocioso y aun innecesario seguir paso \u00e1 paso la vida de este venerable, hasta que la fama de su santidad lo elev\u00f3 \u00e1 la presidencia de sus compa\u00f1eros. A fines del siglo XVII se aumentaban los desmontes en la parte de la sierra que mira \u00e1 C\u00f3rdoba; sus propietarios empezaron \u00e1 formar las preciosas posesiones que tanto la embellecen en nuestros tiempos, y los ermita\u00f1os deseaban huir del trato de las gentes que iban frecuentemente \u00e1 aquellos parages; retir\u00e1ronse en direcci\u00f3n al cerro llamado de la C\u00e1rcel, hacia el Rodadero de los lobos y dem\u00e1s alrededores, y ya el hermano Francisco de Jes\u00fas concibi\u00f3 el pensamiento de reunirlos \u00e1 todos en un tramo discrecional, con iglesia propia, en que concurriesen \u00e1 los ejercicios que debieran hacer en comunidad.<br>No tard\u00f3 aquel venerable en esponer su idea y pedir licencia para realizarla al Cardenal, Obispo de C\u00f3rdoba, D. Fr. Pedro de Salazar, quien, no solo le prest\u00f3 su aprobaci\u00f3n, sino su ayuda en cuanto le fu\u00e9 posible; con tan poderoso auxilio, y sabiendo que la cumbre del espresado cerro de la C\u00e1rcel pertenec\u00eda \u00e1 la Ciudad, \u00f3 sea \u00e1 sus Propios \u00f3 Realengos, pidi\u00f3le el terreno necesario para las trece ermitas que hab\u00edan de edificarse, con la conveniente distancia entre ellas, y, concedido, en 28 de Abril de 1703 empezaron \u00e1 construir la primera, continuando las obras conforme reun\u00edan fondos, hasta 1709, en que concluyeron las trece casitas aun existentes en aquel monte; y aqu\u00ed debemos hacer constar, que el hermano Francisco, que no siempre era el Mayor, altern\u00f3 y fu\u00e9 admirablemente secundado por los ermita\u00f1os Juan Agust\u00edn de la Sant\u00edsima Trinidad, Antonio de la Concepci\u00f3n Carrasco, Manuel de San Juan Bautista y Manuel de San Jos\u00e9, que se distinguieron en el siglo XVIII.<br>En este interregno muri\u00f3 el Cardenal, y el Obispo D. Juan Bonilla, que sigui\u00f3 protegiendo \u00e1 la congregaci\u00f3n, dio permiso para labrar una peque\u00f1a capilla que, terminada, se dedic\u00f3 al culto, dici\u00e9ndose la primera misa en 11 de Julio de 1709. Los autores de quienes tomamos estas noticias, dicen que parec\u00eda providencial que en unos a\u00f1os tan calamitosos como aquellos, se reuniesen fondos para estas obras, compra de efectos para la nueva iglesia y manutenci\u00f3n de los ermita\u00f1os, y aun para seguir un pleito que una se\u00f1ora les puso sobre propiedad de parte del terreno ocupado, principiando el litigio en 11 de Julio de 1708 y concluyendo \u00e1 favor de la congregaci\u00f3n en 13 de Diciembre de 1714, distingui\u00e9ndose mucho en este asunto el hermano Manuel de San Jos\u00e9, antes anotado. Entre las limosnas figur\u00f3 una de doscientos pesos entregados por un caballero de Sevilla, de donde trajeron tambi\u00e9n el cristal que cubre el lienzo de Ntra. Se\u00f1ora, titular de aquella iglesia, que coloc\u00f3 en ella el hermano Francisco de Jes\u00fas, d\u00e1ndola el nombre de Bel\u00e9n, que lleva desde entonces el Desierto, bajo el patronato de San Antonio Abad y San Pablo, primer ermita\u00f1o.<br>Los hermanos citados, que tanto ayudaron \u00e1 nuestro nuevo fundador, murieron, y en 1718 se consideraba como solo para seguir su pensamiento; mas, lejos de desmayar en \u00e9l, redobl\u00f3 sus esfuerzos, empezando por reformar las reglas, haci\u00e9ndolas aun mas rigorosas, prohibiendo la entrada de mujeres en el radio del Desierto, bajo pena de excomuni\u00f3n que les impuso el Obispo.<br>En 1722 logr\u00f3 que el Arcediano de Castro, Dr. Don Juan Antonio del Rosal, le donase unas reliquias de San Antonio Abad y San Pablo, primer ermita\u00f1o, que coloc\u00f3 en la capilla en 23 de Julio de 1723.<\/p>\n<\/div><\/div>\n","protected":false},"excerpt":{"rendered":"<p>El hermano Francisco de Jes\u00fas, \u00e1 quien podemos dar el t\u00edtulo de fundador del Desierto de Bel\u00e9n, puesto que \u00e1 \u00e9l principalmente se debe cuanto existe en aquel ameno y religioso lugar. Naci\u00f3 este venerable en C\u00f3rdoba: hijo de Juan Rodr\u00edguez de Murga y Mar\u00eda de Torres, vecinos del barrio de San Lorenzo, en cuya &hellip; <\/p>\n<p class=\"link-more\"><a href=\"https:\/\/pedrocasiano.es\/?page_id=3991\" class=\"more-link\">Leer m\u00e1s<span class=\"screen-reader-text\"> \u00abFrancisco de Jes\u00fas\u00bb<\/span><\/a><\/p>\n","protected":false},"author":1,"featured_media":0,"parent":0,"menu_order":0,"comment_status":"closed","ping_status":"closed","template":"","meta":{"inspiro_hide_title":false,"footnotes":""},"class_list":["post-3991","page","type-page","status-publish","hentry"],"featured_media_urls":[],"_links":{"self":[{"href":"https:\/\/pedrocasiano.es\/index.php?rest_route=\/wp\/v2\/pages\/3991","targetHints":{"allow":["GET"]}}],"collection":[{"href":"https:\/\/pedrocasiano.es\/index.php?rest_route=\/wp\/v2\/pages"}],"about":[{"href":"https:\/\/pedrocasiano.es\/index.php?rest_route=\/wp\/v2\/types\/page"}],"author":[{"embeddable":true,"href":"https:\/\/pedrocasiano.es\/index.php?rest_route=\/wp\/v2\/users\/1"}],"replies":[{"embeddable":true,"href":"https:\/\/pedrocasiano.es\/index.php?rest_route=%2Fwp%2Fv2%2Fcomments&post=3991"}],"version-history":[{"count":1,"href":"https:\/\/pedrocasiano.es\/index.php?rest_route=\/wp\/v2\/pages\/3991\/revisions"}],"predecessor-version":[{"id":3993,"href":"https:\/\/pedrocasiano.es\/index.php?rest_route=\/wp\/v2\/pages\/3991\/revisions\/3993"}],"wp:attachment":[{"href":"https:\/\/pedrocasiano.es\/index.php?rest_route=%2Fwp%2Fv2%2Fmedia&parent=3991"}],"curies":[{"name":"wp","href":"https:\/\/api.w.org\/{rel}","templated":true}]}}