{"id":3988,"date":"2024-02-23T15:20:08","date_gmt":"2024-02-23T15:20:08","guid":{"rendered":"https:\/\/pedrocasiano.es\/?page_id=3988"},"modified":"2024-02-23T15:20:09","modified_gmt":"2024-02-23T15:20:09","slug":"santuario-de-nuestra-senora-de-linares","status":"publish","type":"page","link":"https:\/\/pedrocasiano.es\/?page_id=3988","title":{"rendered":"Santuario de Nuestra Se\u00f1ora de Linares"},"content":{"rendered":"\n<div class=\"wp-block-media-text is-stacked-on-mobile is-vertically-aligned-top\" style=\"grid-template-columns:28% auto\"><figure class=\"wp-block-media-text__media\"><img decoding=\"async\" width=\"150\" height=\"113\" data-src=\"https:\/\/pedrocasiano.es\/wp-content\/uploads\/2024\/02\/santuario-de-nuestra.jpg\" alt=\"\" class=\"wp-image-3989 size-full lazyload\" src=\"data:image\/svg+xml;base64,PHN2ZyB3aWR0aD0iMSIgaGVpZ2h0PSIxIiB4bWxucz0iaHR0cDovL3d3dy53My5vcmcvMjAwMC9zdmciPjwvc3ZnPg==\" style=\"--smush-placeholder-width: 150px; --smush-placeholder-aspect-ratio: 150\/113;\" \/><\/figure><div class=\"wp-block-media-text__content\">\n<p>Santuario de Ntra. Sra. de Linares, considerado el m\u00e1s antiguo de cuantos tenemos que anotar en los alrededores de C\u00f3rdoba, por haberse fundado en seguida de su conquista.<br>Conocida es ya de nuestros lectores la conquista de C\u00f3rdoba por el Santo Rey Fernando III, dispens\u00e1ndonos el que la repitamos para completar la historia del Santuario de Linares: aquel Monarca lleg\u00f3 con sus huestes \u00e1 la peque\u00f1a poblaci\u00f3n de Alcolea, acampanadas en toda la parte de la sierra que mira \u00e1 la ciudad y fijando su tienda cerca de donde vemos la ermita; seg\u00fan costumbre, con el objeto de animar \u00e1 sus soldados, llevaba siempre consigo una imagen de la Virgen, de regular tama\u00f1o, para poderla colocar, durante las batallas, en el arz\u00f3n de la silla de su caballo, donde todos pod\u00edan llamarla como su poderosa defensora: el nombre de Linares ha dado lugar a diferentes conjeturas; cr\u00e9ese, entre ellas, que no estando el Rey en Toledo, sino en Benavente, al saber la toma de la Ajerqu\u00eda, y no teniendo all\u00ed su imagen predilecta, \u00f3 tom\u00f3 \u00e9ste al pasar por la poblaci\u00f3n del mismo t\u00edtulo de Linares, \u00f3 la Virgen qued\u00f3 con el del apellido del capellan \u00e1 quien ven\u00eda confiada; de uno \u00fa otro modo, se asegura que el Santo Rey la coloc\u00f3 por s\u00ed mismo en el centro de una torre \u00f3 atalaya que encontr\u00f3 en aquel sitio, y por consiguiente \u00e1 su persona se le debe confirmar la creaci\u00f3n de aquel venerado Santuario.<br>Realizada al fin la conquista de la ciudad, parec\u00eda natural que la imagen hubiese sido tra\u00edda \u00e1 ella: mas no lo fu\u00e9, tanto por conservar aquel hist\u00f3rico recuerdo, como por creerla mas segura, pues quedando C\u00f3rdoba aun rodeada por pueblos dominados por los \u00e1rabes, ser\u00eda mas f\u00e1cil en una sorpresa, que sus guardadores la salvaran por entre las espesuras de la sierra.<br>Desde este tiempo data la devoci\u00f3n de los cordobeses \u00e1 Ntra. Sra. de Linares; sus donativos aumentados con los que hiciera el Obispo D. Lope de Fitero y el Cabildo Catedral, fueron bastante \u00e1 labrarle iglesia ante la torre que qued\u00f3 y existe, formando la capilla mayor, si bien desde entonces una y otra han sufrido muchas restauraciones, hasta hacerle perder su primitiva arquitectura, especialmente \u00e1 la iglesia.<br>Unas veces muy viva y otras bastante tibia, ha llegado \u00e1 nosotros aquella devoci\u00f3n, despu\u00e9s de pasar mas de seiscientos a\u00f1os; prob\u00e1ndose esta verdad hist\u00f3rica con las mandas piadosas que \u00e1 su favor se encuentran en muchos testamentos, entre ellos el del Dean D. Pedro Ayllon, otorgado en 2 de Julio de 1302, mandando se le restituyera \u00e1 dicho Santuario, \u00e1 la saz\u00f3n casi desamparado, ciento veintid\u00f3s maravedises y varias alhajas que ten\u00eda en su poder: tambi\u00e9n hemos le\u00eddo que el Maestreescuela Ba\u00f1uelos, edific\u00f3 \u00e1 su costa las habitaciones que aun existen \u00e1 la derecha de la iglesia, y el Chantre Aguayo dej\u00f3 un legado de doce fanegas de trigo y cien reales anuos para ayuda de un santero que permaneciese al cuidado de la Virgen.<\/p>\n<\/div><\/div>\n","protected":false},"excerpt":{"rendered":"<p>Santuario de Ntra. Sra. de Linares, considerado el m\u00e1s antiguo de cuantos tenemos que anotar en los alrededores de C\u00f3rdoba, por haberse fundado en seguida de su conquista.Conocida es ya de nuestros lectores la conquista de C\u00f3rdoba por el Santo Rey Fernando III, dispens\u00e1ndonos el que la repitamos para completar la historia del Santuario de &hellip; <\/p>\n<p class=\"link-more\"><a href=\"https:\/\/pedrocasiano.es\/?page_id=3988\" class=\"more-link\">Leer m\u00e1s<span class=\"screen-reader-text\"> \u00abSantuario de Nuestra Se\u00f1ora de Linares\u00bb<\/span><\/a><\/p>\n","protected":false},"author":1,"featured_media":0,"parent":0,"menu_order":0,"comment_status":"closed","ping_status":"closed","template":"","meta":{"inspiro_hide_title":false,"footnotes":""},"class_list":["post-3988","page","type-page","status-publish","hentry"],"featured_media_urls":[],"_links":{"self":[{"href":"https:\/\/pedrocasiano.es\/index.php?rest_route=\/wp\/v2\/pages\/3988","targetHints":{"allow":["GET"]}}],"collection":[{"href":"https:\/\/pedrocasiano.es\/index.php?rest_route=\/wp\/v2\/pages"}],"about":[{"href":"https:\/\/pedrocasiano.es\/index.php?rest_route=\/wp\/v2\/types\/page"}],"author":[{"embeddable":true,"href":"https:\/\/pedrocasiano.es\/index.php?rest_route=\/wp\/v2\/users\/1"}],"replies":[{"embeddable":true,"href":"https:\/\/pedrocasiano.es\/index.php?rest_route=%2Fwp%2Fv2%2Fcomments&post=3988"}],"version-history":[{"count":1,"href":"https:\/\/pedrocasiano.es\/index.php?rest_route=\/wp\/v2\/pages\/3988\/revisions"}],"predecessor-version":[{"id":3990,"href":"https:\/\/pedrocasiano.es\/index.php?rest_route=\/wp\/v2\/pages\/3988\/revisions\/3990"}],"wp:attachment":[{"href":"https:\/\/pedrocasiano.es\/index.php?rest_route=%2Fwp%2Fv2%2Fmedia&parent=3988"}],"curies":[{"name":"wp","href":"https:\/\/api.w.org\/{rel}","templated":true}]}}