{"id":3953,"date":"2024-02-23T14:39:47","date_gmt":"2024-02-23T14:39:47","guid":{"rendered":"https:\/\/pedrocasiano.es\/?page_id=3953"},"modified":"2024-02-23T14:39:48","modified_gmt":"2024-02-23T14:39:48","slug":"la-reina-isabel-y-las-cordobesas-ociosas","status":"publish","type":"page","link":"https:\/\/pedrocasiano.es\/?page_id=3953","title":{"rendered":"La Reina Isabel y las Cordobesas Ociosas"},"content":{"rendered":"\n<div class=\"wp-block-media-text is-stacked-on-mobile is-vertically-aligned-top\" style=\"grid-template-columns:20% auto\"><figure class=\"wp-block-media-text__media\"><img decoding=\"async\" width=\"200\" height=\"296\" data-src=\"https:\/\/pedrocasiano.es\/wp-content\/uploads\/2024\/02\/la-reina-isabel.jpg\" alt=\"\" class=\"wp-image-3954 size-full lazyload\" src=\"data:image\/svg+xml;base64,PHN2ZyB3aWR0aD0iMSIgaGVpZ2h0PSIxIiB4bWxucz0iaHR0cDovL3d3dy53My5vcmcvMjAwMC9zdmciPjwvc3ZnPg==\" style=\"--smush-placeholder-width: 200px; --smush-placeholder-aspect-ratio: 200\/296;\" \/><\/figure><div class=\"wp-block-media-text__content\">\n<p>Cuando Isabel la Cat\u00f3lica estuvo en C\u00f3rdoba, le llam\u00f3 la atenci\u00f3n las muchas mugeres que frente de palacio, se estaban dos \u00f3 tres horas esperando ver si se asomaba, sin dedicarse \u00e1 cosa alguna preguntando si le ayudaban \u00e1 sus maridos \u00e1 sostener las cargas de la familia, hubieron de contestarle que no, cuando dijo: -\u00abPues sino ayudan \u00e1 ganarlo, tampoco deben disfrutar de ello,\u00bb- y las priv\u00f3 del derecho \u00e1 los bienes gananciales por muerte de sus maridos. De sus resultas muchas iban \u00e1 casarse \u00e1 la inmediata aldea de Alcolea, para poder usar de aquel derecho. Jos\u00e9 Fernandez era muy pobre y se cas\u00f3 en C\u00f3rdoba con una muger tan cuidadosa de su casa, que ayudaba \u00e1 su marido \u00e1 agenciar lo que podian, y entre ambos llegaron \u00e1 juntar una gran fortuna, que el buen esposo deploraba pasase \u00e1 sus hijos, sin que su compa\u00f1era fuese due\u00f1a de lo que realmente hab\u00eda ganado, y que para vivir de ello tendria que hacerlo por la voluntad y como favor de aquellos; mas nuestro rico paisano, \u00e1 pesar de su poca instrucci\u00f3n, acudi\u00f3 \u00e1 Carlos III, haci\u00e9ndole presente su situacion y la injusticia con que obr\u00f3 la primera Isabel, logrando que se alzara su prohibici\u00f3n, como hemos tenido lugar de ver en una real pragm\u00e1tica que est\u00e1 inserta en la Nov\u00edsima Recopilacion.<\/p>\n<\/div><\/div>\n","protected":false},"excerpt":{"rendered":"<p>Cuando Isabel la Cat\u00f3lica estuvo en C\u00f3rdoba, le llam\u00f3 la atenci\u00f3n las muchas mugeres que frente de palacio, se estaban dos \u00f3 tres horas esperando ver si se asomaba, sin dedicarse \u00e1 cosa alguna preguntando si le ayudaban \u00e1 sus maridos \u00e1 sostener las cargas de la familia, hubieron de contestarle que no, cuando dijo: &hellip; <\/p>\n<p class=\"link-more\"><a href=\"https:\/\/pedrocasiano.es\/?page_id=3953\" class=\"more-link\">Leer m\u00e1s<span class=\"screen-reader-text\"> \u00abLa Reina Isabel y las Cordobesas Ociosas\u00bb<\/span><\/a><\/p>\n","protected":false},"author":1,"featured_media":0,"parent":0,"menu_order":0,"comment_status":"closed","ping_status":"closed","template":"","meta":{"inspiro_hide_title":false,"footnotes":""},"class_list":["post-3953","page","type-page","status-publish","hentry"],"featured_media_urls":[],"_links":{"self":[{"href":"https:\/\/pedrocasiano.es\/index.php?rest_route=\/wp\/v2\/pages\/3953","targetHints":{"allow":["GET"]}}],"collection":[{"href":"https:\/\/pedrocasiano.es\/index.php?rest_route=\/wp\/v2\/pages"}],"about":[{"href":"https:\/\/pedrocasiano.es\/index.php?rest_route=\/wp\/v2\/types\/page"}],"author":[{"embeddable":true,"href":"https:\/\/pedrocasiano.es\/index.php?rest_route=\/wp\/v2\/users\/1"}],"replies":[{"embeddable":true,"href":"https:\/\/pedrocasiano.es\/index.php?rest_route=%2Fwp%2Fv2%2Fcomments&post=3953"}],"version-history":[{"count":1,"href":"https:\/\/pedrocasiano.es\/index.php?rest_route=\/wp\/v2\/pages\/3953\/revisions"}],"predecessor-version":[{"id":3955,"href":"https:\/\/pedrocasiano.es\/index.php?rest_route=\/wp\/v2\/pages\/3953\/revisions\/3955"}],"wp:attachment":[{"href":"https:\/\/pedrocasiano.es\/index.php?rest_route=%2Fwp%2Fv2%2Fmedia&parent=3953"}],"curies":[{"name":"wp","href":"https:\/\/api.w.org\/{rel}","templated":true}]}}