{"id":3929,"date":"2024-02-23T12:12:16","date_gmt":"2024-02-23T12:12:16","guid":{"rendered":"https:\/\/pedrocasiano.es\/?page_id=3929"},"modified":"2026-04-02T10:29:10","modified_gmt":"2026-04-02T08:29:10","slug":"leyendas-de-cordoba-segunda-parte","status":"publish","type":"page","link":"https:\/\/pedrocasiano.es\/?page_id=3929","title":{"rendered":"Leyendas y Cosas de C\u00f3rdoba. Segunda Parte"},"content":{"rendered":"\n<div class=\"wp-block-cover alignfull\" style=\"min-height:895px;aspect-ratio:unset;\"><img decoding=\"async\" width=\"1920\" height=\"1494\" class=\"wp-block-cover__image-background wp-image-3930 lazyload\" alt=\"\" data-src=\"https:\/\/pedrocasiano.es\/wp-content\/uploads\/2024\/02\/ai-generated-8369807_1920.jpg\" data-object-fit=\"cover\" src=\"data:image\/svg+xml;base64,PHN2ZyB3aWR0aD0iMSIgaGVpZ2h0PSIxIiB4bWxucz0iaHR0cDovL3d3dy53My5vcmcvMjAwMC9zdmciPjwvc3ZnPg==\" style=\"--smush-placeholder-width: 1920px; --smush-placeholder-aspect-ratio: 1920\/1494;\" \/><span aria-hidden=\"true\" class=\"wp-block-cover__background has-background-dim\"><\/span><div class=\"wp-block-cover__inner-container has-global-padding is-layout-constrained wp-block-cover-is-layout-constrained\">\n<ul class=\"wp-block-list\">\n<li><a href=\"https:\/\/pedrocasiano.es\/?page_id=3757\" target=\"_blank\" rel=\"noreferrer noopener\">El Amable Car\u00e1cter Cordob\u00e9s<\/a><\/li>\n\n\n\n<li><a href=\"https:\/\/pedrocasiano.es\/?page_id=3760\" target=\"_blank\" rel=\"noreferrer noopener\">La Monja Milagrera<\/a><\/li>\n\n\n\n<li><a href=\"https:\/\/pedrocasiano.es\/?page_id=3763\" target=\"_blank\" rel=\"noreferrer noopener\">Beatriz de Hinestrosa, la Infiel Esposa<\/a><\/li>\n\n\n\n<li><a href=\"https:\/\/pedrocasiano.es\/?page_id=3766\" target=\"_blank\" rel=\"noreferrer noopener\">El Peor Padre<\/a><\/li>\n\n\n\n<li><a href=\"https:\/\/pedrocasiano.es\/?page_id=3953\" target=\"_blank\" rel=\"noreferrer noopener\">La Reina Isabel y las Cordobesas Ociosas<\/a><\/li>\n\n\n\n<li><a href=\"https:\/\/pedrocasiano.es\/?page_id=3973\" target=\"_blank\" rel=\"noreferrer noopener\">El embozado del Cristo de los Faroles<\/a><\/li>\n\n\n\n<li><a href=\"https:\/\/pedrocasiano.es\/?page_id=3976\" target=\"_blank\" rel=\"noreferrer noopener\">La Dama Confinada<\/a><\/li>\n\n\n\n<li><a href=\"https:\/\/pedrocasiano.es\/?page_id=3979\" target=\"_blank\" rel=\"noreferrer noopener\">La Mujer de la T\u00fanica Negra<\/a><\/li>\n\n\n\n<li><a href=\"https:\/\/pedrocasiano.es\/?page_id=3982\" target=\"_blank\" rel=\"noreferrer noopener\">Una Esposa Inocente<\/a><\/li>\n\n\n\n<li><a href=\"https:\/\/pedrocasiano.es\/?page_id=3985\" target=\"_blank\" rel=\"noreferrer noopener\">La Viuda y la Justicia Divina<\/a><\/li>\n\n\n\n<li><a href=\"https:\/\/pedrocasiano.es\/?page_id=3988\" target=\"_blank\" rel=\"noreferrer noopener\">Santuario de Nuestra Se\u00f1ora de Linares<\/a><\/li>\n\n\n\n<li><a href=\"https:\/\/pedrocasiano.es\/?page_id=3991\" target=\"_blank\" rel=\"noreferrer noopener\">Francisco de Jes\u00fas<\/a><\/li>\n\n\n\n<li><a href=\"https:\/\/pedrocasiano.es\/?page_id=3994\" target=\"_blank\" rel=\"noreferrer noopener\">El Miserable Ant\u00f3n de Ju\u00e1rez<\/a><\/li>\n\n\n\n<li><a href=\"https:\/\/pedrocasiano.es\/?page_id=3997\" target=\"_blank\" rel=\"noreferrer noopener\">De la Traici\u00f3n de los C\u00f3rdobas a los Cabrera<\/a><\/li>\n\n\n\n<li><a href=\"https:\/\/pedrocasiano.es\/?page_id=4000\" target=\"_blank\" rel=\"noreferrer noopener\">La Anciana y Malvada Rosal\u00eda<\/a><\/li>\n\n\n\n<li><a href=\"https:\/\/pedrocasiano.es\/?page_id=4003\" target=\"_blank\" rel=\"noreferrer noopener\">La Viuda Fantasma<\/a><\/li>\n<\/ul>\n\n\n\n<p><strong>Todos los Derechos Reservados<\/strong><\/p>\n\n\n\n<p class=\"has-text-align-center\"><strong>\u201cEstas novelas, publicaciones y dem\u00e1s, son obras de ficci\u00f3n. Los nombres, personajes, lugares e incidentes son producto de la imaginaci\u00f3n del autor o son utilizados de manera ficticia. Cualquier parecido con personas, vivas o muertas, o sucesos reales es pura coincidencia.\u201d<\/strong><\/p>\n<\/div><\/div>\n","protected":false},"excerpt":{"rendered":"","protected":false},"author":1,"featured_media":0,"parent":0,"menu_order":0,"comment_status":"closed","ping_status":"closed","template":"","meta":{"inspiro_hide_title":false,"footnotes":""},"class_list":["post-3929","page","type-page","status-publish","hentry"],"featured_media_urls":[],"_links":{"self":[{"href":"https:\/\/pedrocasiano.es\/index.php?rest_route=\/wp\/v2\/pages\/3929","targetHints":{"allow":["GET"]}}],"collection":[{"href":"https:\/\/pedrocasiano.es\/index.php?rest_route=\/wp\/v2\/pages"}],"about":[{"href":"https:\/\/pedrocasiano.es\/index.php?rest_route=\/wp\/v2\/types\/page"}],"author":[{"embeddable":true,"href":"https:\/\/pedrocasiano.es\/index.php?rest_route=\/wp\/v2\/users\/1"}],"replies":[{"embeddable":true,"href":"https:\/\/pedrocasiano.es\/index.php?rest_route=%2Fwp%2Fv2%2Fcomments&post=3929"}],"version-history":[{"count":17,"href":"https:\/\/pedrocasiano.es\/index.php?rest_route=\/wp\/v2\/pages\/3929\/revisions"}],"predecessor-version":[{"id":16652,"href":"https:\/\/pedrocasiano.es\/index.php?rest_route=\/wp\/v2\/pages\/3929\/revisions\/16652"}],"wp:attachment":[{"href":"https:\/\/pedrocasiano.es\/index.php?rest_route=%2Fwp%2Fv2%2Fmedia&parent=3929"}],"curies":[{"name":"wp","href":"https:\/\/api.w.org\/{rel}","templated":true}]}}