{"id":3925,"date":"2024-02-23T12:09:44","date_gmt":"2024-02-23T12:09:44","guid":{"rendered":"https:\/\/pedrocasiano.es\/?page_id=3925"},"modified":"2026-04-02T10:28:43","modified_gmt":"2026-04-02T08:28:43","slug":"leyendas-de-cordoba-primera-parte","status":"publish","type":"page","link":"https:\/\/pedrocasiano.es\/?page_id=3925","title":{"rendered":"Leyendas y Cosas de C\u00f3rdoba. Primera Parte"},"content":{"rendered":"\n<div class=\"wp-block-cover alignfull\" style=\"min-height:965px;aspect-ratio:unset;\"><img decoding=\"async\" width=\"1920\" height=\"1280\" class=\"wp-block-cover__image-background wp-image-3926 lazyload\" alt=\"\" data-src=\"https:\/\/pedrocasiano.es\/wp-content\/uploads\/2024\/02\/ai-generated-8548615_1920.jpg\" data-object-fit=\"cover\" src=\"data:image\/svg+xml;base64,PHN2ZyB3aWR0aD0iMSIgaGVpZ2h0PSIxIiB4bWxucz0iaHR0cDovL3d3dy53My5vcmcvMjAwMC9zdmciPjwvc3ZnPg==\" style=\"--smush-placeholder-width: 1920px; --smush-placeholder-aspect-ratio: 1920\/1280;\" \/><span aria-hidden=\"true\" class=\"wp-block-cover__background has-background-dim\"><\/span><div class=\"wp-block-cover__inner-container has-global-padding is-layout-constrained wp-block-cover-is-layout-constrained\">\n<ul class=\"wp-block-list\">\n<li><a href=\"https:\/\/pedrocasiano.es\/?page_id=2253\" target=\"_blank\" rel=\"noreferrer noopener\">El Capit\u00e1n del Rey Pedro y el Mesonero de la Posada del Potro<\/a><\/li>\n\n\n\n<li><a href=\"https:\/\/pedrocasiano.es\/?page_id=2266\" target=\"_blank\" rel=\"noreferrer noopener\">Don Pedro de Heredia y la cabeza del Toro<\/a><\/li>\n\n\n\n<li><a href=\"https:\/\/pedrocasiano.es\/?page_id=2269\" target=\"_blank\" rel=\"noreferrer noopener\">La Celada a Don Clemente de C\u00e1ceres<\/a><\/li>\n\n\n\n<li><a href=\"https:\/\/pedrocasiano.es\/?page_id=2278\" target=\"_blank\" rel=\"noreferrer noopener\">Don Francisco de Sales Ram\u00edrez<\/a><\/li>\n\n\n\n<li><a href=\"https:\/\/pedrocasiano.es\/?page_id=2281\" target=\"_blank\" rel=\"noreferrer noopener\">Don Bernardino de los R\u00edos<\/a><\/li>\n\n\n\n<li><a href=\"https:\/\/pedrocasiano.es\/?page_id=2383\" target=\"_blank\" rel=\"noreferrer noopener\">La Leyenda de Don Luis Fern\u00e1ndez de C\u00f3rdoba<\/a><\/li>\n\n\n\n<li><a href=\"https:\/\/pedrocasiano.es\/?page_id=3720\" target=\"_blank\" rel=\"noreferrer noopener\">La Fr\u00eda Venganza del Veinticuatro<\/a><\/li>\n\n\n\n<li><a href=\"https:\/\/pedrocasiano.es\/?page_id=3723\">Liber<\/a><a href=\"https:\/\/pedrocasiano.es\/?page_id=3723\" target=\"_blank\" rel=\"noreferrer noopener\">ales<\/a><a href=\"https:\/\/pedrocasiano.es\/?page_id=3723\"> y Absolutistas<\/a><\/li>\n\n\n\n<li><a href=\"https:\/\/pedrocasiano.es\/?page_id=3726\" target=\"_blank\" rel=\"noreferrer noopener\">La V\u00edbora de Nuestra Se\u00f1ora del Rosario<\/a><\/li>\n\n\n\n<li><a href=\"https:\/\/pedrocasiano.es\/?page_id=3729\" target=\"_blank\" rel=\"noreferrer noopener\">Crimen sin Perd\u00f3n<\/a><\/li>\n\n\n\n<li><a href=\"https:\/\/pedrocasiano.es\/?page_id=3732\" target=\"_blank\" rel=\"noreferrer noopener\">La Curiosidad de Do\u00f1a Blanca Ucel<\/a><\/li>\n\n\n\n<li><a href=\"https:\/\/pedrocasiano.es\/?page_id=3735\" target=\"_blank\" rel=\"noreferrer noopener\">La Tradici\u00f3n de la Casa del Duende<\/a><\/li>\n\n\n\n<li><a href=\"https:\/\/pedrocasiano.es\/?page_id=3738\" target=\"_blank\" rel=\"noreferrer noopener\">El Muerto, no tan Muerto, y un Buen Silletazo<\/a><\/li>\n\n\n\n<li><a href=\"https:\/\/pedrocasiano.es\/?page_id=3742\" target=\"_blank\" rel=\"noreferrer noopener\">La Calle Mancera<\/a><\/li>\n\n\n\n<li><a href=\"https:\/\/pedrocasiano.es\/?page_id=3745\" target=\"_blank\" rel=\"noreferrer noopener\">La Marquesa Viuda y el Vuelo del Corregidor<\/a><\/li>\n\n\n\n<li><a href=\"https:\/\/pedrocasiano.es\/?page_id=3748\">El Sa<\/a><a href=\"https:\/\/pedrocasiano.es\/?page_id=3748\" target=\"_blank\" rel=\"noreferrer noopener\">stre<\/a><a href=\"https:\/\/pedrocasiano.es\/?page_id=3748\"> y su Fantasma<\/a><\/li>\n\n\n\n<li><a href=\"https:\/\/pedrocasiano.es\/?page_id=3751\" target=\"_blank\" rel=\"noreferrer noopener\">Venganza Divina<\/a><\/li>\n\n\n\n<li><a href=\"https:\/\/pedrocasiano.es\/?page_id=3754\" target=\"_blank\" rel=\"noreferrer noopener\">El Caballo de Don Pedro Clavijo<\/a><\/li>\n<\/ul>\n\n\n\n<p><strong>Todos los Derechos Reservados<\/strong><\/p>\n\n\n\n<p class=\"has-text-align-center\"><strong>\u201cEstas novelas, publicaciones y dem\u00e1s, son obras de ficci\u00f3n. Los nombres, personajes, lugares e incidentes son producto de la imaginaci\u00f3n del autor o son utilizados de manera ficticia. Cualquier parecido con personas, vivas o muertas, o sucesos reales es pura coincidencia.\u201d<\/strong><\/p>\n<\/div><\/div>\n","protected":false},"excerpt":{"rendered":"","protected":false},"author":1,"featured_media":0,"parent":0,"menu_order":0,"comment_status":"closed","ping_status":"closed","template":"","meta":{"inspiro_hide_title":false,"footnotes":""},"class_list":["post-3925","page","type-page","status-publish","hentry"],"featured_media_urls":[],"_links":{"self":[{"href":"https:\/\/pedrocasiano.es\/index.php?rest_route=\/wp\/v2\/pages\/3925","targetHints":{"allow":["GET"]}}],"collection":[{"href":"https:\/\/pedrocasiano.es\/index.php?rest_route=\/wp\/v2\/pages"}],"about":[{"href":"https:\/\/pedrocasiano.es\/index.php?rest_route=\/wp\/v2\/types\/page"}],"author":[{"embeddable":true,"href":"https:\/\/pedrocasiano.es\/index.php?rest_route=\/wp\/v2\/users\/1"}],"replies":[{"embeddable":true,"href":"https:\/\/pedrocasiano.es\/index.php?rest_route=%2Fwp%2Fv2%2Fcomments&post=3925"}],"version-history":[{"count":13,"href":"https:\/\/pedrocasiano.es\/index.php?rest_route=\/wp\/v2\/pages\/3925\/revisions"}],"predecessor-version":[{"id":16651,"href":"https:\/\/pedrocasiano.es\/index.php?rest_route=\/wp\/v2\/pages\/3925\/revisions\/16651"}],"wp:attachment":[{"href":"https:\/\/pedrocasiano.es\/index.php?rest_route=%2Fwp%2Fv2%2Fmedia&parent=3925"}],"curies":[{"name":"wp","href":"https:\/\/api.w.org\/{rel}","templated":true}]}}