{"id":3763,"date":"2024-02-22T16:11:12","date_gmt":"2024-02-22T16:11:12","guid":{"rendered":"https:\/\/pedrocasiano.es\/?page_id=3763"},"modified":"2024-02-22T16:11:12","modified_gmt":"2024-02-22T16:11:12","slug":"beatriz-de-hinestrosa-la-infiel-esposa","status":"publish","type":"page","link":"https:\/\/pedrocasiano.es\/?page_id=3763","title":{"rendered":"Beatriz de Hinestrosa, la Infiel Esposa"},"content":{"rendered":"\n<div class=\"wp-block-media-text is-stacked-on-mobile is-vertically-aligned-top\" style=\"grid-template-columns:25% auto\"><figure class=\"wp-block-media-text__media\"><img decoding=\"async\" width=\"563\" height=\"508\" data-src=\"https:\/\/pedrocasiano.es\/wp-content\/uploads\/2024\/02\/beatriz-de-inestrosa.jpg\" alt=\"\" class=\"wp-image-3764 size-full lazyload\" src=\"data:image\/svg+xml;base64,PHN2ZyB3aWR0aD0iMSIgaGVpZ2h0PSIxIiB4bWxucz0iaHR0cDovL3d3dy53My5vcmcvMjAwMC9zdmciPjwvc3ZnPg==\" style=\"--smush-placeholder-width: 563px; --smush-placeholder-aspect-ratio: 563\/508;\" \/><\/figure><div class=\"wp-block-media-text__content\">\n<p>En 1449, exist\u00eda una casa en la Calle Conde de Priego, en la cual moraba el Veinticuatro Fernan Alfonso de C\u00f3rdoba, tercer Se\u00f1or de Belmonte, con su esposa D.\u00aa Beatriz de Hinestrosa, \u00e1 la que adoraba, ignorando el desenga\u00f1o que en premio de su amor recibir\u00eda. Frecuentaban la casa sus primos Jorge y Fernando de C\u00f3rdoba y Solier, Comendadores en la orden de Calatrava: el primero contrajo relaciones criminales con su prima, en tanto que el otro se entreten\u00eda en enamorar \u00e1 otra Beatriz, doncella, segun unos, de la se\u00f1ora, \u00f3 prima, como dicen los Casos raros de C\u00f3rdoba, aprovechando la ausencia del que podia y lleg\u00f3 \u00e1 poner remedio \u00e1 tantas liviandades, cuando advertido de ellas por un antiguo esclavo \u00f3 mayordomo llamado Rodrigo, vino \u00e1 C\u00f3rdoba, observando cautelosamente \u00e1 D.\u00aa Beatriz y sus primos, que como tales frecuentaban la casa casi diariamente. Convencido de su deshonra, y ansiando tomar venganza pronta y segura, dispuso todas las cosas como para ir de caza, aficion en aquellos tiempos aun mas general que hoy, y se march\u00f3 con su fiel Rodrigo, asegurando no volver\u00eda en una semana; red tendida para envolver en ella \u00e1 tan incautos y mal aconsejados amantes que, aprovechando su ausencia, se prepararon \u00e1 pasar la noche entregados \u00e1 las delicias de sus amores; mas \u00e9l, tornando \u00e1 C\u00f3rdoba con su criado, penetr\u00f3 en la casa sigilosamente y hall\u00f3los en sus lechos completamente descuidados: penetr\u00f3 en la estancia, y arremetiendo contra Jorge, que asombrado, apenas intent\u00f3 defenderse, de un golpe en la cabeza lo dej\u00f3 muerto en el acto; sali\u00f3se de all\u00ed, y yendo al cuarto de la doncella Beatriz, \u00e1 quien dio muerte, se lanzo \u00e1 Fernando que se defendi\u00f3 contra su primo, sin que esto le evitara perder tambi\u00e9n la vida, como sucedi\u00f3 \u00e1 otra criada llamada Catalina que acudi\u00f3 al estruendo: torn\u00f3 \u00e1 su aposento, y la culpable D.\u00aa Beatriz se arroj\u00f3 \u00e1 sus plantas, rog\u00e1ndole, no perd\u00f3n, pues no lo merec\u00eda, sino que la permitiese confesar : concedi\u00f3le esta gracia, y cumplido su deseo, con un sacerdote que Rodrigo trajo de Santa Marina, puso fin \u00e1 su existencia, clav\u00e1ndole en el pecho la daga pendiente de su cintura. En seguida salieron de C\u00f3rdoba, marchando \u00e1 Antequera, cuya ciudad pidi\u00f3 el perd\u00f3n al Rey, que le fu\u00e9 otorgado \u00e1 2 de Febrero de 1450, en virtud de un privilegio de la misma para que fuesen perdonados los delitos \u00e1 los que all\u00ed sirviesen mas de un a\u00f1o \u00e1 sus espensas y en pro de las armas de Castilla que sosten\u00edan la guerra contra los moros de Granada. Fern\u00e1n Alfonso de C\u00f3rdoba, cas\u00f3 despues con Do\u00f1a Constanza de Baeza, y tuvo sucesi\u00f3n, de quien descendieron los Condes de Priego.<br>Este tr\u00e1gico suceso, contado por diferentes poetas y escritores, se refiere con distintos accidentes, por lo que nos hemos concretado \u00e1 lo mas esencial y probable. Dicen que un anillo regalado por el Rey \u00e1 D. Fernando, dado por \u00e9ste \u00e1 guardar \u00e1 su esposa, quien lo entreg\u00f3 \u00e1 D. Jorge, fu\u00e9 la causa principal de descubrirse aquel adulterio; que en aquella horrible noche murieron todos los criados, criadas y esclavos, cuando la c\u00e9dula de perd\u00f3n se refiere solo \u00e1 cinco personas; que no perdon\u00f3 ni \u00e1 un papagallo, ech\u00e1ndole en cara que, sabiendo hablar, nada le hab\u00eda dicho, lo que para nosotros es una vulgaridad, y no faltando, por \u00faltimo, quien confunda esta tradicion con la fabulosa de la Torre de la Malmuerta.<\/p>\n<\/div><\/div>\n","protected":false},"excerpt":{"rendered":"<p>En 1449, exist\u00eda una casa en la Calle Conde de Priego, en la cual moraba el Veinticuatro Fernan Alfonso de C\u00f3rdoba, tercer Se\u00f1or de Belmonte, con su esposa D.\u00aa Beatriz de Hinestrosa, \u00e1 la que adoraba, ignorando el desenga\u00f1o que en premio de su amor recibir\u00eda. Frecuentaban la casa sus primos Jorge y Fernando de &hellip; <\/p>\n<p class=\"link-more\"><a href=\"https:\/\/pedrocasiano.es\/?page_id=3763\" class=\"more-link\">Leer m\u00e1s<span class=\"screen-reader-text\"> \u00abBeatriz de Hinestrosa, la Infiel Esposa\u00bb<\/span><\/a><\/p>\n","protected":false},"author":1,"featured_media":0,"parent":0,"menu_order":0,"comment_status":"closed","ping_status":"closed","template":"","meta":{"inspiro_hide_title":false,"footnotes":""},"class_list":["post-3763","page","type-page","status-publish","hentry"],"featured_media_urls":[],"_links":{"self":[{"href":"https:\/\/pedrocasiano.es\/index.php?rest_route=\/wp\/v2\/pages\/3763","targetHints":{"allow":["GET"]}}],"collection":[{"href":"https:\/\/pedrocasiano.es\/index.php?rest_route=\/wp\/v2\/pages"}],"about":[{"href":"https:\/\/pedrocasiano.es\/index.php?rest_route=\/wp\/v2\/types\/page"}],"author":[{"embeddable":true,"href":"https:\/\/pedrocasiano.es\/index.php?rest_route=\/wp\/v2\/users\/1"}],"replies":[{"embeddable":true,"href":"https:\/\/pedrocasiano.es\/index.php?rest_route=%2Fwp%2Fv2%2Fcomments&post=3763"}],"version-history":[{"count":1,"href":"https:\/\/pedrocasiano.es\/index.php?rest_route=\/wp\/v2\/pages\/3763\/revisions"}],"predecessor-version":[{"id":3765,"href":"https:\/\/pedrocasiano.es\/index.php?rest_route=\/wp\/v2\/pages\/3763\/revisions\/3765"}],"wp:attachment":[{"href":"https:\/\/pedrocasiano.es\/index.php?rest_route=%2Fwp%2Fv2%2Fmedia&parent=3763"}],"curies":[{"name":"wp","href":"https:\/\/api.w.org\/{rel}","templated":true}]}}