{"id":3760,"date":"2024-02-22T16:09:32","date_gmt":"2024-02-22T16:09:32","guid":{"rendered":"https:\/\/pedrocasiano.es\/?page_id=3760"},"modified":"2024-02-22T16:09:33","modified_gmt":"2024-02-22T16:09:33","slug":"la-monja-milagrera","status":"publish","type":"page","link":"https:\/\/pedrocasiano.es\/?page_id=3760","title":{"rendered":"La Monja Milagrera"},"content":{"rendered":"\n<div class=\"wp-block-media-text is-stacked-on-mobile is-vertically-aligned-top\" style=\"grid-template-columns:22% auto\"><figure class=\"wp-block-media-text__media\"><img decoding=\"async\" width=\"505\" height=\"700\" data-src=\"https:\/\/pedrocasiano.es\/wp-content\/uploads\/2024\/02\/la-monja-milagrera.jpg\" alt=\"\" class=\"wp-image-3761 size-full lazyload\" src=\"data:image\/svg+xml;base64,PHN2ZyB3aWR0aD0iMSIgaGVpZ2h0PSIxIiB4bWxucz0iaHR0cDovL3d3dy53My5vcmcvMjAwMC9zdmciPjwvc3ZnPg==\" style=\"--smush-placeholder-width: 505px; --smush-placeholder-aspect-ratio: 505\/700;\" \/><\/figure><div class=\"wp-block-media-text__content\">\n<p>El caso de Magdalena de la Cruz, monja del Convento de Santa Isabel de los Angeles, natural de Aguilar de la Frontera. Lleg\u00f3 esta \u00e1 gozar tal fama de santidad, que todos la conocian por la Monja milagrera: \u00e1 ella acudian en demanda del alivio de sus males; los nobles le consultaban los asuntos mas arduos, y todos creian que despues de muerta ser\u00eda colocada en los altares. Entre los milagros que se le atribu\u00edan, figuraba el que, al ir \u00e1 darle la comuni\u00f3n, vol\u00f3 la Sagrada forma desde la mano del sacerdote \u00e1 la boca de la santa, y que estando esta enferma de resultas de hab\u00e9rsele fracturado una pierna, impidi\u00e9ndole subir al mirador \u00e1 ver una procesi\u00f3n que sali\u00f3 de Santa Marina, en la octava del Corpus, como ya tenemos anotado, se abri\u00f3 la pared de su celda y vio la fiesta desde su lecho, con admiracion de las otras religiosas que la acompa\u00f1aban. Lleg\u00f3, al fin, un dia en que se descubriera tanta farsa: estando varias monjas \u00e1 el acecho, vieron una noche penetrar en su celda un gallardo joven, que se entr\u00f3 con ella en el lecho, y le estuvo dando quejas de que se tratase mal, cuando por su mediacion consegu\u00eda cuanto su deseo imaginaba: sospecharon entonces si tendr\u00eda tratos con el demonio, y dieron aviso al confesor de una de ellas, que debi\u00f3 delatarla \u00e1 la Inquisici\u00f3n, cuando una noche, ya mediada, se present\u00f3 en el convento uno de los jueces, quien hizo llamar \u00e1 Sor Magdalena de la Cruz, \u00e1 la que se llev\u00f3 en un carruage al efecto preparado. Ya en el tribunal, la pobre monja confes\u00f3 tener pacto con el diablo, el cual le inspiraba cuanto hacia, acompa\u00f1ando su declaracion con tantas l\u00e1grimas de arrepentimiento, que los inquisidores tuvieron alguna piedad de ella; mas no por eso dejaron de sacarla en penitencia en el auto de f\u00e9 celebrado en 1555, con una vela amarilla en la mano, descalza y llevando una gruesa soga al cuello, disponiendo que acabase su vida en un convento de And\u00fajar, donde todos los dias, al ir al refectorio, se habia de tender atravesada en la puerta, pasando por cima las otras monjas, haciendo ademan de pisarla, sentencia cumplida con gran resignacion hasta que muri\u00f3, dejando nueva fama de buena religiosa. Este suceso fu\u00e9 muy ruidoso, por lo mismo que Magdalena de la Cruz habia logrado tanta celebridad; cuentan que hasta Carlos I, quinto de Alemania, le remit\u00eda para que las bendigese las canastillas preparadas, cuando su esposa estaba en cinta.<\/p>\n<\/div><\/div>\n","protected":false},"excerpt":{"rendered":"<p>El caso de Magdalena de la Cruz, monja del Convento de Santa Isabel de los Angeles, natural de Aguilar de la Frontera. Lleg\u00f3 esta \u00e1 gozar tal fama de santidad, que todos la conocian por la Monja milagrera: \u00e1 ella acudian en demanda del alivio de sus males; los nobles le consultaban los asuntos mas &hellip; <\/p>\n<p class=\"link-more\"><a href=\"https:\/\/pedrocasiano.es\/?page_id=3760\" class=\"more-link\">Leer m\u00e1s<span class=\"screen-reader-text\"> \u00abLa Monja Milagrera\u00bb<\/span><\/a><\/p>\n","protected":false},"author":1,"featured_media":0,"parent":0,"menu_order":0,"comment_status":"closed","ping_status":"closed","template":"","meta":{"inspiro_hide_title":false,"footnotes":""},"class_list":["post-3760","page","type-page","status-publish","hentry"],"featured_media_urls":[],"_links":{"self":[{"href":"https:\/\/pedrocasiano.es\/index.php?rest_route=\/wp\/v2\/pages\/3760","targetHints":{"allow":["GET"]}}],"collection":[{"href":"https:\/\/pedrocasiano.es\/index.php?rest_route=\/wp\/v2\/pages"}],"about":[{"href":"https:\/\/pedrocasiano.es\/index.php?rest_route=\/wp\/v2\/types\/page"}],"author":[{"embeddable":true,"href":"https:\/\/pedrocasiano.es\/index.php?rest_route=\/wp\/v2\/users\/1"}],"replies":[{"embeddable":true,"href":"https:\/\/pedrocasiano.es\/index.php?rest_route=%2Fwp%2Fv2%2Fcomments&post=3760"}],"version-history":[{"count":1,"href":"https:\/\/pedrocasiano.es\/index.php?rest_route=\/wp\/v2\/pages\/3760\/revisions"}],"predecessor-version":[{"id":3762,"href":"https:\/\/pedrocasiano.es\/index.php?rest_route=\/wp\/v2\/pages\/3760\/revisions\/3762"}],"wp:attachment":[{"href":"https:\/\/pedrocasiano.es\/index.php?rest_route=%2Fwp%2Fv2%2Fmedia&parent=3760"}],"curies":[{"name":"wp","href":"https:\/\/api.w.org\/{rel}","templated":true}]}}