{"id":3757,"date":"2024-02-22T16:07:47","date_gmt":"2024-02-22T16:07:47","guid":{"rendered":"https:\/\/pedrocasiano.es\/?page_id=3757"},"modified":"2024-02-22T16:07:48","modified_gmt":"2024-02-22T16:07:48","slug":"el-amable-caracter-cordobes","status":"publish","type":"page","link":"https:\/\/pedrocasiano.es\/?page_id=3757","title":{"rendered":"El Amable Car\u00e1cter Cordob\u00e9s."},"content":{"rendered":"\n<div class=\"wp-block-media-text is-stacked-on-mobile is-vertically-aligned-top\" style=\"grid-template-columns:30% auto\"><figure class=\"wp-block-media-text__media\"><img decoding=\"async\" width=\"383\" height=\"500\" data-src=\"https:\/\/pedrocasiano.es\/wp-content\/uploads\/2024\/02\/el-amable-caracter.jpg\" alt=\"\" class=\"wp-image-3758 size-full lazyload\" src=\"data:image\/svg+xml;base64,PHN2ZyB3aWR0aD0iMSIgaGVpZ2h0PSIxIiB4bWxucz0iaHR0cDovL3d3dy53My5vcmcvMjAwMC9zdmciPjwvc3ZnPg==\" style=\"--smush-placeholder-width: 383px; --smush-placeholder-aspect-ratio: 383\/500;\" \/><\/figure><div class=\"wp-block-media-text__content\">\n<p>Era costumbre entre los caballeros cordobeses, correr ca\u00f1as, lidiar toros y dedicarse \u00e1 otros ejercicios de esta clase. Casi todos los Domingos, iban al Matadero, y sacando las reses con cuerdas, corr\u00edan la ciudad, par\u00e1ndose cada uno en la calle en que vivia la due\u00f1a de sus pensamientos, la que, con aquel aliciente, solia salir al balc\u00f3n \u00f3 ventana, sin causar la menor sospecha en su familia. Una tarde llegaron varios \u00e1 la plazuela en que nos encontramos, y sobre si el toro habia de pararse \u00f3 n\u00f3, se trabaron de palabras dos j\u00f3venes llamados D. Juan Gomez de Leon y D. Fernando Carrillo, los que, echando manos \u00e1 sus espadas, empezaron \u00e1 batirse, sin cuidarse del toro, que, llegando de pronto, cogi\u00f3 al primero y lo ech\u00f3 por alto \u00e1 mas de dos varas, con tan buena suerte, que cay\u00f3 de pi\u00e9 y arremeti\u00f3 contra el bicho, d\u00e1ndole tal estocada, que lo dej\u00f3 muerto en el acto; volvi\u00f3se \u00e1 su contrario para seguir lidiando, cuando los amigos lo sujetaron, diciendo que debia darse por terminada la contienda, puesto que muerto el toro, habia desaparecido la causa de su reyerta ; con esto lograron hacerlos amigos, como lo fueron toda la vida.<\/p>\n<\/div><\/div>\n","protected":false},"excerpt":{"rendered":"<p>Era costumbre entre los caballeros cordobeses, correr ca\u00f1as, lidiar toros y dedicarse \u00e1 otros ejercicios de esta clase. Casi todos los Domingos, iban al Matadero, y sacando las reses con cuerdas, corr\u00edan la ciudad, par\u00e1ndose cada uno en la calle en que vivia la due\u00f1a de sus pensamientos, la que, con aquel aliciente, solia salir &hellip; <\/p>\n<p class=\"link-more\"><a href=\"https:\/\/pedrocasiano.es\/?page_id=3757\" class=\"more-link\">Leer m\u00e1s<span class=\"screen-reader-text\"> \u00abEl Amable Car\u00e1cter Cordob\u00e9s.\u00bb<\/span><\/a><\/p>\n","protected":false},"author":1,"featured_media":0,"parent":0,"menu_order":0,"comment_status":"closed","ping_status":"closed","template":"","meta":{"inspiro_hide_title":false,"footnotes":""},"class_list":["post-3757","page","type-page","status-publish","hentry"],"featured_media_urls":[],"_links":{"self":[{"href":"https:\/\/pedrocasiano.es\/index.php?rest_route=\/wp\/v2\/pages\/3757","targetHints":{"allow":["GET"]}}],"collection":[{"href":"https:\/\/pedrocasiano.es\/index.php?rest_route=\/wp\/v2\/pages"}],"about":[{"href":"https:\/\/pedrocasiano.es\/index.php?rest_route=\/wp\/v2\/types\/page"}],"author":[{"embeddable":true,"href":"https:\/\/pedrocasiano.es\/index.php?rest_route=\/wp\/v2\/users\/1"}],"replies":[{"embeddable":true,"href":"https:\/\/pedrocasiano.es\/index.php?rest_route=%2Fwp%2Fv2%2Fcomments&post=3757"}],"version-history":[{"count":1,"href":"https:\/\/pedrocasiano.es\/index.php?rest_route=\/wp\/v2\/pages\/3757\/revisions"}],"predecessor-version":[{"id":3759,"href":"https:\/\/pedrocasiano.es\/index.php?rest_route=\/wp\/v2\/pages\/3757\/revisions\/3759"}],"wp:attachment":[{"href":"https:\/\/pedrocasiano.es\/index.php?rest_route=%2Fwp%2Fv2%2Fmedia&parent=3757"}],"curies":[{"name":"wp","href":"https:\/\/api.w.org\/{rel}","templated":true}]}}