{"id":3754,"date":"2024-02-22T16:05:34","date_gmt":"2024-02-22T16:05:34","guid":{"rendered":"https:\/\/pedrocasiano.es\/?page_id=3754"},"modified":"2024-02-22T16:05:35","modified_gmt":"2024-02-22T16:05:35","slug":"el-caballo-de-don-pedro-clavijo","status":"publish","type":"page","link":"https:\/\/pedrocasiano.es\/?page_id=3754","title":{"rendered":"El Caballo de Don Pedro Clavijo"},"content":{"rendered":"\n<div class=\"wp-block-media-text is-stacked-on-mobile is-vertically-aligned-top\" style=\"grid-template-columns:27% auto\"><figure class=\"wp-block-media-text__media\"><img decoding=\"async\" width=\"394\" height=\"700\" data-src=\"https:\/\/pedrocasiano.es\/wp-content\/uploads\/2024\/02\/el-caballo-de-don-pedro.jpg\" alt=\"\" class=\"wp-image-3755 size-full lazyload\" src=\"data:image\/svg+xml;base64,PHN2ZyB3aWR0aD0iMSIgaGVpZ2h0PSIxIiB4bWxucz0iaHR0cDovL3d3dy53My5vcmcvMjAwMC9zdmciPjwvc3ZnPg==\" style=\"--smush-placeholder-width: 394px; --smush-placeholder-aspect-ratio: 394\/700;\" \/><\/figure><div class=\"wp-block-media-text__content\">\n<p>D. Pedro Clavijo, caballero cordob\u00e9s que sirvi\u00f3 en Italia, con el Gran Capit\u00e1n, de donde trajo un hermoso caballo que todos elogiaban; ten\u00eda la falta de dar muchas coces en cuanto se le tocaba en los cuartos traseros. Por aquel tiempo reedificaron dos arcos del puente y pusieron unos maderos \u00f3 tablas para conducir la mezcla, por donde, aunque con riesgo, pasaba la gente. Lleg\u00f3 Pascua de Pentecost\u00e9s y, conforme \u00e1 las costumbres de aquel tiempo, los cordobeses iban \u00e1 la iglesia del Esp\u00edritu Santo, en el Campo de la Verdad. D. Pedro, con su caballo, sigui\u00f3 por uno de los palos, con asombro de cuantos lo ve\u00edan, que le gritaban se volviese, por el peligro en que estaba y que \u00e9l tambi\u00e9n conoci\u00f3: sin saber como salir de aquel apuro, se acord\u00f3 de la falta del caballo, y d\u00e1ndole un barazo, hizo que alzara los pies al mismo tiempo que le tir\u00f3 de las riendas, oblig\u00e1ndole \u00e1 volver con tanta velocidad, que se qued\u00f3 sobre el madero, pudiendo regresar al punto de donde habia partido, dando gracias \u00e1 Dios de haberle salvado la vida. Con este mismo caballo iba de Santa Marina para la plazuela de D. Gomez, cuando en ella se encontraba un toro de los mas bravos; al verlo, ech\u00f3 \u00e1 correr para \u00e9l; volvi\u00f3 su caballo para ponerse en salvo; mas viendo casi imposible librarse de \u00e9l, le dio al brioso corcel en las ancas, \u00e1 que correspondi\u00f3 con dos coces que, dando en el testuz al bicho que lo persegu\u00eda, lo dej\u00f3 muerto en el instante.<\/p>\n<\/div><\/div>\n","protected":false},"excerpt":{"rendered":"<p>D. Pedro Clavijo, caballero cordob\u00e9s que sirvi\u00f3 en Italia, con el Gran Capit\u00e1n, de donde trajo un hermoso caballo que todos elogiaban; ten\u00eda la falta de dar muchas coces en cuanto se le tocaba en los cuartos traseros. Por aquel tiempo reedificaron dos arcos del puente y pusieron unos maderos \u00f3 tablas para conducir la &hellip; <\/p>\n<p class=\"link-more\"><a href=\"https:\/\/pedrocasiano.es\/?page_id=3754\" class=\"more-link\">Leer m\u00e1s<span class=\"screen-reader-text\"> \u00abEl Caballo de Don Pedro Clavijo\u00bb<\/span><\/a><\/p>\n","protected":false},"author":1,"featured_media":0,"parent":0,"menu_order":0,"comment_status":"closed","ping_status":"closed","template":"","meta":{"inspiro_hide_title":false,"footnotes":""},"class_list":["post-3754","page","type-page","status-publish","hentry"],"featured_media_urls":[],"_links":{"self":[{"href":"https:\/\/pedrocasiano.es\/index.php?rest_route=\/wp\/v2\/pages\/3754","targetHints":{"allow":["GET"]}}],"collection":[{"href":"https:\/\/pedrocasiano.es\/index.php?rest_route=\/wp\/v2\/pages"}],"about":[{"href":"https:\/\/pedrocasiano.es\/index.php?rest_route=\/wp\/v2\/types\/page"}],"author":[{"embeddable":true,"href":"https:\/\/pedrocasiano.es\/index.php?rest_route=\/wp\/v2\/users\/1"}],"replies":[{"embeddable":true,"href":"https:\/\/pedrocasiano.es\/index.php?rest_route=%2Fwp%2Fv2%2Fcomments&post=3754"}],"version-history":[{"count":1,"href":"https:\/\/pedrocasiano.es\/index.php?rest_route=\/wp\/v2\/pages\/3754\/revisions"}],"predecessor-version":[{"id":3756,"href":"https:\/\/pedrocasiano.es\/index.php?rest_route=\/wp\/v2\/pages\/3754\/revisions\/3756"}],"wp:attachment":[{"href":"https:\/\/pedrocasiano.es\/index.php?rest_route=%2Fwp%2Fv2%2Fmedia&parent=3754"}],"curies":[{"name":"wp","href":"https:\/\/api.w.org\/{rel}","templated":true}]}}