{"id":3751,"date":"2024-02-22T16:04:10","date_gmt":"2024-02-22T16:04:10","guid":{"rendered":"https:\/\/pedrocasiano.es\/?page_id=3751"},"modified":"2024-02-22T16:04:11","modified_gmt":"2024-02-22T16:04:11","slug":"venganza-divina","status":"publish","type":"page","link":"https:\/\/pedrocasiano.es\/?page_id=3751","title":{"rendered":"Venganza Divina"},"content":{"rendered":"\n<div class=\"wp-block-media-text is-stacked-on-mobile is-vertically-aligned-top\" style=\"grid-template-columns:31% auto\"><figure class=\"wp-block-media-text__media\"><img decoding=\"async\" width=\"1024\" height=\"1024\" data-src=\"https:\/\/pedrocasiano.es\/wp-content\/uploads\/2024\/02\/phone-wallpaper-7623412_1920-1024x1024.jpg\" alt=\"\" class=\"wp-image-3752 size-full lazyload\" data-srcset=\"https:\/\/pedrocasiano.es\/wp-content\/uploads\/2024\/02\/phone-wallpaper-7623412_1920-1024x1024.jpg 1024w, https:\/\/pedrocasiano.es\/wp-content\/uploads\/2024\/02\/phone-wallpaper-7623412_1920-300x300.jpg 300w, https:\/\/pedrocasiano.es\/wp-content\/uploads\/2024\/02\/phone-wallpaper-7623412_1920-150x150.jpg 150w\" data-sizes=\"(max-width: 1024px) 100vw, 1024px\" src=\"data:image\/svg+xml;base64,PHN2ZyB3aWR0aD0iMSIgaGVpZ2h0PSIxIiB4bWxucz0iaHR0cDovL3d3dy53My5vcmcvMjAwMC9zdmciPjwvc3ZnPg==\" style=\"--smush-placeholder-width: 1024px; --smush-placeholder-aspect-ratio: 1024\/1024;\" \/><\/figure><div class=\"wp-block-media-text__content\">\n<p>Exist\u00eda en esta ciudad una pobre viuda que solo contaba para su subsistencia con el jornal de un hijo, el que contrajo relaciones con la muger de un aceitero del barrio de Santa Marina; concertaron salir una noche al campo, donde cenar\u00edan juntos; mas para ello necesitaba alg\u00fan dinero y, yendo el joven \u00e1 su casa, pidi\u00f3 \u00e1 la madre el que ten\u00eda, as\u00ed como algunos de sus preparativos; los pocos recursos con que contaban, hizo que se le negasen; de aqu\u00ed se entabl\u00f3 una reyerta que, aument\u00e1ndose, lleg\u00f3 al estremo de que aquel insultara \u00e1 la que tanto respeto deb\u00eda, acabando por darle de golpes y quitarle cuanto se le antoj\u00f3, marchando en busca de su querida. La pobre viuda, deshecha en l\u00e1grimas, no solo protestaba de una accion tan indigna, sino que se hinc\u00f3 de rodillas, clamando al cielo una venganza que ella no pod\u00eda tomar: palabras vertidas en aquel momento de dolor, mas nunca interes\u00e1ndose el coraz\u00f3n: esto no pod\u00eda ser contra su hijo. Este uni\u00f3se \u00e1 la muger del aceitero y, saliendo juntos por la puerta de Colodro, notaron un portillo abierto en la cerca del molino, por el cual entraron, eligiendo aquel lugar para el logro de sus deseos. All\u00ed estaban en completo descuido, cuando se cay\u00f3 la pared que ten\u00edan mas cerca, dejando \u00e1 los dos completamente aplastados. Cuando por la ma\u00f1ana avisaron \u00e1 D. Andr\u00e9s de la Cerda, estra\u00f1\u00f3 la noticia, por considerar la pared en buen estado; mas creci\u00f3 la sorpresa de todos al ir \u00e1 separar los escombros, pues encontraron los cad\u00e1veres de modo que no dejaba duda del intento que all\u00ed los hab\u00eda llevado. Acudi\u00f3 mucha gente, entre ella la pobre viuda, quien, con l\u00e1grimas de dolor y arrepentimiento, cont\u00f3 lo ocurrido con su hijo: todos consideraron providencial aquel suceso, de que se ocuparon hasta algunos predicadores.<\/p>\n<\/div><\/div>\n","protected":false},"excerpt":{"rendered":"<p>Exist\u00eda en esta ciudad una pobre viuda que solo contaba para su subsistencia con el jornal de un hijo, el que contrajo relaciones con la muger de un aceitero del barrio de Santa Marina; concertaron salir una noche al campo, donde cenar\u00edan juntos; mas para ello necesitaba alg\u00fan dinero y, yendo el joven \u00e1 su &hellip; <\/p>\n<p class=\"link-more\"><a href=\"https:\/\/pedrocasiano.es\/?page_id=3751\" class=\"more-link\">Leer m\u00e1s<span class=\"screen-reader-text\"> \u00abVenganza Divina\u00bb<\/span><\/a><\/p>\n","protected":false},"author":1,"featured_media":0,"parent":0,"menu_order":0,"comment_status":"closed","ping_status":"closed","template":"","meta":{"inspiro_hide_title":false,"footnotes":""},"class_list":["post-3751","page","type-page","status-publish","hentry"],"featured_media_urls":[],"_links":{"self":[{"href":"https:\/\/pedrocasiano.es\/index.php?rest_route=\/wp\/v2\/pages\/3751","targetHints":{"allow":["GET"]}}],"collection":[{"href":"https:\/\/pedrocasiano.es\/index.php?rest_route=\/wp\/v2\/pages"}],"about":[{"href":"https:\/\/pedrocasiano.es\/index.php?rest_route=\/wp\/v2\/types\/page"}],"author":[{"embeddable":true,"href":"https:\/\/pedrocasiano.es\/index.php?rest_route=\/wp\/v2\/users\/1"}],"replies":[{"embeddable":true,"href":"https:\/\/pedrocasiano.es\/index.php?rest_route=%2Fwp%2Fv2%2Fcomments&post=3751"}],"version-history":[{"count":1,"href":"https:\/\/pedrocasiano.es\/index.php?rest_route=\/wp\/v2\/pages\/3751\/revisions"}],"predecessor-version":[{"id":3753,"href":"https:\/\/pedrocasiano.es\/index.php?rest_route=\/wp\/v2\/pages\/3751\/revisions\/3753"}],"wp:attachment":[{"href":"https:\/\/pedrocasiano.es\/index.php?rest_route=%2Fwp%2Fv2%2Fmedia&parent=3751"}],"curies":[{"name":"wp","href":"https:\/\/api.w.org\/{rel}","templated":true}]}}