{"id":3742,"date":"2024-02-22T15:57:40","date_gmt":"2024-02-22T15:57:40","guid":{"rendered":"https:\/\/pedrocasiano.es\/?page_id=3742"},"modified":"2024-02-22T15:57:40","modified_gmt":"2024-02-22T15:57:40","slug":"la-calle-mancera","status":"publish","type":"page","link":"https:\/\/pedrocasiano.es\/?page_id=3742","title":{"rendered":"La Calle Mancera"},"content":{"rendered":"\n<div class=\"wp-block-media-text is-stacked-on-mobile is-vertically-aligned-top\" style=\"grid-template-columns:33% auto\"><figure class=\"wp-block-media-text__media\"><img decoding=\"async\" width=\"300\" height=\"225\" data-src=\"https:\/\/pedrocasiano.es\/wp-content\/uploads\/2024\/02\/mancera.jpg\" alt=\"\" class=\"wp-image-3743 size-full lazyload\" src=\"data:image\/svg+xml;base64,PHN2ZyB3aWR0aD0iMSIgaGVpZ2h0PSIxIiB4bWxucz0iaHR0cDovL3d3dy53My5vcmcvMjAwMC9zdmciPjwvc3ZnPg==\" style=\"--smush-placeholder-width: 300px; --smush-placeholder-aspect-ratio: 300\/225;\" \/><\/figure><div class=\"wp-block-media-text__content\">\n<p>Mansera o Mancera: Una mancera, tambi\u00e9n conocida como esteva, es una pieza de madera colocada en la parte trasera del arado, sobre la cual lleva la mano la persona que ara sirvi\u00e9ndole de gu\u00eda, para as\u00ed dirigir la reja y apretarla contra la tierra.<\/p>\n\n\n\n<p><br>Por bajo de la Calle Guti\u00e9rrez de los R\u00edos, hay una calle sin salida, que ha por nombre Mansera [Mancera], apodo de un operario del campo. segun una tablilla colocada en 1559, entre los milagros \u00fa ofrendas colgados en el p\u00f3rtico del santuario de Ntra. Sra. de la Fuensanta, aquel trabajador se puso \u00e1 arar sus tierras en el dia de aquella imagen, accion criticada por un compa\u00f1ero, \u00e1 quien contest\u00f3 que nada ten\u00eda \u00e9l que ver con eso para no cuidar de sus intereses; palabras castigadas providencialmente, pues se le qued\u00f3 la mano pegada \u00e1 la mansera, sin poderse desacir de ella por mas esfuerzos que empleaba: con esto conoci\u00f3 su falta y, corriendo al santuario, se arrodill\u00f3 ante la V\u00edrgen, rog\u00e1ndole tuviese compasi\u00f3n de \u00e9l, que no sab\u00eda lo que hab\u00eda dicho; con esto logr\u00f3 verse libre de la mansera, que dej\u00f3 all\u00ed en memoria del suceso, y con su mano se\u00f1alada en la madera: esto se cundi\u00f3, y la gente se fijaba en \u00e9l, poni\u00e9ndole el apodo de Mansera, que luego pas\u00f3 \u00e1 ser nombre de su calle.<\/p>\n<\/div><\/div>\n","protected":false},"excerpt":{"rendered":"<p>Mansera o Mancera: Una mancera, tambi\u00e9n conocida como esteva, es una pieza de madera colocada en la parte trasera del arado, sobre la cual lleva la mano la persona que ara sirvi\u00e9ndole de gu\u00eda, para as\u00ed dirigir la reja y apretarla contra la tierra. Por bajo de la Calle Guti\u00e9rrez de los R\u00edos, hay una &hellip; <\/p>\n<p class=\"link-more\"><a href=\"https:\/\/pedrocasiano.es\/?page_id=3742\" class=\"more-link\">Leer m\u00e1s<span class=\"screen-reader-text\"> \u00abLa Calle Mancera\u00bb<\/span><\/a><\/p>\n","protected":false},"author":1,"featured_media":0,"parent":0,"menu_order":0,"comment_status":"closed","ping_status":"closed","template":"","meta":{"inspiro_hide_title":false,"footnotes":""},"class_list":["post-3742","page","type-page","status-publish","hentry"],"featured_media_urls":[],"_links":{"self":[{"href":"https:\/\/pedrocasiano.es\/index.php?rest_route=\/wp\/v2\/pages\/3742","targetHints":{"allow":["GET"]}}],"collection":[{"href":"https:\/\/pedrocasiano.es\/index.php?rest_route=\/wp\/v2\/pages"}],"about":[{"href":"https:\/\/pedrocasiano.es\/index.php?rest_route=\/wp\/v2\/types\/page"}],"author":[{"embeddable":true,"href":"https:\/\/pedrocasiano.es\/index.php?rest_route=\/wp\/v2\/users\/1"}],"replies":[{"embeddable":true,"href":"https:\/\/pedrocasiano.es\/index.php?rest_route=%2Fwp%2Fv2%2Fcomments&post=3742"}],"version-history":[{"count":1,"href":"https:\/\/pedrocasiano.es\/index.php?rest_route=\/wp\/v2\/pages\/3742\/revisions"}],"predecessor-version":[{"id":3744,"href":"https:\/\/pedrocasiano.es\/index.php?rest_route=\/wp\/v2\/pages\/3742\/revisions\/3744"}],"wp:attachment":[{"href":"https:\/\/pedrocasiano.es\/index.php?rest_route=%2Fwp%2Fv2%2Fmedia&parent=3742"}],"curies":[{"name":"wp","href":"https:\/\/api.w.org\/{rel}","templated":true}]}}