{"id":3738,"date":"2024-02-22T15:55:36","date_gmt":"2024-02-22T15:55:36","guid":{"rendered":"https:\/\/pedrocasiano.es\/?page_id=3738"},"modified":"2024-02-22T15:55:37","modified_gmt":"2024-02-22T15:55:37","slug":"el-muerto-no-tan-muerto-y-un-buen-silletazo","status":"publish","type":"page","link":"https:\/\/pedrocasiano.es\/?page_id=3738","title":{"rendered":"El Muerto, no tan Muerto, y un Buen Silletazo."},"content":{"rendered":"\n<div class=\"wp-block-media-text is-stacked-on-mobile is-vertically-aligned-top\"><figure class=\"wp-block-media-text__media\"><img decoding=\"async\" width=\"1024\" height=\"960\" data-src=\"https:\/\/pedrocasiano.es\/wp-content\/uploads\/2024\/02\/ai-generated-8415982_1280-1024x960.jpg\" alt=\"\" class=\"wp-image-3740 size-full lazyload\" src=\"data:image\/svg+xml;base64,PHN2ZyB3aWR0aD0iMSIgaGVpZ2h0PSIxIiB4bWxucz0iaHR0cDovL3d3dy53My5vcmcvMjAwMC9zdmciPjwvc3ZnPg==\" style=\"--smush-placeholder-width: 1024px; --smush-placeholder-aspect-ratio: 1024\/960;\" \/><\/figure><div class=\"wp-block-media-text__content\">\n<p>En 1835, cuando el c\u00f3lera se present\u00f3 por vez primera en C\u00f3rdoba, tambi\u00e9n hizo mucho da\u00f1o entre los vecinos de la calle de Almonas que, horrorizados, hacian sacar los cad\u00e1veres en cuanto creian que los enfermos acababan de espirar. Cuentan que un linero llamado Martinez, sufri\u00f3 la enfermedad y, juzg\u00e1ndolo difunto, le pusieron un h\u00e1bito de fraile Francisco y lo hecharon en la caja, en la que lo conduc\u00edan, cuando volvi\u00f3 en s\u00ed cerca de la puerta Nueva y empez\u00f3 \u00e1 dar lamentos, preguntando \u00e1 donde lo llevaban ; aturdi\u00e9ronse los sepultureros, y poniendo la caja en el suelo echaron \u00e1 correr, dejando al infeliz en tan angustioso trance; mas \u00e9l, como pudo, levant\u00f3se y se volvi\u00f3 \u00e1 su casa, \u00e1 la saz\u00f3n que su muger, dem\u00e1s familia y amigos estaban reunidos, los que al verlo entrar, todos huyeron y juzg\u00e1ndolo una aparici\u00f3n, sin dar cr\u00e9dito \u00e1 sus palabras, particularmente la muger, que le demandaba lo que quer\u00eda y le ofrec\u00eda mandarle decir alguna misa, hasta que de la s\u00faplica pas\u00f3 al corage, y el resucitado la convenci\u00f3 con un silletazo, de que era la realidad y no un sue\u00f1o lo que estaba sucediendo, por la censurable ligereza con que habian obrado.<\/p>\n<\/div><\/div>\n","protected":false},"excerpt":{"rendered":"<p>En 1835, cuando el c\u00f3lera se present\u00f3 por vez primera en C\u00f3rdoba, tambi\u00e9n hizo mucho da\u00f1o entre los vecinos de la calle de Almonas que, horrorizados, hacian sacar los cad\u00e1veres en cuanto creian que los enfermos acababan de espirar. Cuentan que un linero llamado Martinez, sufri\u00f3 la enfermedad y, juzg\u00e1ndolo difunto, le pusieron un h\u00e1bito &hellip; <\/p>\n<p class=\"link-more\"><a href=\"https:\/\/pedrocasiano.es\/?page_id=3738\" class=\"more-link\">Leer m\u00e1s<span class=\"screen-reader-text\"> \u00abEl Muerto, no tan Muerto, y un Buen Silletazo.\u00bb<\/span><\/a><\/p>\n","protected":false},"author":1,"featured_media":0,"parent":0,"menu_order":0,"comment_status":"closed","ping_status":"closed","template":"","meta":{"inspiro_hide_title":false,"footnotes":""},"class_list":["post-3738","page","type-page","status-publish","hentry"],"featured_media_urls":[],"_links":{"self":[{"href":"https:\/\/pedrocasiano.es\/index.php?rest_route=\/wp\/v2\/pages\/3738","targetHints":{"allow":["GET"]}}],"collection":[{"href":"https:\/\/pedrocasiano.es\/index.php?rest_route=\/wp\/v2\/pages"}],"about":[{"href":"https:\/\/pedrocasiano.es\/index.php?rest_route=\/wp\/v2\/types\/page"}],"author":[{"embeddable":true,"href":"https:\/\/pedrocasiano.es\/index.php?rest_route=\/wp\/v2\/users\/1"}],"replies":[{"embeddable":true,"href":"https:\/\/pedrocasiano.es\/index.php?rest_route=%2Fwp%2Fv2%2Fcomments&post=3738"}],"version-history":[{"count":1,"href":"https:\/\/pedrocasiano.es\/index.php?rest_route=\/wp\/v2\/pages\/3738\/revisions"}],"predecessor-version":[{"id":3741,"href":"https:\/\/pedrocasiano.es\/index.php?rest_route=\/wp\/v2\/pages\/3738\/revisions\/3741"}],"wp:attachment":[{"href":"https:\/\/pedrocasiano.es\/index.php?rest_route=%2Fwp%2Fv2%2Fmedia&parent=3738"}],"curies":[{"name":"wp","href":"https:\/\/api.w.org\/{rel}","templated":true}]}}