{"id":3726,"date":"2024-02-22T15:43:10","date_gmt":"2024-02-22T15:43:10","guid":{"rendered":"https:\/\/pedrocasiano.es\/?page_id=3726"},"modified":"2024-04-02T04:21:09","modified_gmt":"2024-04-02T04:21:09","slug":"la-vibora-de-nuestra-senora-del-rosario","status":"publish","type":"page","link":"https:\/\/pedrocasiano.es\/?page_id=3726","title":{"rendered":"La V\u00edbora de Nuestra Se\u00f1ora del Rosario"},"content":{"rendered":"\n<figure class=\"wp-block-image alignleft\"><img decoding=\"async\" width=\"563\" height=\"370\" data-src=\"https:\/\/pedrocasiano.es\/wp-content\/uploads\/2024\/02\/73115801_2608934815831841_6604178710624993280_n.jpg\" alt=\"\" class=\"wp-image-3727 lazyload\" src=\"data:image\/svg+xml;base64,PHN2ZyB3aWR0aD0iMSIgaGVpZ2h0PSIxIiB4bWxucz0iaHR0cDovL3d3dy53My5vcmcvMjAwMC9zdmciPjwvc3ZnPg==\" style=\"--smush-placeholder-width: 563px; --smush-placeholder-aspect-ratio: 563\/370;\" \/><\/figure>\n\n\n\n<p>V\u00edbora de cascabel que envi\u00f3 Juan Garc\u00eda del Alamo \u00e1 su padre para que la pusiese en esta capilla de Nuestra Se\u00f1ora del Rosario, estando en la Monta\u00f1a de Conroques en Indias, que tiene 35 leguas de despoblado: habiendo rezado el rosario que tenia de costumbre, como \u00e1 las diez de la noche estando acostado entre duerme y vela, sinti\u00f3 ruido entre las matas y oy\u00f3 al cascabel que trae \u00e1 la cola, alz\u00f3 la cabeza vido esta v\u00edbora tan cerca de s\u00ed que no le dio lugar de tomar la espada, vali\u00f3se de la daga hincado de rodillas, encomend\u00f3se \u00e1 Nuestra Se\u00f1ora del Rosario, la v\u00edbora se arroj\u00f3 \u00e1 matarlo, esper\u00f3la con el favor de la V\u00edrgen, la clav\u00f3 con la tierra, volvi\u00f3 la cola y di\u00f3le en la pierna derecha un golpe del que estuvo con dolor muchos dias; tiene esta v\u00edbora el cascabel que le nace en la cola doce nudos y cada a\u00f1o le nace uno; p\u00fasose \u00e1 nueve de Noviembre de 1603, tiene esta v\u00edbora siete cuartas de largo con mas de tercia de ancho.<\/p>\n","protected":false},"excerpt":{"rendered":"<p>V\u00edbora de cascabel que envi\u00f3 Juan Garc\u00eda del Alamo \u00e1 su padre para que la pusiese en esta capilla de Nuestra Se\u00f1ora del Rosario, estando en la Monta\u00f1a de Conroques en Indias, que tiene 35 leguas de despoblado: habiendo rezado el rosario que tenia de costumbre, como \u00e1 las diez de la noche estando acostado &hellip; <\/p>\n<p class=\"link-more\"><a href=\"https:\/\/pedrocasiano.es\/?page_id=3726\" class=\"more-link\">Leer m\u00e1s<span class=\"screen-reader-text\"> \u00abLa V\u00edbora de Nuestra Se\u00f1ora del Rosario\u00bb<\/span><\/a><\/p>\n","protected":false},"author":1,"featured_media":0,"parent":0,"menu_order":0,"comment_status":"closed","ping_status":"closed","template":"","meta":{"inspiro_hide_title":false,"footnotes":""},"class_list":["post-3726","page","type-page","status-publish","hentry"],"featured_media_urls":[],"_links":{"self":[{"href":"https:\/\/pedrocasiano.es\/index.php?rest_route=\/wp\/v2\/pages\/3726","targetHints":{"allow":["GET"]}}],"collection":[{"href":"https:\/\/pedrocasiano.es\/index.php?rest_route=\/wp\/v2\/pages"}],"about":[{"href":"https:\/\/pedrocasiano.es\/index.php?rest_route=\/wp\/v2\/types\/page"}],"author":[{"embeddable":true,"href":"https:\/\/pedrocasiano.es\/index.php?rest_route=\/wp\/v2\/users\/1"}],"replies":[{"embeddable":true,"href":"https:\/\/pedrocasiano.es\/index.php?rest_route=%2Fwp%2Fv2%2Fcomments&post=3726"}],"version-history":[{"count":2,"href":"https:\/\/pedrocasiano.es\/index.php?rest_route=\/wp\/v2\/pages\/3726\/revisions"}],"predecessor-version":[{"id":6364,"href":"https:\/\/pedrocasiano.es\/index.php?rest_route=\/wp\/v2\/pages\/3726\/revisions\/6364"}],"wp:attachment":[{"href":"https:\/\/pedrocasiano.es\/index.php?rest_route=%2Fwp%2Fv2%2Fmedia&parent=3726"}],"curies":[{"name":"wp","href":"https:\/\/api.w.org\/{rel}","templated":true}]}}