{"id":3717,"date":"2024-02-22T15:31:55","date_gmt":"2024-02-22T15:31:55","guid":{"rendered":"https:\/\/pedrocasiano.es\/?page_id=3717"},"modified":"2024-02-22T15:31:55","modified_gmt":"2024-02-22T15:31:55","slug":"sandalio-el-carnicero","status":"publish","type":"page","link":"https:\/\/pedrocasiano.es\/?page_id=3717","title":{"rendered":"Sandalio el Carnicero"},"content":{"rendered":"\n<div class=\"wp-block-media-text is-stacked-on-mobile is-vertically-aligned-top\"><figure class=\"wp-block-media-text__media\"><img decoding=\"async\" width=\"564\" height=\"403\" data-src=\"https:\/\/pedrocasiano.es\/wp-content\/uploads\/2024\/02\/59285970_2191994284201558_5297856298648338432_n.jpg\" alt=\"\" class=\"wp-image-3718 size-full lazyload\" src=\"data:image\/svg+xml;base64,PHN2ZyB3aWR0aD0iMSIgaGVpZ2h0PSIxIiB4bWxucz0iaHR0cDovL3d3dy53My5vcmcvMjAwMC9zdmciPjwvc3ZnPg==\" style=\"--smush-placeholder-width: 564px; --smush-placeholder-aspect-ratio: 564\/403;\" \/><\/figure><div class=\"wp-block-media-text__content\">\n<p>De siempre, cuando ve\u00edamos a una chica muy delgada, o chico, o la comida era escasa, se dec\u00eda \u00aba eso no le saca un filete ni Sandalio el Carnicero\u00bb.<\/p>\n\n\n\n<p>Pues bien, Sandalio, existi\u00f3, fue un carnicero que de muchacho vino de Madrid a establecerse aqu\u00ed, famoso por la calidad de su carne y destreza en su oficio, de tal forma que una prospera descendencia, continu\u00f3 su oficio durante muchos a\u00f1os, la historia da para mucho, pero no quiero alargarla m\u00e1s.<\/p>\n<\/div><\/div>\n","protected":false},"excerpt":{"rendered":"<p>De siempre, cuando ve\u00edamos a una chica muy delgada, o chico, o la comida era escasa, se dec\u00eda \u00aba eso no le saca un filete ni Sandalio el Carnicero\u00bb. Pues bien, Sandalio, existi\u00f3, fue un carnicero que de muchacho vino de Madrid a establecerse aqu\u00ed, famoso por la calidad de su carne y destreza en &hellip; <\/p>\n<p class=\"link-more\"><a href=\"https:\/\/pedrocasiano.es\/?page_id=3717\" class=\"more-link\">Leer m\u00e1s<span class=\"screen-reader-text\"> \u00abSandalio el Carnicero\u00bb<\/span><\/a><\/p>\n","protected":false},"author":1,"featured_media":0,"parent":0,"menu_order":0,"comment_status":"closed","ping_status":"closed","template":"","meta":{"inspiro_hide_title":false,"footnotes":""},"class_list":["post-3717","page","type-page","status-publish","hentry"],"featured_media_urls":[],"_links":{"self":[{"href":"https:\/\/pedrocasiano.es\/index.php?rest_route=\/wp\/v2\/pages\/3717","targetHints":{"allow":["GET"]}}],"collection":[{"href":"https:\/\/pedrocasiano.es\/index.php?rest_route=\/wp\/v2\/pages"}],"about":[{"href":"https:\/\/pedrocasiano.es\/index.php?rest_route=\/wp\/v2\/types\/page"}],"author":[{"embeddable":true,"href":"https:\/\/pedrocasiano.es\/index.php?rest_route=\/wp\/v2\/users\/1"}],"replies":[{"embeddable":true,"href":"https:\/\/pedrocasiano.es\/index.php?rest_route=%2Fwp%2Fv2%2Fcomments&post=3717"}],"version-history":[{"count":1,"href":"https:\/\/pedrocasiano.es\/index.php?rest_route=\/wp\/v2\/pages\/3717\/revisions"}],"predecessor-version":[{"id":3719,"href":"https:\/\/pedrocasiano.es\/index.php?rest_route=\/wp\/v2\/pages\/3717\/revisions\/3719"}],"wp:attachment":[{"href":"https:\/\/pedrocasiano.es\/index.php?rest_route=%2Fwp%2Fv2%2Fmedia&parent=3717"}],"curies":[{"name":"wp","href":"https:\/\/api.w.org\/{rel}","templated":true}]}}