{"id":3711,"date":"2024-02-22T15:29:13","date_gmt":"2024-02-22T15:29:13","guid":{"rendered":"https:\/\/pedrocasiano.es\/?page_id=3711"},"modified":"2024-02-22T15:29:14","modified_gmt":"2024-02-22T15:29:14","slug":"bebe-agua-desde-los-barandales","status":"publish","type":"page","link":"https:\/\/pedrocasiano.es\/?page_id=3711","title":{"rendered":"Bebe agua desde los Barandales"},"content":{"rendered":"\n<div class=\"wp-block-media-text is-stacked-on-mobile is-vertically-aligned-top\"><figure class=\"wp-block-media-text__media\"><img decoding=\"async\" width=\"700\" height=\"465\" data-src=\"https:\/\/pedrocasiano.es\/wp-content\/uploads\/2024\/02\/beber-agua-desde.jpg\" alt=\"\" class=\"wp-image-3712 size-full lazyload\" src=\"data:image\/svg+xml;base64,PHN2ZyB3aWR0aD0iMSIgaGVpZ2h0PSIxIiB4bWxucz0iaHR0cDovL3d3dy53My5vcmcvMjAwMC9zdmciPjwvc3ZnPg==\" style=\"--smush-placeholder-width: 700px; --smush-placeholder-aspect-ratio: 700\/465;\" \/><\/figure><div class=\"wp-block-media-text__content\">\n<p>Otra de las frases que he oido de siempre, \u00bfsignificado?, tiene la lengua tan larga que llega desde los barandales del r\u00edo al mismo, se\u00f1al figurativa de que una persona era de lengua mala, filosa y da\u00f1ina, ya sabes , \u00abEsa, bebe agua desde los barandales\u00bb, que mala es la t\u00eda.<\/p>\n\n\n\n<p>De siempre, esa es mi C\u00f3rdoba, o lo era. \u00bfque mas d\u00e1?<\/p>\n\n\n\n<p>Y comprobad la altura de los barandales, vaya lengua que ten\u00eda que tener.<\/p>\n<\/div><\/div>\n","protected":false},"excerpt":{"rendered":"<p>Otra de las frases que he oido de siempre, \u00bfsignificado?, tiene la lengua tan larga que llega desde los barandales del r\u00edo al mismo, se\u00f1al figurativa de que una persona era de lengua mala, filosa y da\u00f1ina, ya sabes , \u00abEsa, bebe agua desde los barandales\u00bb, que mala es la t\u00eda. De siempre, esa es &hellip; <\/p>\n<p class=\"link-more\"><a href=\"https:\/\/pedrocasiano.es\/?page_id=3711\" class=\"more-link\">Leer m\u00e1s<span class=\"screen-reader-text\"> \u00abBebe agua desde los Barandales\u00bb<\/span><\/a><\/p>\n","protected":false},"author":1,"featured_media":0,"parent":0,"menu_order":0,"comment_status":"closed","ping_status":"closed","template":"","meta":{"inspiro_hide_title":false,"footnotes":""},"class_list":["post-3711","page","type-page","status-publish","hentry"],"featured_media_urls":[],"_links":{"self":[{"href":"https:\/\/pedrocasiano.es\/index.php?rest_route=\/wp\/v2\/pages\/3711","targetHints":{"allow":["GET"]}}],"collection":[{"href":"https:\/\/pedrocasiano.es\/index.php?rest_route=\/wp\/v2\/pages"}],"about":[{"href":"https:\/\/pedrocasiano.es\/index.php?rest_route=\/wp\/v2\/types\/page"}],"author":[{"embeddable":true,"href":"https:\/\/pedrocasiano.es\/index.php?rest_route=\/wp\/v2\/users\/1"}],"replies":[{"embeddable":true,"href":"https:\/\/pedrocasiano.es\/index.php?rest_route=%2Fwp%2Fv2%2Fcomments&post=3711"}],"version-history":[{"count":1,"href":"https:\/\/pedrocasiano.es\/index.php?rest_route=\/wp\/v2\/pages\/3711\/revisions"}],"predecessor-version":[{"id":3713,"href":"https:\/\/pedrocasiano.es\/index.php?rest_route=\/wp\/v2\/pages\/3711\/revisions\/3713"}],"wp:attachment":[{"href":"https:\/\/pedrocasiano.es\/index.php?rest_route=%2Fwp%2Fv2%2Fmedia&parent=3711"}],"curies":[{"name":"wp","href":"https:\/\/api.w.org\/{rel}","templated":true}]}}