{"id":3707,"date":"2024-02-22T15:26:25","date_gmt":"2024-02-22T15:26:25","guid":{"rendered":"https:\/\/pedrocasiano.es\/?page_id=3707"},"modified":"2024-02-22T15:27:37","modified_gmt":"2024-02-22T15:27:37","slug":"la-jicara","status":"publish","type":"page","link":"https:\/\/pedrocasiano.es\/?page_id=3707","title":{"rendered":"La J\u00edcara"},"content":{"rendered":"\n<div class=\"wp-block-media-text is-stacked-on-mobile is-vertically-aligned-top\"><figure class=\"wp-block-media-text__media\"><img decoding=\"async\" width=\"300\" height=\"325\" data-src=\"https:\/\/pedrocasiano.es\/wp-content\/uploads\/2024\/02\/jicara.jpg\" alt=\"\" class=\"wp-image-3708 size-full lazyload\" src=\"data:image\/svg+xml;base64,PHN2ZyB3aWR0aD0iMSIgaGVpZ2h0PSIxIiB4bWxucz0iaHR0cDovL3d3dy53My5vcmcvMjAwMC9zdmciPjwvc3ZnPg==\" style=\"--smush-placeholder-width: 300px; --smush-placeholder-aspect-ratio: 300\/325;\" \/><\/figure><div class=\"wp-block-media-text__content\">\n<p>Muchas tardes, eran otros tiempos, nos mandaban a por una J\u00edcara, un pedazo de chocolate de tableta, la m\u00ednima parte de una tableta.<\/p>\n\n\n\n<p>Granuloso, y con sabor a mas cosas de las que debiera, se acompa\u00f1aba de un abundante trozo de pan, pues en otro caso, a poco llenaba tan expectante barriga, la nuestra, siempre hambrienta.<\/p>\n\n\n\n<p>Eso si, una estampa de un torero te regalaban cuando la comprabas, y gustaba y mucho, por lo menos a nosotros, tan antiguos que no <a><\/a>sab\u00edamos lo que era ser pol\u00edticamente correctos.<\/p>\n<\/div><\/div>\n","protected":false},"excerpt":{"rendered":"<p>Muchas tardes, eran otros tiempos, nos mandaban a por una J\u00edcara, un pedazo de chocolate de tableta, la m\u00ednima parte de una tableta. Granuloso, y con sabor a mas cosas de las que debiera, se acompa\u00f1aba de un abundante trozo de pan, pues en otro caso, a poco llenaba tan expectante barriga, la nuestra, siempre &hellip; <\/p>\n<p class=\"link-more\"><a href=\"https:\/\/pedrocasiano.es\/?page_id=3707\" class=\"more-link\">Leer m\u00e1s<span class=\"screen-reader-text\"> \u00abLa J\u00edcara\u00bb<\/span><\/a><\/p>\n","protected":false},"author":1,"featured_media":0,"parent":0,"menu_order":0,"comment_status":"closed","ping_status":"closed","template":"","meta":{"inspiro_hide_title":false,"footnotes":""},"class_list":["post-3707","page","type-page","status-publish","hentry"],"featured_media_urls":[],"_links":{"self":[{"href":"https:\/\/pedrocasiano.es\/index.php?rest_route=\/wp\/v2\/pages\/3707","targetHints":{"allow":["GET"]}}],"collection":[{"href":"https:\/\/pedrocasiano.es\/index.php?rest_route=\/wp\/v2\/pages"}],"about":[{"href":"https:\/\/pedrocasiano.es\/index.php?rest_route=\/wp\/v2\/types\/page"}],"author":[{"embeddable":true,"href":"https:\/\/pedrocasiano.es\/index.php?rest_route=\/wp\/v2\/users\/1"}],"replies":[{"embeddable":true,"href":"https:\/\/pedrocasiano.es\/index.php?rest_route=%2Fwp%2Fv2%2Fcomments&post=3707"}],"version-history":[{"count":2,"href":"https:\/\/pedrocasiano.es\/index.php?rest_route=\/wp\/v2\/pages\/3707\/revisions"}],"predecessor-version":[{"id":3710,"href":"https:\/\/pedrocasiano.es\/index.php?rest_route=\/wp\/v2\/pages\/3707\/revisions\/3710"}],"wp:attachment":[{"href":"https:\/\/pedrocasiano.es\/index.php?rest_route=%2Fwp%2Fv2%2Fmedia&parent=3707"}],"curies":[{"name":"wp","href":"https:\/\/api.w.org\/{rel}","templated":true}]}}