{"id":3701,"date":"2024-02-22T15:20:01","date_gmt":"2024-02-22T15:20:01","guid":{"rendered":"https:\/\/pedrocasiano.es\/?page_id=3701"},"modified":"2024-02-22T15:20:02","modified_gmt":"2024-02-22T15:20:02","slug":"los-arrabales-de-la-axerquia","status":"publish","type":"page","link":"https:\/\/pedrocasiano.es\/?page_id=3701","title":{"rendered":"Los Arrabales De La Axerqu\u00eda"},"content":{"rendered":"\n<div class=\"wp-block-media-text is-stacked-on-mobile is-vertically-aligned-top\"><figure class=\"wp-block-media-text__media\"><img decoding=\"async\" width=\"1024\" height=\"680\" data-src=\"https:\/\/pedrocasiano.es\/wp-content\/uploads\/2024\/02\/58596764_2187229844678002_2293876109340573696_n-1.jpg\" alt=\"\" class=\"wp-image-3702 size-full lazyload\" src=\"data:image\/svg+xml;base64,PHN2ZyB3aWR0aD0iMSIgaGVpZ2h0PSIxIiB4bWxucz0iaHR0cDovL3d3dy53My5vcmcvMjAwMC9zdmciPjwvc3ZnPg==\" style=\"--smush-placeholder-width: 1024px; --smush-placeholder-aspect-ratio: 1024\/680;\" \/><\/figure><div class=\"wp-block-media-text__content\">\n<p>Los asentamientos en la zona que posteriormente ocup\u00f3 la Axerqu\u00eda exist\u00edan desde \u00e9poca romana, cuando ya exist\u00edan barrios residenciales (o vici) en la zona, como los encontrados en la plaza de la Corredera o en la calle Maese Luis. Sin embargo, es en el siglo IX, durante el Emirato de C\u00f3rdoba, cuando la zona comienza a ser ocupada, conformando en sus inicios el arrabal de Sabular. El arrabal de Sabular naci\u00f3 al este de la medina, <a><\/a>en torno a la v\u00eda de entrada principal a la ciudad por ese lado, y en \u00e9l se sit\u00faan dos mezquitas: una situada en la zona que m\u00e1s tarde ocup\u00f3 la iglesia de San Nicol\u00e1s de la Ajerqu\u00eda y otra, ya destruida, cuyo alminar se conserva integrado en la iglesia de Santiago.<\/p>\n\n\n\n<p>Un poco m\u00e1s al norte de este arrabal exist\u00eda otro asentamiento de car\u00e1cter moz\u00e1rabe en torno a la bas\u00edlica de los Tres Santos, donde actualmente se encuentra la bas\u00edlica de San Pedro.<\/p>\n\n\n\n<p>Para mediados del siglo X se contabilizaban hasta seis arrabales en la zona de la Axerqu\u00eda: Sabular, Furn Burril, al-Bury, Munyat Abd Allah, rabad al-Zahira y Munyat al-Mugira. Precisamente a este \u00faltimo pertenec\u00eda la mezquita cuyo alminar puede verse integrado en la actual iglesia de San Lorenzo.<\/p>\n\n\n\n<p>A diferencia de los arrabales situados al oeste de la ciudad, la Axerqu\u00eda no sufri\u00f3 los saqueos a cargo de los bereberes sucedidos en el siglo XI debido a la muralla que rodeaba al n\u00facleo de poblaci\u00f3n. Restos de este amurallado han sido encontrados junto a la antigua puerta de Baeza y en la avenida de las Oller\u00edas, donde se encontraron restos de un torre\u00f3n.<\/p>\n<\/div><\/div>\n","protected":false},"excerpt":{"rendered":"<p>Los asentamientos en la zona que posteriormente ocup\u00f3 la Axerqu\u00eda exist\u00edan desde \u00e9poca romana, cuando ya exist\u00edan barrios residenciales (o vici) en la zona, como los encontrados en la plaza de la Corredera o en la calle Maese Luis. Sin embargo, es en el siglo IX, durante el Emirato de C\u00f3rdoba, cuando la zona comienza &hellip; <\/p>\n<p class=\"link-more\"><a href=\"https:\/\/pedrocasiano.es\/?page_id=3701\" class=\"more-link\">Leer m\u00e1s<span class=\"screen-reader-text\"> \u00abLos Arrabales De La Axerqu\u00eda\u00bb<\/span><\/a><\/p>\n","protected":false},"author":1,"featured_media":0,"parent":0,"menu_order":0,"comment_status":"closed","ping_status":"closed","template":"","meta":{"inspiro_hide_title":false,"footnotes":""},"class_list":["post-3701","page","type-page","status-publish","hentry"],"featured_media_urls":[],"_links":{"self":[{"href":"https:\/\/pedrocasiano.es\/index.php?rest_route=\/wp\/v2\/pages\/3701","targetHints":{"allow":["GET"]}}],"collection":[{"href":"https:\/\/pedrocasiano.es\/index.php?rest_route=\/wp\/v2\/pages"}],"about":[{"href":"https:\/\/pedrocasiano.es\/index.php?rest_route=\/wp\/v2\/types\/page"}],"author":[{"embeddable":true,"href":"https:\/\/pedrocasiano.es\/index.php?rest_route=\/wp\/v2\/users\/1"}],"replies":[{"embeddable":true,"href":"https:\/\/pedrocasiano.es\/index.php?rest_route=%2Fwp%2Fv2%2Fcomments&post=3701"}],"version-history":[{"count":1,"href":"https:\/\/pedrocasiano.es\/index.php?rest_route=\/wp\/v2\/pages\/3701\/revisions"}],"predecessor-version":[{"id":3703,"href":"https:\/\/pedrocasiano.es\/index.php?rest_route=\/wp\/v2\/pages\/3701\/revisions\/3703"}],"wp:attachment":[{"href":"https:\/\/pedrocasiano.es\/index.php?rest_route=%2Fwp%2Fv2%2Fmedia&parent=3701"}],"curies":[{"name":"wp","href":"https:\/\/api.w.org\/{rel}","templated":true}]}}