{"id":3695,"date":"2024-02-22T15:14:31","date_gmt":"2024-02-22T15:14:31","guid":{"rendered":"https:\/\/pedrocasiano.es\/?page_id=3695"},"modified":"2024-10-22T09:39:48","modified_gmt":"2024-10-22T09:39:48","slug":"las-iglesias-fernandinas","status":"publish","type":"page","link":"https:\/\/pedrocasiano.es\/?page_id=3695","title":{"rendered":"Las Iglesias Fernandinas"},"content":{"rendered":"\n<div class=\"wp-block-media-text is-stacked-on-mobile is-vertically-aligned-top\"><figure class=\"wp-block-media-text__media\"><img decoding=\"async\" width=\"734\" height=\"1024\" data-src=\"https:\/\/pedrocasiano.es\/wp-content\/uploads\/2024\/10\/84080687_2807568742635113_7600495146295099392_n.jpg\" alt=\"\" class=\"wp-image-11621 size-full lazyload\" src=\"data:image\/svg+xml;base64,PHN2ZyB3aWR0aD0iMSIgaGVpZ2h0PSIxIiB4bWxucz0iaHR0cDovL3d3dy53My5vcmcvMjAwMC9zdmciPjwvc3ZnPg==\" style=\"--smush-placeholder-width: 734px; --smush-placeholder-aspect-ratio: 734\/1024;\" \/><\/figure><div class=\"wp-block-media-text__content\">\n<p>Cosas que posiblemente sabemos, pero que a los que no las conocen, les gustar\u00e1 conocerlas.<br>Las Iglesias Fernandinas.<br>En C\u00f3rdoba se conoce con el nombre de Iglesias Fernandinas a aquellos templos cristianos que fueron mandados erigir por Fernando III \u201cEl Santo\u201d tras la conquista de la ciudad en el siglo XIII. Se les denomina tambi\u00e9n iglesias de reconquista.<br>La misi\u00f3n de cada una de estas iglesias era doble. Por una parte, la de ser centros espirituales de la ciudad, funcionando como iglesias, y por otra, ser los centros administrativos de la ciudad de C\u00f3rdoba, siendo cada una de las iglesias, cabeceras de los barrios o collaciones en los cuales se divid\u00eda la ciudad desde la Edad Media y hasta el siglo XX<\/p>\n\n\n\n<p>Las iglesias se suelen clasificar como mud\u00e9jares. Presentan elementos del tardog\u00f3tico y g\u00f3tico, con influencia del Cister.<br>Se trata de edificios de planta basilical, de tres naves, m\u00e1s alta y ancha la central. Las naves se dividen mediante arcos doblados de medio punto, que cargan sobre pilares compuestos, con columnillas adosadas, y sencillos capiteles de decoraci\u00f3n vegetal. Las naves se cubr\u00edan con artesanado mud\u00e9jar, policromado, muchos de los cuales fueron sustituidos por b\u00f3vedas.<br>La cabecera es triple y absidiada. Las cabeceras se cubren con b\u00f3vedas de crucer\u00eda de nervio.<br>En la fachada, tienen contrafuertes de estilo rom\u00e1nico. Las portadas, sencillas, son abocinadas y se coronan con rosetones g\u00f3ticos.<br>La mayor\u00eda de las iglesias fueron modificadas, especialmente durante los siglos XVII y XVIII. Se a\u00f1adieron b\u00f3vedas que cubr\u00edan el artesonado original y revistieron sus paredes con decoraci\u00f3n barroca. Tambi\u00e9n se colocaron retablos en las cabeceras.<\/p>\n\n\n\n<p>Esto es lo que resta:<br>Iglesias fernandinas en la Villa:<br>Iglesia de San Nicol\u00e1s de la Villa<br>Iglesia de San Miguel<br>Iglesia de Santo Domingo de Silos (desaparecida)<br>Iglesia de Santa Mar\u00eda (Catedral)<br>Iglesia de San Juan y todos los Santos<br>Omnium Sanctorum (desaparecida)<br>Iglesia del Salvador (desaparecida)<\/p>\n\n\n\n<p>Iglesias fernandinas en la Ajerqu\u00eda:<br>Iglesia de Santa Marina<br>Iglesia de San Andr\u00e9s<br>Iglesia de San Nicol\u00e1s de la Ajerqu\u00eda (desaparecida)<br>Iglesia de San Lorenzo<br>Iglesia de Santiago<br>Iglesia de San Pedro<br>Iglesia de la Magdalena (fue desacralizada)<\/p>\n<\/div><\/div>\n","protected":false},"excerpt":{"rendered":"<p>Cosas que posiblemente sabemos, pero que a los que no las conocen, les gustar\u00e1 conocerlas.Las Iglesias Fernandinas.En C\u00f3rdoba se conoce con el nombre de Iglesias Fernandinas a aquellos templos cristianos que fueron mandados erigir por Fernando III \u201cEl Santo\u201d tras la conquista de la ciudad en el siglo XIII. Se les denomina tambi\u00e9n iglesias de &hellip; <\/p>\n<p class=\"link-more\"><a href=\"https:\/\/pedrocasiano.es\/?page_id=3695\" class=\"more-link\">Leer m\u00e1s<span class=\"screen-reader-text\"> \u00abLas Iglesias Fernandinas\u00bb<\/span><\/a><\/p>\n","protected":false},"author":1,"featured_media":0,"parent":0,"menu_order":0,"comment_status":"closed","ping_status":"closed","template":"","meta":{"inspiro_hide_title":false,"footnotes":""},"class_list":["post-3695","page","type-page","status-publish","hentry"],"featured_media_urls":[],"_links":{"self":[{"href":"https:\/\/pedrocasiano.es\/index.php?rest_route=\/wp\/v2\/pages\/3695","targetHints":{"allow":["GET"]}}],"collection":[{"href":"https:\/\/pedrocasiano.es\/index.php?rest_route=\/wp\/v2\/pages"}],"about":[{"href":"https:\/\/pedrocasiano.es\/index.php?rest_route=\/wp\/v2\/types\/page"}],"author":[{"embeddable":true,"href":"https:\/\/pedrocasiano.es\/index.php?rest_route=\/wp\/v2\/users\/1"}],"replies":[{"embeddable":true,"href":"https:\/\/pedrocasiano.es\/index.php?rest_route=%2Fwp%2Fv2%2Fcomments&post=3695"}],"version-history":[{"count":2,"href":"https:\/\/pedrocasiano.es\/index.php?rest_route=\/wp\/v2\/pages\/3695\/revisions"}],"predecessor-version":[{"id":11622,"href":"https:\/\/pedrocasiano.es\/index.php?rest_route=\/wp\/v2\/pages\/3695\/revisions\/11622"}],"wp:attachment":[{"href":"https:\/\/pedrocasiano.es\/index.php?rest_route=%2Fwp%2Fv2%2Fmedia&parent=3695"}],"curies":[{"name":"wp","href":"https:\/\/api.w.org\/{rel}","templated":true}]}}