{"id":3688,"date":"2024-02-22T10:50:09","date_gmt":"2024-02-22T10:50:09","guid":{"rendered":"https:\/\/pedrocasiano.es\/?page_id=3688"},"modified":"2024-02-22T10:50:10","modified_gmt":"2024-02-22T10:50:10","slug":"adarve","status":"publish","type":"page","link":"https:\/\/pedrocasiano.es\/?page_id=3688","title":{"rendered":"Adarve"},"content":{"rendered":"\n<div class=\"wp-block-media-text is-stacked-on-mobile is-vertically-aligned-top\"><figure class=\"wp-block-media-text__media\"><img decoding=\"async\" width=\"1024\" height=\"1024\" data-src=\"https:\/\/pedrocasiano.es\/wp-content\/uploads\/2024\/02\/street-6026399_1920-1024x1024.jpg\" alt=\"\" class=\"wp-image-3689 size-full lazyload\" src=\"data:image\/svg+xml;base64,PHN2ZyB3aWR0aD0iMSIgaGVpZ2h0PSIxIiB4bWxucz0iaHR0cDovL3d3dy53My5vcmcvMjAwMC9zdmciPjwvc3ZnPg==\" style=\"--smush-placeholder-width: 1024px; --smush-placeholder-aspect-ratio: 1024\/1024;\" \/><\/figure><div class=\"wp-block-media-text__content\">\n<p>Un adarve (del \u00e1rabe \u00abad-darb\u00bb o, seg\u00fan otras fuentes, \u00abadz-dzir-we\u00bb como \u2018muro de fortaleza\u2019), adarve, camino o paseo de ronda, es un pasillo estrecho situado sobre una muralla, protegido al exterior por un parapeto almenado, que permit\u00eda tanto hacer la ronda a los centinelas, como la distribuci\u00f3n de defensores.<\/p>\n\n\n\n<p>Tambi\u00e9n se denomina adarve o azucaque, en las ciudades isl\u00e1micas medievales, a los callejones ciegos (ya que s\u00f3lo conducen a casas privadas) y que disponen de una puerta al inicio.<\/p>\n\n\n\n<p>La segunda acepci\u00f3n es la utilizada en C\u00f3rdoba. Otra cosa m\u00e1s.<\/p>\n<\/div><\/div>\n","protected":false},"excerpt":{"rendered":"<p>Un adarve (del \u00e1rabe \u00abad-darb\u00bb o, seg\u00fan otras fuentes, \u00abadz-dzir-we\u00bb como \u2018muro de fortaleza\u2019), adarve, camino o paseo de ronda, es un pasillo estrecho situado sobre una muralla, protegido al exterior por un parapeto almenado, que permit\u00eda tanto hacer la ronda a los centinelas, como la distribuci\u00f3n de defensores. Tambi\u00e9n se denomina adarve o azucaque, &hellip; <\/p>\n<p class=\"link-more\"><a href=\"https:\/\/pedrocasiano.es\/?page_id=3688\" class=\"more-link\">Leer m\u00e1s<span class=\"screen-reader-text\"> \u00abAdarve\u00bb<\/span><\/a><\/p>\n","protected":false},"author":1,"featured_media":0,"parent":0,"menu_order":0,"comment_status":"closed","ping_status":"closed","template":"","meta":{"inspiro_hide_title":false,"footnotes":""},"class_list":["post-3688","page","type-page","status-publish","hentry"],"featured_media_urls":[],"_links":{"self":[{"href":"https:\/\/pedrocasiano.es\/index.php?rest_route=\/wp\/v2\/pages\/3688","targetHints":{"allow":["GET"]}}],"collection":[{"href":"https:\/\/pedrocasiano.es\/index.php?rest_route=\/wp\/v2\/pages"}],"about":[{"href":"https:\/\/pedrocasiano.es\/index.php?rest_route=\/wp\/v2\/types\/page"}],"author":[{"embeddable":true,"href":"https:\/\/pedrocasiano.es\/index.php?rest_route=\/wp\/v2\/users\/1"}],"replies":[{"embeddable":true,"href":"https:\/\/pedrocasiano.es\/index.php?rest_route=%2Fwp%2Fv2%2Fcomments&post=3688"}],"version-history":[{"count":1,"href":"https:\/\/pedrocasiano.es\/index.php?rest_route=\/wp\/v2\/pages\/3688\/revisions"}],"predecessor-version":[{"id":3690,"href":"https:\/\/pedrocasiano.es\/index.php?rest_route=\/wp\/v2\/pages\/3688\/revisions\/3690"}],"wp:attachment":[{"href":"https:\/\/pedrocasiano.es\/index.php?rest_route=%2Fwp%2Fv2%2Fmedia&parent=3688"}],"curies":[{"name":"wp","href":"https:\/\/api.w.org\/{rel}","templated":true}]}}