{"id":3685,"date":"2024-02-22T10:47:32","date_gmt":"2024-02-22T10:47:32","guid":{"rendered":"https:\/\/pedrocasiano.es\/?page_id=3685"},"modified":"2024-02-22T10:47:33","modified_gmt":"2024-02-22T10:47:33","slug":"el-primer-vuelo-de-la-historia-fue-donde-no-hay-aeropuerto-aqui","status":"publish","type":"page","link":"https:\/\/pedrocasiano.es\/?page_id=3685","title":{"rendered":"El primer Vuelo de la Historia fue donde no hay Aeropuerto, Aqu\u00ed."},"content":{"rendered":"\n<div class=\"wp-block-media-text is-stacked-on-mobile is-vertically-aligned-top\"><figure class=\"wp-block-media-text__media\"><img decoding=\"async\" width=\"1024\" height=\"1024\" data-src=\"https:\/\/pedrocasiano.es\/wp-content\/uploads\/2024\/02\/wings-4832545_1920-1024x1024.png\" alt=\"\" class=\"wp-image-3686 size-full lazyload\" src=\"data:image\/svg+xml;base64,PHN2ZyB3aWR0aD0iMSIgaGVpZ2h0PSIxIiB4bWxucz0iaHR0cDovL3d3dy53My5vcmcvMjAwMC9zdmciPjwvc3ZnPg==\" style=\"--smush-placeholder-width: 1024px; --smush-placeholder-aspect-ratio: 1024\/1024;\" \/><\/figure><div class=\"wp-block-media-text__content\">\n<p>Cosas de C\u00f3rdoba. El primer vuelo de la historia fue donde no hay aeropuerto, aqu\u00ed.<\/p>\n\n\n\n<p>Abu l-Q\u0101sim Abb\u0101s ibn Firn\u0101s (\u00e1rabe: \u0623\u0628\u0648 \u0627\u0644\u0642\u0627\u0633\u0645 \u0639\u0628\u0627\u0633 \u0628\u0646 \u0641\u0631\u0646\u0627\u0633; Ronda, M\u00e1laga, 810 \u2013 C\u00f3rdoba, 887), precursor de la aeron\u00e1utica, fue un protohumanista, cient\u00edfico y qu\u00edmico andalus\u00ed nacido en una familia de origen bereber cuyos ancestros participaron probablemente en la conquista de la pen\u00ednsula ib\u00e9rica. Vivi\u00f3 en la \u00e9poca del Emirato Omeya en al-\u00c1ndalus. Su nombre ser\u00eda latinizado posteriormente como Armen Firman. Un cr\u00e1ter de la Luna, un aeropuerto en Irak y un puente en C\u00f3rdoba (Espa\u00f1a) llevan su nombre.<\/p>\n\n\n\n<p>Los bi\u00f3grafos lo presentan como un brillante fil\u00f3sofo; debi\u00f3 recibir una formaci\u00f3n s\u00f3lida, lo que significa que realiz\u00f3 estudios cient\u00edficos. Estudi\u00f3 qu\u00edmica, f\u00edsica y astronom\u00eda, principalmente.<\/p>\n\n\n\n<p>Sus aptitudes en el campo de la poes\u00eda y su habilidad en astrolog\u00eda le permitieron introducirse en la corte de Abderram\u00e1n II (822-852), donde ense\u00f1\u00f3 poes\u00eda.<\/p>\n\n\n\n<p>Gracias a sus numerosos inventos, algunos de ellos mencionados por los historiadores, pudo seguir frecuentando la corte durante el reinado del sucesor Mohamed I (852-886). Ibn Firnas dise\u00f1\u00f3 un reloj de agua, la clepsidra, llamado Al-Maqata-Maqata. Tambi\u00e9n fue el primero en desarrollar la t\u00e9cnica de talla del cristal de roca; hasta entonces, s\u00f3lo los egipcios sab\u00edan facetar el cristal. Cre\u00f3 una esfera armilar para representar el movimiento de los astros y un planetario que construy\u00f3 en su casa, siendo el primero en utilizar en toda la pen\u00ednsula ib\u00e9rica las tablas astron\u00f3micas de Sinhind, originarias de la India, b\u00e1sicas para el desarrollo de la ciencia europea posterior.<\/p>\n\n\n\n<p>En 852 decidi\u00f3 volar lanz\u00e1ndose desde una torre de C\u00f3rdoba con una enorme lona para amortiguar la ca\u00edda. Se lanz\u00f3 y sufri\u00f3 heridas leves. Por eso se considera generalmente como creador del primer paraca\u00eddas.<\/p>\n\n\n\n<p>En 875, a los 65 a\u00f1os, Ibn Firn\u00e1s se hizo confeccionar unas alas de madera recubiertas de tela de seda que hab\u00eda adornado con plumas de rapaces. Se lanz\u00f3 desde una torre desplom\u00e1ndose sobre un valle, y aunque el aterrizaje fue malo (se fractur\u00f3 las dos piernas), el vuelo fue globalmente un \u00e9xito: permaneci\u00f3 en el aire una decena de segundos. Fue ampliamente observado por una gran multitud que \u00e9l mismo hab\u00eda invitado de antemano. Comprendi\u00f3 despu\u00e9s su error: tendr\u00eda que haber a\u00f1adido una cola a su artefacto. Muri\u00f3 doce a\u00f1os despu\u00e9s, en 887. Sus intentos de vuelo por sus propios medios marcaron los esp\u00edritus de la \u00e9poca e incluso a los de siglos posteriores.<\/p>\n<\/div><\/div>\n","protected":false},"excerpt":{"rendered":"<p>Cosas de C\u00f3rdoba. El primer vuelo de la historia fue donde no hay aeropuerto, aqu\u00ed. Abu l-Q\u0101sim Abb\u0101s ibn Firn\u0101s (\u00e1rabe: \u0623\u0628\u0648 \u0627\u0644\u0642\u0627\u0633\u0645 \u0639\u0628\u0627\u0633 \u0628\u0646 \u0641\u0631\u0646\u0627\u0633; Ronda, M\u00e1laga, 810 \u2013 C\u00f3rdoba, 887), precursor de la aeron\u00e1utica, fue un protohumanista, cient\u00edfico y qu\u00edmico andalus\u00ed nacido en una familia de origen bereber cuyos ancestros participaron probablemente en &hellip; <\/p>\n<p class=\"link-more\"><a href=\"https:\/\/pedrocasiano.es\/?page_id=3685\" class=\"more-link\">Leer m\u00e1s<span class=\"screen-reader-text\"> \u00abEl primer Vuelo de la Historia fue donde no hay Aeropuerto, Aqu\u00ed.\u00bb<\/span><\/a><\/p>\n","protected":false},"author":1,"featured_media":0,"parent":0,"menu_order":0,"comment_status":"closed","ping_status":"closed","template":"","meta":{"inspiro_hide_title":false,"footnotes":""},"class_list":["post-3685","page","type-page","status-publish","hentry"],"featured_media_urls":[],"_links":{"self":[{"href":"https:\/\/pedrocasiano.es\/index.php?rest_route=\/wp\/v2\/pages\/3685","targetHints":{"allow":["GET"]}}],"collection":[{"href":"https:\/\/pedrocasiano.es\/index.php?rest_route=\/wp\/v2\/pages"}],"about":[{"href":"https:\/\/pedrocasiano.es\/index.php?rest_route=\/wp\/v2\/types\/page"}],"author":[{"embeddable":true,"href":"https:\/\/pedrocasiano.es\/index.php?rest_route=\/wp\/v2\/users\/1"}],"replies":[{"embeddable":true,"href":"https:\/\/pedrocasiano.es\/index.php?rest_route=%2Fwp%2Fv2%2Fcomments&post=3685"}],"version-history":[{"count":1,"href":"https:\/\/pedrocasiano.es\/index.php?rest_route=\/wp\/v2\/pages\/3685\/revisions"}],"predecessor-version":[{"id":3687,"href":"https:\/\/pedrocasiano.es\/index.php?rest_route=\/wp\/v2\/pages\/3685\/revisions\/3687"}],"wp:attachment":[{"href":"https:\/\/pedrocasiano.es\/index.php?rest_route=%2Fwp%2Fv2%2Fmedia&parent=3685"}],"curies":[{"name":"wp","href":"https:\/\/api.w.org\/{rel}","templated":true}]}}