{"id":3679,"date":"2024-02-22T10:37:57","date_gmt":"2024-02-22T10:37:57","guid":{"rendered":"https:\/\/pedrocasiano.es\/?page_id=3679"},"modified":"2024-02-22T10:37:58","modified_gmt":"2024-02-22T10:37:58","slug":"trazos-de-tu-mirada","status":"publish","type":"page","link":"https:\/\/pedrocasiano.es\/?page_id=3679","title":{"rendered":"Trazos de tu Mirada"},"content":{"rendered":"\n<div class=\"wp-block-media-text is-stacked-on-mobile is-vertically-aligned-top\"><figure class=\"wp-block-media-text__media\"><img decoding=\"async\" width=\"324\" height=\"400\" data-src=\"https:\/\/pedrocasiano.es\/wp-content\/uploads\/2024\/02\/43.jpg\" alt=\"\" class=\"wp-image-3680 size-full lazyload\" src=\"data:image\/svg+xml;base64,PHN2ZyB3aWR0aD0iMSIgaGVpZ2h0PSIxIiB4bWxucz0iaHR0cDovL3d3dy53My5vcmcvMjAwMC9zdmciPjwvc3ZnPg==\" style=\"--smush-placeholder-width: 324px; --smush-placeholder-aspect-ratio: 324\/400;\" \/><\/figure><div class=\"wp-block-media-text__content\">\n<p>Trazos de tu mirada<\/p>\n\n\n\n<p>De p\u00e1rpado solo<\/p>\n\n\n\n<p>De vista rasgada<\/p>\n\n\n\n<p>De piel distinta<\/p>\n\n\n\n<p>Bella, suave al tacto<\/p>\n\n\n\n<p>De caramelo velada<\/p>\n\n\n\n<p>Ovalo imperfecto<\/p>\n\n\n\n<p>De perfecci\u00f3n extra\u00f1a<\/p>\n\n\n\n<p>Sonrisa amplia<\/p>\n\n\n\n<p>De bellos labios<\/p>\n\n\n\n<p>De p\u00f3mulos sonrientes<\/p>\n\n\n\n<p>De pelo negro<\/p>\n\n\n\n<p>Como ala de cuervo<\/p>\n\n\n\n<p>Tan atado<\/p>\n\n\n\n<p>Como tu alma<\/p>\n\n\n\n<p>Mujer extra\u00f1a<\/p>\n\n\n\n<p>De bella alma<\/p>\n\n\n\n<p>Que moras en la morada<\/p>\n\n\n\n<p>De mis recuerdos<\/p>\n\n\n\n<p>Sin olvidar, olvidada<\/p>\n\n\n\n<p>Cuello de cisne<\/p>\n\n\n\n<p>Cara ovalada<\/p>\n\n\n\n<p>Ojos rasgados<\/p>\n\n\n\n<p>Cuerpo de junco<\/p>\n\n\n\n<p>Pecho apenas tallado<\/p>\n\n\n\n<p>Silueta de ni\u00f1a<\/p>\n\n\n\n<p>En tu cuerpo delgado<\/p>\n\n\n\n<p>Estrecha de amar<\/p>\n\n\n\n<p>Ancha de caminar<\/p>\n\n\n\n<p>En tu cuerpo calmado<\/p>\n\n\n\n<p>Mu\u00f1eca oriental<\/p>\n\n\n\n<p>Hoy te olvido, sin olvidar.<\/p>\n<\/div><\/div>\n","protected":false},"excerpt":{"rendered":"<p>Trazos de tu mirada De p\u00e1rpado solo De vista rasgada De piel distinta Bella, suave al tacto De caramelo velada Ovalo imperfecto De perfecci\u00f3n extra\u00f1a Sonrisa amplia De bellos labios De p\u00f3mulos sonrientes De pelo negro Como ala de cuervo Tan atado Como tu alma Mujer extra\u00f1a De bella alma Que moras en la morada &hellip; <\/p>\n<p class=\"link-more\"><a href=\"https:\/\/pedrocasiano.es\/?page_id=3679\" class=\"more-link\">Leer m\u00e1s<span class=\"screen-reader-text\"> \u00abTrazos de tu Mirada\u00bb<\/span><\/a><\/p>\n","protected":false},"author":1,"featured_media":0,"parent":0,"menu_order":0,"comment_status":"closed","ping_status":"closed","template":"","meta":{"inspiro_hide_title":false,"footnotes":""},"class_list":["post-3679","page","type-page","status-publish","hentry"],"featured_media_urls":[],"_links":{"self":[{"href":"https:\/\/pedrocasiano.es\/index.php?rest_route=\/wp\/v2\/pages\/3679","targetHints":{"allow":["GET"]}}],"collection":[{"href":"https:\/\/pedrocasiano.es\/index.php?rest_route=\/wp\/v2\/pages"}],"about":[{"href":"https:\/\/pedrocasiano.es\/index.php?rest_route=\/wp\/v2\/types\/page"}],"author":[{"embeddable":true,"href":"https:\/\/pedrocasiano.es\/index.php?rest_route=\/wp\/v2\/users\/1"}],"replies":[{"embeddable":true,"href":"https:\/\/pedrocasiano.es\/index.php?rest_route=%2Fwp%2Fv2%2Fcomments&post=3679"}],"version-history":[{"count":2,"href":"https:\/\/pedrocasiano.es\/index.php?rest_route=\/wp\/v2\/pages\/3679\/revisions"}],"predecessor-version":[{"id":10813,"href":"https:\/\/pedrocasiano.es\/index.php?rest_route=\/wp\/v2\/pages\/3679\/revisions\/10813"}],"wp:attachment":[{"href":"https:\/\/pedrocasiano.es\/index.php?rest_route=%2Fwp%2Fv2%2Fmedia&parent=3679"}],"curies":[{"name":"wp","href":"https:\/\/api.w.org\/{rel}","templated":true}]}}