{"id":3673,"date":"2024-02-22T10:35:03","date_gmt":"2024-02-22T10:35:03","guid":{"rendered":"https:\/\/pedrocasiano.es\/?page_id=3673"},"modified":"2024-02-22T10:35:03","modified_gmt":"2024-02-22T10:35:03","slug":"dentro-de-ti","status":"publish","type":"page","link":"https:\/\/pedrocasiano.es\/?page_id=3673","title":{"rendered":"Dentro de T\u00ed"},"content":{"rendered":"\n<div class=\"wp-block-media-text is-stacked-on-mobile is-vertically-aligned-top\"><figure class=\"wp-block-media-text__media\"><img decoding=\"async\" width=\"381\" height=\"450\" data-src=\"https:\/\/pedrocasiano.es\/wp-content\/uploads\/2024\/02\/41.jpg\" alt=\"\" class=\"wp-image-3674 size-full lazyload\" src=\"data:image\/svg+xml;base64,PHN2ZyB3aWR0aD0iMSIgaGVpZ2h0PSIxIiB4bWxucz0iaHR0cDovL3d3dy53My5vcmcvMjAwMC9zdmciPjwvc3ZnPg==\" style=\"--smush-placeholder-width: 381px; --smush-placeholder-aspect-ratio: 381\/450;\" \/><\/figure><div class=\"wp-block-media-text__content\">\n<p>Dentro de ti<\/p>\n\n\n\n<p>Aun pasados los a\u00f1os<\/p>\n\n\n\n<p>Duerme una ni\u00f1a<\/p>\n\n\n\n<p>De juguetes rotos<\/p>\n\n\n\n<p>De ojos cansados<\/p>\n\n\n\n<p>De ojos tristes<\/p>\n\n\n\n<p>Y so\u00f1adores<\/p>\n\n\n\n<p>Que hablan<\/p>\n\n\n\n<p>De esperanzas<\/p>\n\n\n\n<p>De sue\u00f1os<\/p>\n\n\n\n<p>De ilusiones<\/p>\n\n\n\n<p>Brillantes ojos<\/p>\n\n\n\n<p>Melena rizada<\/p>\n\n\n\n<p>Y se pregunta callada<\/p>\n\n\n\n<p>Que es la vida<\/p>\n\n\n\n<p>Que le espera<\/p>\n\n\n\n<p>Y no lo sabe<\/p>\n\n\n\n<p>Aun esperas<\/p>\n\n\n\n<p>Tras de a\u00f1os de soledad<\/p>\n\n\n\n<p>Que alguien que no esperas<\/p>\n\n\n\n<p>Te venga a llenar<\/p>\n\n\n\n<p>De sue\u00f1os<\/p>\n\n\n\n<p>que te haga olvidar<\/p>\n\n\n\n<p>La mu\u00f1eca rota<\/p>\n\n\n\n<p>Que mora en tu alma yerta<\/p>\n\n\n\n<p>Esperanza vana<\/p>\n\n\n\n<p>Quimera, ilusi\u00f3n<\/p>\n\n\n\n<p>Espera, mu\u00f1eca rota<\/p>\n\n\n\n<p>La ni\u00f1a que anida<\/p>\n\n\n\n<p>En tu alma, en tu coraz\u00f3n.<\/p>\n<\/div><\/div>\n","protected":false},"excerpt":{"rendered":"<p>Dentro de ti Aun pasados los a\u00f1os Duerme una ni\u00f1a De juguetes rotos De ojos cansados De ojos tristes Y so\u00f1adores Que hablan De esperanzas De sue\u00f1os De ilusiones Brillantes ojos Melena rizada Y se pregunta callada Que es la vida Que le espera Y no lo sabe Aun esperas Tras de a\u00f1os de soledad &hellip; <\/p>\n<p class=\"link-more\"><a href=\"https:\/\/pedrocasiano.es\/?page_id=3673\" class=\"more-link\">Leer m\u00e1s<span class=\"screen-reader-text\"> \u00abDentro de T\u00ed\u00bb<\/span><\/a><\/p>\n","protected":false},"author":1,"featured_media":0,"parent":0,"menu_order":0,"comment_status":"closed","ping_status":"closed","template":"","meta":{"inspiro_hide_title":false,"footnotes":""},"class_list":["post-3673","page","type-page","status-publish","hentry"],"featured_media_urls":[],"_links":{"self":[{"href":"https:\/\/pedrocasiano.es\/index.php?rest_route=\/wp\/v2\/pages\/3673","targetHints":{"allow":["GET"]}}],"collection":[{"href":"https:\/\/pedrocasiano.es\/index.php?rest_route=\/wp\/v2\/pages"}],"about":[{"href":"https:\/\/pedrocasiano.es\/index.php?rest_route=\/wp\/v2\/types\/page"}],"author":[{"embeddable":true,"href":"https:\/\/pedrocasiano.es\/index.php?rest_route=\/wp\/v2\/users\/1"}],"replies":[{"embeddable":true,"href":"https:\/\/pedrocasiano.es\/index.php?rest_route=%2Fwp%2Fv2%2Fcomments&post=3673"}],"version-history":[{"count":2,"href":"https:\/\/pedrocasiano.es\/index.php?rest_route=\/wp\/v2\/pages\/3673\/revisions"}],"predecessor-version":[{"id":10289,"href":"https:\/\/pedrocasiano.es\/index.php?rest_route=\/wp\/v2\/pages\/3673\/revisions\/10289"}],"wp:attachment":[{"href":"https:\/\/pedrocasiano.es\/index.php?rest_route=%2Fwp%2Fv2%2Fmedia&parent=3673"}],"curies":[{"name":"wp","href":"https:\/\/api.w.org\/{rel}","templated":true}]}}