{"id":3670,"date":"2024-02-22T10:33:45","date_gmt":"2024-02-22T10:33:45","guid":{"rendered":"https:\/\/pedrocasiano.es\/?page_id=3670"},"modified":"2024-02-22T10:33:46","modified_gmt":"2024-02-22T10:33:46","slug":"recuerdas-mujer","status":"publish","type":"page","link":"https:\/\/pedrocasiano.es\/?page_id=3670","title":{"rendered":"\u00bfRecuerdas Mujer?"},"content":{"rendered":"\n<div class=\"wp-block-media-text is-stacked-on-mobile is-vertically-aligned-top\"><figure class=\"wp-block-media-text__media\"><img decoding=\"async\" width=\"1024\" height=\"717\" data-src=\"https:\/\/pedrocasiano.es\/wp-content\/uploads\/2024\/02\/ai-generated-8529398_1280-1024x717.jpg\" alt=\"\" class=\"wp-image-3671 size-full lazyload\" src=\"data:image\/svg+xml;base64,PHN2ZyB3aWR0aD0iMSIgaGVpZ2h0PSIxIiB4bWxucz0iaHR0cDovL3d3dy53My5vcmcvMjAwMC9zdmciPjwvc3ZnPg==\" style=\"--smush-placeholder-width: 1024px; --smush-placeholder-aspect-ratio: 1024\/717;\" \/><\/figure><div class=\"wp-block-media-text__content\">\n<p>\u00bfRecuerdas mujer?<\/p>\n\n\n\n<p>Cuando escap\u00e1bamos<\/p>\n\n\n\n<p>Para amarnos<\/p>\n\n\n\n<p>De las pesadas clases<\/p>\n\n\n\n<p>De la vieja facultad<\/p>\n\n\n\n<p>Cuando ni sab\u00edamos<\/p>\n\n\n\n<p>Que nos inundar\u00eda el pecho<\/p>\n\n\n\n<p>Para toda una vida<\/p>\n\n\n\n<p>\u00bfRecuerdas mujer?<\/p>\n\n\n\n<p>Cuando nadie sabia<\/p>\n\n\n\n<p>Ni deb\u00eda de saber<\/p>\n\n\n\n<p>Que la salvaje bestia<\/p>\n\n\n\n<p>Amaba con locura<\/p>\n\n\n\n<p>A la bella princesa<\/p>\n\n\n\n<p>De ojos verdes<\/p>\n\n\n\n<p>De palabra seductora<\/p>\n\n\n\n<p>De sonrisa c\u00e1lida<\/p>\n\n\n\n<p>\u00bfRecuerdas mujer?<\/p>\n\n\n\n<p>Cuando el salvaje<\/p>\n\n\n\n<p>Te hacia temblar<\/p>\n\n\n\n<p>Solo con escucharlo llegar<\/p>\n\n\n\n<p>Cuando vibrabas<\/p>\n\n\n\n<p>A mi mirada<\/p>\n\n\n\n<p>Cuando tus ojos clavabas<\/p>\n\n\n\n<p>Como si fueran dulces dagas<\/p>\n\n\n\n<p>Que me hac\u00edan estremecer<\/p>\n\n\n\n<p>\u00bfRecuerdas mujer?<\/p>\n\n\n\n<p>En los vericuetos<\/p>\n\n\n\n<p>De la vieja ciudad<\/p>\n\n\n\n<p>En las esquinas<\/p>\n\n\n\n<p>Escondidos<\/p>\n\n\n\n<p>Como fugaces luceros<\/p>\n\n\n\n<p>Esperando que nos olvidaran<\/p>\n\n\n\n<p>Nos recre\u00e1bamos<\/p>\n\n\n\n<p>Los labios hasta hacerlos romper<\/p>\n\n\n\n<p>\u00bfLo recuerdas mujer?<\/p>\n\n\n\n<p>Porque a\u00f1os han pasado<\/p>\n\n\n\n<p>Tantos que a contar no llego<\/p>\n\n\n\n<p>Y sin embargo recuerdo<\/p>\n\n\n\n<p>Los labios, los ojos, tu sonrisa<\/p>\n\n\n\n<p>Mujer, mi mujer.<\/p>\n<\/div><\/div>\n","protected":false},"excerpt":{"rendered":"<p>\u00bfRecuerdas mujer? Cuando escap\u00e1bamos Para amarnos De las pesadas clases De la vieja facultad Cuando ni sab\u00edamos Que nos inundar\u00eda el pecho Para toda una vida \u00bfRecuerdas mujer? Cuando nadie sabia Ni deb\u00eda de saber Que la salvaje bestia Amaba con locura A la bella princesa De ojos verdes De palabra seductora De sonrisa c\u00e1lida &hellip; <\/p>\n<p class=\"link-more\"><a href=\"https:\/\/pedrocasiano.es\/?page_id=3670\" class=\"more-link\">Leer m\u00e1s<span class=\"screen-reader-text\"> \u00ab\u00bfRecuerdas Mujer?\u00bb<\/span><\/a><\/p>\n","protected":false},"author":1,"featured_media":0,"parent":0,"menu_order":0,"comment_status":"closed","ping_status":"closed","template":"","meta":{"inspiro_hide_title":false,"footnotes":""},"class_list":["post-3670","page","type-page","status-publish","hentry"],"featured_media_urls":[],"_links":{"self":[{"href":"https:\/\/pedrocasiano.es\/index.php?rest_route=\/wp\/v2\/pages\/3670","targetHints":{"allow":["GET"]}}],"collection":[{"href":"https:\/\/pedrocasiano.es\/index.php?rest_route=\/wp\/v2\/pages"}],"about":[{"href":"https:\/\/pedrocasiano.es\/index.php?rest_route=\/wp\/v2\/types\/page"}],"author":[{"embeddable":true,"href":"https:\/\/pedrocasiano.es\/index.php?rest_route=\/wp\/v2\/users\/1"}],"replies":[{"embeddable":true,"href":"https:\/\/pedrocasiano.es\/index.php?rest_route=%2Fwp%2Fv2%2Fcomments&post=3670"}],"version-history":[{"count":2,"href":"https:\/\/pedrocasiano.es\/index.php?rest_route=\/wp\/v2\/pages\/3670\/revisions"}],"predecessor-version":[{"id":10715,"href":"https:\/\/pedrocasiano.es\/index.php?rest_route=\/wp\/v2\/pages\/3670\/revisions\/10715"}],"wp:attachment":[{"href":"https:\/\/pedrocasiano.es\/index.php?rest_route=%2Fwp%2Fv2%2Fmedia&parent=3670"}],"curies":[{"name":"wp","href":"https:\/\/api.w.org\/{rel}","templated":true}]}}