{"id":3667,"date":"2024-02-22T10:31:21","date_gmt":"2024-02-22T10:31:21","guid":{"rendered":"https:\/\/pedrocasiano.es\/?page_id=3667"},"modified":"2024-06-30T05:51:07","modified_gmt":"2024-06-30T05:51:07","slug":"cuidaros-de-los-que-os-sonrien","status":"publish","type":"page","link":"https:\/\/pedrocasiano.es\/?page_id=3667","title":{"rendered":"Cuidaros de los que os Sonr\u00eden"},"content":{"rendered":"\n<div class=\"wp-block-media-text is-stacked-on-mobile is-vertically-aligned-top\"><figure class=\"wp-block-media-text__media\"><img decoding=\"async\" width=\"1024\" height=\"1024\" data-src=\"https:\/\/pedrocasiano.es\/wp-content\/uploads\/2024\/02\/ai-generated-8567756_1920-1024x1024.jpg\" alt=\"\" class=\"wp-image-3668 size-full lazyload\" src=\"data:image\/svg+xml;base64,PHN2ZyB3aWR0aD0iMSIgaGVpZ2h0PSIxIiB4bWxucz0iaHR0cDovL3d3dy53My5vcmcvMjAwMC9zdmciPjwvc3ZnPg==\" style=\"--smush-placeholder-width: 1024px; --smush-placeholder-aspect-ratio: 1024\/1024;\" \/><\/figure><div class=\"wp-block-media-text__content\">\n<p>Cuidaros de los que os sonr\u00eden,<\/p>\n\n\n\n<p>pues en ellos,<\/p>\n\n\n\n<p>est\u00e1 la esencia del mal,<\/p>\n\n\n\n<p>de aquellos que cuidan el negro pozo de oscuridad,<\/p>\n\n\n\n<p>en el que en cualquier momento podr\u00e9is estar.<\/p>\n\n\n\n<p>Pedir a aquel en quien cre\u00e1is,<\/p>\n\n\n\n<p>que os conserve la salud,<\/p>\n\n\n\n<p>que no os haga enfermar,<\/p>\n\n\n\n<p>pues si ca\u00e9is en la profunda sima de la Seguridad Social,<\/p>\n\n\n\n<p>seres engullidos por una bestia animal,<\/p>\n\n\n\n<p>poco a poco desaparecer\u00e9is,<\/p>\n\n\n\n<p>eliminados,<\/p>\n\n\n\n<p>sois in\u00fatiles,<\/p>\n\n\n\n<p>n\u00fameros que dejar fuera,<\/p>\n\n\n\n<p>recortes de quir\u00f3fanos,<\/p>\n\n\n\n<p>desechos de tienta,<\/p>\n\n\n\n<p>que nada valen ya.<\/p>\n\n\n\n<p>Pr\u00f3ceres Doctores,<\/p>\n\n\n\n<p>que la mayor\u00eda no lo son,<\/p>\n\n\n\n<p>emitir\u00e1n dict\u00e1menes,<\/p>\n\n\n\n<p>que no se adecuan a la realidad,<\/p>\n\n\n\n<p>pruebas pocas,<\/p>\n\n\n\n<p>inter\u00e9s menos,<\/p>\n\n\n\n<p>todo el que ven es un farsante,<\/p>\n\n\n\n<p>que solo a quejar viene,<\/p>\n\n\n\n<p>a robar su preciado tiempo,<\/p>\n\n\n\n<p>que deber\u00edamos de usar,<\/p>\n\n\n\n<p>para adorarlos,<\/p>\n\n\n\n<p>como lo que son,<\/p>\n\n\n\n<p>divinidades que deciden quien vive,<\/p>\n\n\n\n<p>quien morir\u00e1.<\/p>\n\n\n\n<p>Vara rasa,<\/p>\n\n\n\n<p>todos desechos,<\/p>\n\n\n\n<p>y simuladores,<\/p>\n\n\n\n<p>solo ellos en posesi\u00f3n de la verdad,<\/p>\n\n\n\n<p>\u00e1ngeles de alas blancas,<\/p>\n\n\n\n<p>que se quieren creer,<\/p>\n\n\n\n<p>cuando, como satan\u00e1s,<\/p>\n\n\n\n<p>se imaginan que siguen de alas n\u00edveas,<\/p>\n\n\n\n<p>cuando las cambiaron por negras de pez.<\/p>\n\n\n\n<p>Poco gasto para los perros que al final han de morir,<\/p>\n\n\n\n<p>l\u00e1stima ninguna,<\/p>\n\n\n\n<p>consideraci\u00f3n menos,<\/p>\n\n\n\n<p>no pillarse los dedos,<\/p>\n\n\n\n<p>y a final de mes a cobrar,<\/p>\n\n\n\n<p>que los objetivos se obtienen,<\/p>\n\n\n\n<p>se hayan conseguido o no,<\/p>\n\n\n\n<p>\u00a1qu\u00e9 m\u00e1s da!,<\/p>\n\n\n\n<p>pues tratan con ganado,<\/p>\n\n\n\n<p>y el ganado, es raro, que se vaya a quejar.<\/p>\n\n\n\n<p>Reba\u00f1o de moribundos<\/p>\n\n\n\n<p>con las manos alzadas<\/p>\n\n\n\n<p>implorando salvaci\u00f3n,<\/p>\n\n\n\n<p>cuando los salvadores,<\/p>\n\n\n\n<p>peores que el diablo son,<\/p>\n\n\n\n<p>pues el demonio trabaja para tentarte y que caigas en el mal,<\/p>\n\n\n\n<p>pero esos llamados doctores<\/p>\n\n\n\n<p>ni un solo m\u00fasculo mover\u00e1n,<\/p>\n\n\n\n<p>se quedar\u00e1n mirando como languideces,<\/p>\n\n\n\n<p>c\u00f3mo te conviertes en ceniza,<\/p>\n\n\n\n<p>que al final,<\/p>\n\n\n\n<p>en alg\u00fan vertedero,<\/p>\n\n\n\n<p>ir\u00e1 a parar.<\/p>\n<\/div><\/div>\n","protected":false},"excerpt":{"rendered":"<p>Cuidaros de los que os sonr\u00eden, pues en ellos, est\u00e1 la esencia del mal, de aquellos que cuidan el negro pozo de oscuridad, en el que en cualquier momento podr\u00e9is estar. Pedir a aquel en quien cre\u00e1is, que os conserve la salud, que no os haga enfermar, pues si ca\u00e9is en la profunda sima de &hellip; <\/p>\n<p class=\"link-more\"><a href=\"https:\/\/pedrocasiano.es\/?page_id=3667\" class=\"more-link\">Leer m\u00e1s<span class=\"screen-reader-text\"> \u00abCuidaros de los que os Sonr\u00eden\u00bb<\/span><\/a><\/p>\n","protected":false},"author":1,"featured_media":0,"parent":0,"menu_order":0,"comment_status":"closed","ping_status":"closed","template":"","meta":{"inspiro_hide_title":false,"footnotes":""},"class_list":["post-3667","page","type-page","status-publish","hentry"],"featured_media_urls":[],"_links":{"self":[{"href":"https:\/\/pedrocasiano.es\/index.php?rest_route=\/wp\/v2\/pages\/3667","targetHints":{"allow":["GET"]}}],"collection":[{"href":"https:\/\/pedrocasiano.es\/index.php?rest_route=\/wp\/v2\/pages"}],"about":[{"href":"https:\/\/pedrocasiano.es\/index.php?rest_route=\/wp\/v2\/types\/page"}],"author":[{"embeddable":true,"href":"https:\/\/pedrocasiano.es\/index.php?rest_route=\/wp\/v2\/users\/1"}],"replies":[{"embeddable":true,"href":"https:\/\/pedrocasiano.es\/index.php?rest_route=%2Fwp%2Fv2%2Fcomments&post=3667"}],"version-history":[{"count":3,"href":"https:\/\/pedrocasiano.es\/index.php?rest_route=\/wp\/v2\/pages\/3667\/revisions"}],"predecessor-version":[{"id":10265,"href":"https:\/\/pedrocasiano.es\/index.php?rest_route=\/wp\/v2\/pages\/3667\/revisions\/10265"}],"wp:attachment":[{"href":"https:\/\/pedrocasiano.es\/index.php?rest_route=%2Fwp%2Fv2%2Fmedia&parent=3667"}],"curies":[{"name":"wp","href":"https:\/\/api.w.org\/{rel}","templated":true}]}}