{"id":3655,"date":"2024-02-22T10:16:40","date_gmt":"2024-02-22T10:16:40","guid":{"rendered":"https:\/\/pedrocasiano.es\/?page_id=3655"},"modified":"2024-02-22T10:16:41","modified_gmt":"2024-02-22T10:16:41","slug":"victimas-del-desamor","status":"publish","type":"page","link":"https:\/\/pedrocasiano.es\/?page_id=3655","title":{"rendered":"V\u00edctimas del Desamor"},"content":{"rendered":"\n<div class=\"wp-block-media-text is-stacked-on-mobile is-vertically-aligned-top\"><figure class=\"wp-block-media-text__media\"><img decoding=\"async\" width=\"1024\" height=\"717\" data-src=\"https:\/\/pedrocasiano.es\/wp-content\/uploads\/2024\/02\/ai-generated-8205111_1280-1024x717.jpg\" alt=\"\" class=\"wp-image-3656 size-full lazyload\" src=\"data:image\/svg+xml;base64,PHN2ZyB3aWR0aD0iMSIgaGVpZ2h0PSIxIiB4bWxucz0iaHR0cDovL3d3dy53My5vcmcvMjAwMC9zdmciPjwvc3ZnPg==\" style=\"--smush-placeholder-width: 1024px; --smush-placeholder-aspect-ratio: 1024\/717;\" \/><\/figure><div class=\"wp-block-media-text__content\">\n<p>V\u00edctimas del desamor<\/p>\n\n\n\n<p>Abandonados seres de soledades infinitas<\/p>\n\n\n\n<p>Cuerpos que agotados entre sabanas h\u00famedas se agitan<\/p>\n\n\n\n<p>Libres, pesarosos de su albedr\u00edo, onanistas desamparados<\/p>\n\n\n\n<p>Destrozos de humanos rotos en las piedras de la vida<\/p>\n\n\n\n<p>Almanaques pesarosos de moscas ra\u00eddos<\/p>\n\n\n\n<p>Piso de pasillos alargados, enormes, infinitos<\/p>\n\n\n\n<p>Losetas vivas saludan a las esquinas levantadas<\/p>\n\n\n\n<p>Puertas de rancia madera olvidada<\/p>\n\n\n\n<p>Calenturas de cuerpos ajados<\/p>\n\n\n\n<p>Oquedades que la iglesia proh\u00edbe que sean llenas<\/p>\n\n\n\n<p>O cuando menos tocadas y liberadas del deseo<\/p>\n\n\n\n<p>Camas de algod\u00f3n egipcio muerto<\/p>\n\n\n\n<p>Almohadas peladas de sucias machas olvidadas<\/p>\n\n\n\n<p>Y en la entrada r\u00f3tulos de lo que ya no es<\/p>\n\n\n\n<p>De lo que en alg\u00fan tiempo fueron<\/p>\n<\/div><\/div>\n","protected":false},"excerpt":{"rendered":"<p>V\u00edctimas del desamor Abandonados seres de soledades infinitas Cuerpos que agotados entre sabanas h\u00famedas se agitan Libres, pesarosos de su albedr\u00edo, onanistas desamparados Destrozos de humanos rotos en las piedras de la vida Almanaques pesarosos de moscas ra\u00eddos Piso de pasillos alargados, enormes, infinitos Losetas vivas saludan a las esquinas levantadas Puertas de rancia madera &hellip; <\/p>\n<p class=\"link-more\"><a href=\"https:\/\/pedrocasiano.es\/?page_id=3655\" class=\"more-link\">Leer m\u00e1s<span class=\"screen-reader-text\"> \u00abV\u00edctimas del Desamor\u00bb<\/span><\/a><\/p>\n","protected":false},"author":1,"featured_media":0,"parent":0,"menu_order":0,"comment_status":"closed","ping_status":"closed","template":"","meta":{"inspiro_hide_title":false,"footnotes":""},"class_list":["post-3655","page","type-page","status-publish","hentry"],"featured_media_urls":[],"_links":{"self":[{"href":"https:\/\/pedrocasiano.es\/index.php?rest_route=\/wp\/v2\/pages\/3655","targetHints":{"allow":["GET"]}}],"collection":[{"href":"https:\/\/pedrocasiano.es\/index.php?rest_route=\/wp\/v2\/pages"}],"about":[{"href":"https:\/\/pedrocasiano.es\/index.php?rest_route=\/wp\/v2\/types\/page"}],"author":[{"embeddable":true,"href":"https:\/\/pedrocasiano.es\/index.php?rest_route=\/wp\/v2\/users\/1"}],"replies":[{"embeddable":true,"href":"https:\/\/pedrocasiano.es\/index.php?rest_route=%2Fwp%2Fv2%2Fcomments&post=3655"}],"version-history":[{"count":2,"href":"https:\/\/pedrocasiano.es\/index.php?rest_route=\/wp\/v2\/pages\/3655\/revisions"}],"predecessor-version":[{"id":10835,"href":"https:\/\/pedrocasiano.es\/index.php?rest_route=\/wp\/v2\/pages\/3655\/revisions\/10835"}],"wp:attachment":[{"href":"https:\/\/pedrocasiano.es\/index.php?rest_route=%2Fwp%2Fv2%2Fmedia&parent=3655"}],"curies":[{"name":"wp","href":"https:\/\/api.w.org\/{rel}","templated":true}]}}