{"id":3646,"date":"2024-02-22T10:10:50","date_gmt":"2024-02-22T10:10:50","guid":{"rendered":"https:\/\/pedrocasiano.es\/?page_id=3646"},"modified":"2024-02-22T10:10:51","modified_gmt":"2024-02-22T10:10:51","slug":"retazos-de-mi-memoria","status":"publish","type":"page","link":"https:\/\/pedrocasiano.es\/?page_id=3646","title":{"rendered":"Retazos de mi Memoria"},"content":{"rendered":"\n<div class=\"wp-block-media-text is-stacked-on-mobile is-vertically-aligned-top\"><figure class=\"wp-block-media-text__media\"><img decoding=\"async\" width=\"1024\" height=\"1024\" data-src=\"https:\/\/pedrocasiano.es\/wp-content\/uploads\/2024\/02\/ai-generated-7682040_1920-1024x1024.jpg\" alt=\"\" class=\"wp-image-3647 size-full lazyload\" src=\"data:image\/svg+xml;base64,PHN2ZyB3aWR0aD0iMSIgaGVpZ2h0PSIxIiB4bWxucz0iaHR0cDovL3d3dy53My5vcmcvMjAwMC9zdmciPjwvc3ZnPg==\" style=\"--smush-placeholder-width: 1024px; --smush-placeholder-aspect-ratio: 1024\/1024;\" \/><\/figure><div class=\"wp-block-media-text__content\">\n<p>Retazos de mi memoria, de mis lugares frecuentes, de mis recorridos, de mis escritos actuales, de los perdidos.<\/p>\n\n\n\n<p>Apuntes de la historia de mi ciudad, de mis barrios, y mis historias, vivas, muertas, \u00a1qu\u00e9 m\u00e1s da!<\/p>\n\n\n\n<p>A golpe de martillo, se cincel\u00f3 la talla, para que nadie la viera, y quedara escondida, cumplida su funci\u00f3n, d\u00eda a d\u00eda, lo dem\u00e1s\u2026 calla.<\/p>\n\n\n\n<p>Historias publicadas, versos dormidos, poemas yertos y el postrer suspiro, del que, acabada la historia, ya no halla ep\u00edlogo.<\/p>\n<\/div><\/div>\n","protected":false},"excerpt":{"rendered":"<p>Retazos de mi memoria, de mis lugares frecuentes, de mis recorridos, de mis escritos actuales, de los perdidos. Apuntes de la historia de mi ciudad, de mis barrios, y mis historias, vivas, muertas, \u00a1qu\u00e9 m\u00e1s da! A golpe de martillo, se cincel\u00f3 la talla, para que nadie la viera, y quedara escondida, cumplida su funci\u00f3n, &hellip; <\/p>\n<p class=\"link-more\"><a href=\"https:\/\/pedrocasiano.es\/?page_id=3646\" class=\"more-link\">Leer m\u00e1s<span class=\"screen-reader-text\"> \u00abRetazos de mi Memoria\u00bb<\/span><\/a><\/p>\n","protected":false},"author":1,"featured_media":0,"parent":0,"menu_order":0,"comment_status":"closed","ping_status":"closed","template":"","meta":{"inspiro_hide_title":false,"footnotes":""},"class_list":["post-3646","page","type-page","status-publish","hentry"],"featured_media_urls":[],"_links":{"self":[{"href":"https:\/\/pedrocasiano.es\/index.php?rest_route=\/wp\/v2\/pages\/3646","targetHints":{"allow":["GET"]}}],"collection":[{"href":"https:\/\/pedrocasiano.es\/index.php?rest_route=\/wp\/v2\/pages"}],"about":[{"href":"https:\/\/pedrocasiano.es\/index.php?rest_route=\/wp\/v2\/types\/page"}],"author":[{"embeddable":true,"href":"https:\/\/pedrocasiano.es\/index.php?rest_route=\/wp\/v2\/users\/1"}],"replies":[{"embeddable":true,"href":"https:\/\/pedrocasiano.es\/index.php?rest_route=%2Fwp%2Fv2%2Fcomments&post=3646"}],"version-history":[{"count":1,"href":"https:\/\/pedrocasiano.es\/index.php?rest_route=\/wp\/v2\/pages\/3646\/revisions"}],"predecessor-version":[{"id":3648,"href":"https:\/\/pedrocasiano.es\/index.php?rest_route=\/wp\/v2\/pages\/3646\/revisions\/3648"}],"wp:attachment":[{"href":"https:\/\/pedrocasiano.es\/index.php?rest_route=%2Fwp%2Fv2%2Fmedia&parent=3646"}],"curies":[{"name":"wp","href":"https:\/\/api.w.org\/{rel}","templated":true}]}}