{"id":3643,"date":"2024-02-22T10:08:23","date_gmt":"2024-02-22T10:08:23","guid":{"rendered":"https:\/\/pedrocasiano.es\/?page_id=3643"},"modified":"2024-02-22T10:08:24","modified_gmt":"2024-02-22T10:08:24","slug":"quien-cuida-ya-de-los-viejos","status":"publish","type":"page","link":"https:\/\/pedrocasiano.es\/?page_id=3643","title":{"rendered":"\u00bfQui\u00e9n cuida ya de los Viejos?"},"content":{"rendered":"\n<div class=\"wp-block-media-text is-stacked-on-mobile is-vertically-aligned-top\"><figure class=\"wp-block-media-text__media\"><img decoding=\"async\" width=\"1024\" height=\"1024\" data-src=\"https:\/\/pedrocasiano.es\/wp-content\/uploads\/2024\/02\/ai-generated-8580174_1920-1024x1024.jpg\" alt=\"\" class=\"wp-image-3644 size-full lazyload\" src=\"data:image\/svg+xml;base64,PHN2ZyB3aWR0aD0iMSIgaGVpZ2h0PSIxIiB4bWxucz0iaHR0cDovL3d3dy53My5vcmcvMjAwMC9zdmciPjwvc3ZnPg==\" style=\"--smush-placeholder-width: 1024px; --smush-placeholder-aspect-ratio: 1024\/1024;\" \/><\/figure><div class=\"wp-block-media-text__content\">\n<p>\u00bfQui\u00e9n cuida ya de los viejos?<\/p>\n\n\n\n<p>Pobres seres olvidados<\/p>\n\n\n\n<p>Pues en la frescura<\/p>\n\n\n\n<p>De la edad apenas alcanzada<\/p>\n\n\n\n<p>La sapiencia m\u00e1s grande<\/p>\n\n\n\n<p>Pues los que m\u00e1s han vivido<\/p>\n\n\n\n<p>Ahora nada valen<\/p>\n\n\n\n<p>Ya que han dejado<\/p>\n\n\n\n<p>A lo largo del camino<\/p>\n\n\n\n<p>Todo lo que ten\u00edan<\/p>\n\n\n\n<p>Todo lo que labraron<\/p>\n\n\n\n<p>Y ahora yacen abandonados<\/p>\n\n\n\n<p>Como perros en perreras<\/p>\n\n\n\n<p>Ca\u00eddos en las cunetas<\/p>\n\n\n\n<p>Abandonados en asilos<\/p>\n\n\n\n<p>Donde el bien morir no existe<\/p>\n\n\n\n<p>Donde la soledad es hiena<\/p>\n\n\n\n<p>Donde los d\u00edas soleados<\/p>\n\n\n\n<p>Aparece la esperanza<\/p>\n\n\n\n<p>Y se muere en los nublados<\/p>\n\n\n\n<p>Hijos de padres olvidados<\/p>\n\n\n\n<p>Nietos desarrapados<\/p>\n\n\n\n<p>Descendencia innoble<\/p>\n\n\n\n<p>Impura, triste, impostora<\/p>\n\n\n\n<p>Que nada da, solo quita<\/p>\n\n\n\n<p>Y se reparte<\/p>\n\n\n\n<p>Lo poco<\/p>\n\n\n\n<p>Que al esqueleto le resta<\/p>\n\n\n\n<p>El ata\u00fad m\u00e1s barato<\/p>\n\n\n\n<p>La iglesia m\u00e1s escondida<\/p>\n\n\n\n<p>El lugar m\u00e1s cercano<\/p>\n\n\n\n<p>Una barata esquela en diario<\/p>\n\n\n\n<p>Y ma\u00f1ana, todo olvidado<\/p>\n\n\n\n<p>Mejor que sea as\u00ed, lo deseo<\/p>\n\n\n\n<p>A que alquilen pla\u00f1ideras<\/p>\n\n\n\n<p>Que hagan un m\u00ednimo esfuerzo<\/p>\n\n\n\n<p>Que le cueste los dineros<\/p>\n\n\n\n<p>Mejor si la herencia es menos<\/p>\n\n\n\n<p>Olvidaos de los hijos<\/p>\n\n\n\n<p>De aquellos que os quer\u00edan<\/p>\n\n\n\n<p>Rebelaros lo poco que os queda de vida<\/p>\n\n\n\n<p>Mandadlo todo al infierno<\/p>\n\n\n\n<p>Re\u00edros de la puta vida<\/p>\n\n\n\n<p>De los secuaces en blanco<\/p>\n\n\n\n<p>De los patrones de viejos<\/p>\n\n\n\n<p>De cobro fijo pagado<\/p>\n\n\n\n<p>Morir con dignidad propia<\/p>\n\n\n\n<p>Simplemente, escaparos.<\/p>\n<\/div><\/div>\n","protected":false},"excerpt":{"rendered":"<p>\u00bfQui\u00e9n cuida ya de los viejos? Pobres seres olvidados Pues en la frescura De la edad apenas alcanzada La sapiencia m\u00e1s grande Pues los que m\u00e1s han vivido Ahora nada valen Ya que han dejado A lo largo del camino Todo lo que ten\u00edan Todo lo que labraron Y ahora yacen abandonados Como perros en &hellip; <\/p>\n<p class=\"link-more\"><a href=\"https:\/\/pedrocasiano.es\/?page_id=3643\" class=\"more-link\">Leer m\u00e1s<span class=\"screen-reader-text\"> \u00ab\u00bfQui\u00e9n cuida ya de los Viejos?\u00bb<\/span><\/a><\/p>\n","protected":false},"author":1,"featured_media":0,"parent":0,"menu_order":0,"comment_status":"closed","ping_status":"closed","template":"","meta":{"inspiro_hide_title":false,"footnotes":""},"class_list":["post-3643","page","type-page","status-publish","hentry"],"featured_media_urls":[],"_links":{"self":[{"href":"https:\/\/pedrocasiano.es\/index.php?rest_route=\/wp\/v2\/pages\/3643","targetHints":{"allow":["GET"]}}],"collection":[{"href":"https:\/\/pedrocasiano.es\/index.php?rest_route=\/wp\/v2\/pages"}],"about":[{"href":"https:\/\/pedrocasiano.es\/index.php?rest_route=\/wp\/v2\/types\/page"}],"author":[{"embeddable":true,"href":"https:\/\/pedrocasiano.es\/index.php?rest_route=\/wp\/v2\/users\/1"}],"replies":[{"embeddable":true,"href":"https:\/\/pedrocasiano.es\/index.php?rest_route=%2Fwp%2Fv2%2Fcomments&post=3643"}],"version-history":[{"count":2,"href":"https:\/\/pedrocasiano.es\/index.php?rest_route=\/wp\/v2\/pages\/3643\/revisions"}],"predecessor-version":[{"id":10667,"href":"https:\/\/pedrocasiano.es\/index.php?rest_route=\/wp\/v2\/pages\/3643\/revisions\/10667"}],"wp:attachment":[{"href":"https:\/\/pedrocasiano.es\/index.php?rest_route=%2Fwp%2Fv2%2Fmedia&parent=3643"}],"curies":[{"name":"wp","href":"https:\/\/api.w.org\/{rel}","templated":true}]}}