{"id":321,"date":"2024-02-16T07:47:39","date_gmt":"2024-02-16T07:47:39","guid":{"rendered":"https:\/\/pedrocasiano.es\/?page_id=321"},"modified":"2025-06-12T05:33:24","modified_gmt":"2025-06-12T03:33:24","slug":"principal-de-libros","status":"publish","type":"page","link":"https:\/\/pedrocasiano.es\/?page_id=321","title":{"rendered":"Estos son algunos de mis Libros"},"content":{"rendered":"\n<div class=\"wp-block-cover alignwide\"><img decoding=\"async\" width=\"960\" height=\"1920\" class=\"wp-block-cover__image-background wp-image-5370 lazyload\" alt=\"\" data-src=\"https:\/\/pedrocasiano.es\/wp-content\/uploads\/2024\/02\/woman-8066839_1920.jpg\" data-object-fit=\"cover\" src=\"data:image\/svg+xml;base64,PHN2ZyB3aWR0aD0iMSIgaGVpZ2h0PSIxIiB4bWxucz0iaHR0cDovL3d3dy53My5vcmcvMjAwMC9zdmciPjwvc3ZnPg==\" style=\"--smush-placeholder-width: 960px; --smush-placeholder-aspect-ratio: 960\/1920;\" \/><span aria-hidden=\"true\" class=\"wp-block-cover__background has-background-dim\" style=\"background-color:#6e5642\"><\/span><div class=\"wp-block-cover__inner-container has-global-padding is-layout-constrained wp-block-cover-is-layout-constrained\">\n<ul class=\"wp-block-list\">\n<li><a href=\"https:\/\/pedrocasiano.es\/?page_id=323\" target=\"_blank\" rel=\"noreferrer noopener\">Pablo y Rosa (10 Libros<\/a>)<img decoding=\"async\" width=\"150\" height=\"225\" class=\"wp-image-6025 lazyload\" style=\"--smush-placeholder-width: 150px; --smush-placeholder-aspect-ratio: 150\/225;width: 150px;\" data-src=\"https:\/\/pedrocasiano.es\/wp-content\/uploads\/2024\/03\/Portada-Pablo-y-Rosa_1_prueba.jpg\" alt=\"\" src=\"data:image\/svg+xml;base64,PHN2ZyB3aWR0aD0iMSIgaGVpZ2h0PSIxIiB4bWxucz0iaHR0cDovL3d3dy53My5vcmcvMjAwMC9zdmciPjwvc3ZnPg==\"><img decoding=\"async\" class=\"wp-image-5845 lazyload\" style=\"width: 150px;\" data-src=\"https:\/\/pedrocasiano.es\/wp-content\/uploads\/2024\/03\/Portada-Pablo-y-Rosa_300peque.jpg\" alt=\"\" src=\"data:image\/svg+xml;base64,PHN2ZyB3aWR0aD0iMSIgaGVpZ2h0PSIxIiB4bWxucz0iaHR0cDovL3d3dy53My5vcmcvMjAwMC9zdmciPjwvc3ZnPg==\"><\/li>\n\n\n\n<li><a href=\"https:\/\/pedrocasiano.es\/?page_id=59\" target=\"_blank\" rel=\"noreferrer noopener\">La Leyenda de las Jinetas Negras<\/a><img decoding=\"async\" width=\"150\" height=\"212\" class=\"wp-image-8697 lazyload\" style=\"--smush-placeholder-width: 150px; --smush-placeholder-aspect-ratio: 150\/212;width: 150px;\" data-src=\"https:\/\/pedrocasiano.es\/wp-content\/uploads\/2024\/07\/Jinetas_1pequemas-1.jpg\" alt=\"\" src=\"data:image\/svg+xml;base64,PHN2ZyB3aWR0aD0iMSIgaGVpZ2h0PSIxIiB4bWxucz0iaHR0cDovL3d3dy53My5vcmcvMjAwMC9zdmciPjwvc3ZnPg==\"><img decoding=\"async\" class=\"wp-image-5867 lazyload\" style=\"width: 150px;\" data-src=\"https:\/\/pedrocasiano.es\/wp-content\/uploads\/2024\/03\/Jinetaspeque.jpg\" alt=\"\" src=\"data:image\/svg+xml;base64,PHN2ZyB3aWR0aD0iMSIgaGVpZ2h0PSIxIiB4bWxucz0iaHR0cDovL3d3dy53My5vcmcvMjAwMC9zdmciPjwvc3ZnPg==\"><img decoding=\"async\" class=\"wp-image-3641 lazyload\" style=\"width: 150px;\" data-src=\"https:\/\/pedrocasiano.es\/wp-content\/uploads\/2024\/02\/Jinetas-scaled.jpg\" alt=\"\" src=\"data:image\/svg+xml;base64,PHN2ZyB3aWR0aD0iMSIgaGVpZ2h0PSIxIiB4bWxucz0iaHR0cDovL3d3dy53My5vcmcvMjAwMC9zdmciPjwvc3ZnPg==\"><\/li>\n\n\n\n<li><a href=\"https:\/\/pedrocasiano.es\/?page_id=171\" target=\"_blank\" rel=\"noreferrer noopener\">El Vuelo de las Garzas<\/a><img decoding=\"async\" width=\"150\" height=\"225\" class=\"wp-image-6047 lazyload\" style=\"--smush-placeholder-width: 150px; --smush-placeholder-aspect-ratio: 150\/225;width: 150px;\" data-src=\"https:\/\/pedrocasiano.es\/wp-content\/uploads\/2024\/03\/El-Vuelo-de-las-Garzas_pub.jpg\" alt=\"\" src=\"data:image\/svg+xml;base64,PHN2ZyB3aWR0aD0iMSIgaGVpZ2h0PSIxIiB4bWxucz0iaHR0cDovL3d3dy53My5vcmcvMjAwMC9zdmciPjwvc3ZnPg==\"><\/li>\n\n\n\n<li><a href=\"https:\/\/pedrocasiano.es\/?page_id=326\" target=\"_blank\" rel=\"noreferrer noopener\">Cuando llega la Noche (2 Libros)<\/a><img decoding=\"async\" width=\"150\" height=\"225\" class=\"wp-image-6051 lazyload\" style=\"--smush-placeholder-width: 150px; --smush-placeholder-aspect-ratio: 150\/225;width: 150px;\" data-src=\"https:\/\/pedrocasiano.es\/wp-content\/uploads\/2024\/03\/Cuando-llega-la-noche_Pub_1.jpg\" alt=\"\" src=\"data:image\/svg+xml;base64,PHN2ZyB3aWR0aD0iMSIgaGVpZ2h0PSIxIiB4bWxucz0iaHR0cDovL3d3dy53My5vcmcvMjAwMC9zdmciPjwvc3ZnPg==\"><\/li>\n\n\n\n<li><a href=\"https:\/\/pedrocasiano.es\/?page_id=329\" target=\"_blank\" rel=\"noreferrer noopener\">Atemporal (2Libros)<\/a><img decoding=\"async\" width=\"150\" height=\"225\" class=\"wp-image-6055 lazyload\" style=\"--smush-placeholder-width: 150px; --smush-placeholder-aspect-ratio: 150\/225;width: 150px;\" data-src=\"https:\/\/pedrocasiano.es\/wp-content\/uploads\/2024\/03\/Atemporal2Eng.jpg\" alt=\"\" src=\"data:image\/svg+xml;base64,PHN2ZyB3aWR0aD0iMSIgaGVpZ2h0PSIxIiB4bWxucz0iaHR0cDovL3d3dy53My5vcmcvMjAwMC9zdmciPjwvc3ZnPg==\"><\/li>\n\n\n\n<li><a href=\"https:\/\/pedrocasiano.es\/?page_id=331\" target=\"_blank\" rel=\"noreferrer noopener\">Ramir Al Mayub (3Libros<\/a><img decoding=\"async\" width=\"150\" height=\"225\" class=\"wp-image-6059 lazyload\" style=\"--smush-placeholder-width: 150px; --smush-placeholder-aspect-ratio: 150\/225;width: 150px;\" data-src=\"https:\/\/pedrocasiano.es\/wp-content\/uploads\/2024\/03\/Ramir_Y_Eng.jpg\" alt=\"\" src=\"data:image\/svg+xml;base64,PHN2ZyB3aWR0aD0iMSIgaGVpZ2h0PSIxIiB4bWxucz0iaHR0cDovL3d3dy53My5vcmcvMjAwMC9zdmciPjwvc3ZnPg==\"><\/li>\n\n\n\n<li><a href=\"https:\/\/pedrocasiano.es\/?page_id=334\" target=\"_blank\" rel=\"noreferrer noopener\">Las L\u00e1grimas de las Estatuas (2Libros)<\/a><img decoding=\"async\" width=\"150\" height=\"225\" class=\"wp-image-6065 lazyload\" style=\"--smush-placeholder-width: 150px; --smush-placeholder-aspect-ratio: 150\/225;width: 150px;\" data-src=\"https:\/\/pedrocasiano.es\/wp-content\/uploads\/2024\/03\/Lagrimas_4Eng.jpg\" alt=\"\" src=\"data:image\/svg+xml;base64,PHN2ZyB3aWR0aD0iMSIgaGVpZ2h0PSIxIiB4bWxucz0iaHR0cDovL3d3dy53My5vcmcvMjAwMC9zdmciPjwvc3ZnPg==\"><\/li>\n\n\n\n<li><a href=\"https:\/\/pedrocasiano.es\/?page_id=238\" target=\"_blank\" rel=\"noreferrer noopener\">El S\u00edndrome de Wuhan<\/a><img decoding=\"async\" width=\"150\" height=\"225\" class=\"wp-image-5885 lazyload\" style=\"--smush-placeholder-width: 150px; --smush-placeholder-aspect-ratio: 150\/225;width: 150px;\" data-src=\"https:\/\/pedrocasiano.es\/wp-content\/uploads\/2024\/03\/Sindrome_7peque.jpg\" alt=\"\" src=\"data:image\/svg+xml;base64,PHN2ZyB3aWR0aD0iMSIgaGVpZ2h0PSIxIiB4bWxucz0iaHR0cDovL3d3dy53My5vcmcvMjAwMC9zdmciPjwvc3ZnPg==\"><\/li>\n\n\n\n<li><a href=\"https:\/\/pedrocasiano.es\/?page_id=336\" target=\"_blank\" rel=\"noreferrer noopener\">Libros de Relatos (3 Libros)<\/a><img decoding=\"async\" width=\"150\" height=\"225\" class=\"wp-image-6067 lazyload\" style=\"--smush-placeholder-width: 150px; --smush-placeholder-aspect-ratio: 150\/225;width: 150px;\" data-src=\"https:\/\/pedrocasiano.es\/wp-content\/uploads\/2024\/03\/Relatos-2eng.jpg\" alt=\"\" src=\"data:image\/svg+xml;base64,PHN2ZyB3aWR0aD0iMSIgaGVpZ2h0PSIxIiB4bWxucz0iaHR0cDovL3d3dy53My5vcmcvMjAwMC9zdmciPjwvc3ZnPg==\"><\/li>\n\n\n\n<li><a href=\"https:\/\/pedrocasiano.es\/?page_id=244\" target=\"_blank\" rel=\"noreferrer noopener\">El Librero<\/a><img decoding=\"async\" width=\"150\" height=\"225\" class=\"wp-image-6069 lazyload\" style=\"--smush-placeholder-width: 150px; --smush-placeholder-aspect-ratio: 150\/225;width: 150px;\" data-src=\"https:\/\/pedrocasiano.es\/wp-content\/uploads\/2024\/03\/librero_2ENG.jpg\" alt=\"\" src=\"data:image\/svg+xml;base64,PHN2ZyB3aWR0aD0iMSIgaGVpZ2h0PSIxIiB4bWxucz0iaHR0cDovL3d3dy53My5vcmcvMjAwMC9zdmciPjwvc3ZnPg==\"><\/li>\n\n\n\n<li><a href=\"https:\/\/pedrocasiano.es\/?page_id=246\" target=\"_blank\" rel=\"noreferrer noopener\">Hijos de la Soledad<\/a><img decoding=\"async\" width=\"150\" height=\"225\" class=\"wp-image-5891 lazyload\" style=\"--smush-placeholder-width: 150px; --smush-placeholder-aspect-ratio: 150\/225;width: 150px;\" data-src=\"https:\/\/pedrocasiano.es\/wp-content\/uploads\/2024\/03\/hijos5peque.jpg\" alt=\"\" src=\"data:image\/svg+xml;base64,PHN2ZyB3aWR0aD0iMSIgaGVpZ2h0PSIxIiB4bWxucz0iaHR0cDovL3d3dy53My5vcmcvMjAwMC9zdmciPjwvc3ZnPg==\"><\/li>\n\n\n\n<li><a href=\"https:\/\/pedrocasiano.es\/?page_id=969\" target=\"_blank\" rel=\"noreferrer noopener\">Siluetas Olvidadas en la Niebla<\/a><img decoding=\"async\" width=\"150\" height=\"225\" class=\"wp-image-5893 lazyload\" style=\"--smush-placeholder-width: 150px; --smush-placeholder-aspect-ratio: 150\/225;width: 150px;\" data-src=\"https:\/\/pedrocasiano.es\/wp-content\/uploads\/2024\/03\/Siluetas_44peque.jpg\" alt=\"\" src=\"data:image\/svg+xml;base64,PHN2ZyB3aWR0aD0iMSIgaGVpZ2h0PSIxIiB4bWxucz0iaHR0cDovL3d3dy53My5vcmcvMjAwMC9zdmciPjwvc3ZnPg==\"><\/li>\n\n\n\n<li><a href=\"https:\/\/pedrocasiano.es\/?page_id=972\" target=\"_blank\" rel=\"noreferrer noopener\">La Soledad del Diablo<\/a><img decoding=\"async\" width=\"150\" height=\"225\" class=\"wp-image-5895 lazyload\" style=\"--smush-placeholder-width: 150px; --smush-placeholder-aspect-ratio: 150\/225;width: 150px;\" data-src=\"https:\/\/pedrocasiano.es\/wp-content\/uploads\/2024\/03\/Soledad1peque.jpg\" alt=\"\" src=\"data:image\/svg+xml;base64,PHN2ZyB3aWR0aD0iMSIgaGVpZ2h0PSIxIiB4bWxucz0iaHR0cDovL3d3dy53My5vcmcvMjAwMC9zdmciPjwvc3ZnPg==\"><\/li>\n\n\n\n<li><a href=\"https:\/\/pedrocasiano.es\/?page_id=975\" target=\"_blank\" rel=\"noreferrer noopener\">Un Hogar en el Infierno<\/a><img decoding=\"async\" width=\"150\" height=\"225\" class=\"wp-image-6071 lazyload\" style=\"--smush-placeholder-width: 150px; --smush-placeholder-aspect-ratio: 150\/225;width: 150px;\" data-src=\"https:\/\/pedrocasiano.es\/wp-content\/uploads\/2024\/03\/hogar1eng.jpg\" alt=\"\" src=\"data:image\/svg+xml;base64,PHN2ZyB3aWR0aD0iMSIgaGVpZ2h0PSIxIiB4bWxucz0iaHR0cDovL3d3dy53My5vcmcvMjAwMC9zdmciPjwvc3ZnPg==\"><img decoding=\"async\" class=\"wp-image-206 lazyload\" style=\"width: 150px;\" data-src=\"https:\/\/pedrocasiano.es\/wp-content\/uploads\/2024\/02\/hogar-scaled-e1707985274187.jpg\" alt=\"\" src=\"data:image\/svg+xml;base64,PHN2ZyB3aWR0aD0iMSIgaGVpZ2h0PSIxIiB4bWxucz0iaHR0cDovL3d3dy53My5vcmcvMjAwMC9zdmciPjwvc3ZnPg==\"><\/li>\n\n\n\n<li><a href=\"https:\/\/pedrocasiano.es\/?page_id=978\" target=\"_blank\" rel=\"noreferrer noopener\">Cruce de Vidas<\/a><img decoding=\"async\" width=\"150\" height=\"225\" class=\"wp-image-6073 lazyload\" style=\"--smush-placeholder-width: 150px; --smush-placeholder-aspect-ratio: 150\/225;width: 150px;\" data-src=\"https:\/\/pedrocasiano.es\/wp-content\/uploads\/2024\/03\/Cauce-de-Vidas_1eng.jpg\" alt=\"\" src=\"data:image\/svg+xml;base64,PHN2ZyB3aWR0aD0iMSIgaGVpZ2h0PSIxIiB4bWxucz0iaHR0cDovL3d3dy53My5vcmcvMjAwMC9zdmciPjwvc3ZnPg==\"><\/li>\n\n\n\n<li><a href=\"https:\/\/pedrocasiano.es\/?page_id=982\" target=\"_blank\" rel=\"noreferrer noopener\">Retazos de Vida. Ella<\/a><img decoding=\"async\" width=\"150\" height=\"225\" class=\"wp-image-5901 lazyload\" style=\"--smush-placeholder-width: 150px; --smush-placeholder-aspect-ratio: 150\/225;width: 150px;\" data-src=\"https:\/\/pedrocasiano.es\/wp-content\/uploads\/2024\/03\/Retazos-de-Vida.-Ella_5peque.jpg\" alt=\"\" src=\"data:image\/svg+xml;base64,PHN2ZyB3aWR0aD0iMSIgaGVpZ2h0PSIxIiB4bWxucz0iaHR0cDovL3d3dy53My5vcmcvMjAwMC9zdmciPjwvc3ZnPg==\"><\/li>\n\n\n\n<li><a href=\"https:\/\/pedrocasiano.es\/?page_id=985\" target=\"_blank\" rel=\"noreferrer noopener\">Extra\u00f1a Pareja<\/a><img decoding=\"async\" width=\"150\" height=\"225\" class=\"wp-image-6075 lazyload\" style=\"--smush-placeholder-width: 150px; --smush-placeholder-aspect-ratio: 150\/225;width: 150px;\" data-src=\"https:\/\/pedrocasiano.es\/wp-content\/uploads\/2024\/03\/Publicacion5Eng.jpg\" alt=\"\" src=\"data:image\/svg+xml;base64,PHN2ZyB3aWR0aD0iMSIgaGVpZ2h0PSIxIiB4bWxucz0iaHR0cDovL3d3dy53My5vcmcvMjAwMC9zdmciPjwvc3ZnPg==\"><\/li>\n\n\n\n<li><a href=\"https:\/\/pedrocasiano.es\/?page_id=988\" target=\"_blank\" rel=\"noreferrer noopener\">Canciones de Amor Inacabadas<\/a><img decoding=\"async\" width=\"150\" height=\"225\" class=\"wp-image-5905 lazyload\" style=\"--smush-placeholder-width: 150px; --smush-placeholder-aspect-ratio: 150\/225;width: 150px;\" data-src=\"https:\/\/pedrocasiano.es\/wp-content\/uploads\/2024\/03\/Publicacion2peque.jpg\" alt=\"\" src=\"data:image\/svg+xml;base64,PHN2ZyB3aWR0aD0iMSIgaGVpZ2h0PSIxIiB4bWxucz0iaHR0cDovL3d3dy53My5vcmcvMjAwMC9zdmciPjwvc3ZnPg==\"><\/li>\n\n\n\n<li><a href=\"https:\/\/pedrocasiano.es\/?page_id=991\" target=\"_blank\" rel=\"noreferrer noopener\">De Principios y Finales<\/a><img decoding=\"async\" width=\"150\" height=\"225\" class=\"wp-image-5907 lazyload\" style=\"--smush-placeholder-width: 150px; --smush-placeholder-aspect-ratio: 150\/225;width: 150px;\" data-src=\"https:\/\/pedrocasiano.es\/wp-content\/uploads\/2024\/03\/DePrincipios_2peque.jpg\" alt=\"\" src=\"data:image\/svg+xml;base64,PHN2ZyB3aWR0aD0iMSIgaGVpZ2h0PSIxIiB4bWxucz0iaHR0cDovL3d3dy53My5vcmcvMjAwMC9zdmciPjwvc3ZnPg==\"><\/li>\n\n\n\n<li><a href=\"https:\/\/pedrocasiano.es\/?page_id=994\" target=\"_blank\" rel=\"noreferrer noopener\">Historias Que Contar Cuando Nadie Est\u00e1 Escuchando<\/a><img decoding=\"async\" width=\"150\" height=\"225\" class=\"wp-image-6077 lazyload\" style=\"--smush-placeholder-width: 150px; --smush-placeholder-aspect-ratio: 150\/225;width: 150px;\" data-src=\"https:\/\/pedrocasiano.es\/wp-content\/uploads\/2024\/03\/Historias-Que-Contar-Cuando-Nadie-Esta-Escuchando_2eng.jpg\" alt=\"\" src=\"data:image\/svg+xml;base64,PHN2ZyB3aWR0aD0iMSIgaGVpZ2h0PSIxIiB4bWxucz0iaHR0cDovL3d3dy53My5vcmcvMjAwMC9zdmciPjwvc3ZnPg==\"><\/li>\n\n\n\n<li><a href=\"https:\/\/pedrocasiano.es\/?page_id=997\" target=\"_blank\" rel=\"noreferrer noopener\">La Directiva Hammurabi<\/a><img decoding=\"async\" width=\"150\" height=\"225\" class=\"wp-image-6079 lazyload\" style=\"--smush-placeholder-width: 150px; --smush-placeholder-aspect-ratio: 150\/225;width: 150px;\" data-src=\"https:\/\/pedrocasiano.es\/wp-content\/uploads\/2024\/03\/La-Directiva-Hammurabi_pub_1.jpg\" alt=\"\" src=\"data:image\/svg+xml;base64,PHN2ZyB3aWR0aD0iMSIgaGVpZ2h0PSIxIiB4bWxucz0iaHR0cDovL3d3dy53My5vcmcvMjAwMC9zdmciPjwvc3ZnPg==\"><\/li>\n\n\n\n<li><a href=\"https:\/\/pedrocasiano.es\/?page_id=1000\" target=\"_blank\" rel=\"noreferrer noopener\">Rutas que Bordean el Infierno<\/a><img decoding=\"async\" width=\"150\" height=\"225\" class=\"wp-image-5914 lazyload\" style=\"--smush-placeholder-width: 150px; --smush-placeholder-aspect-ratio: 150\/225;width: 150px;\" data-src=\"https:\/\/pedrocasiano.es\/wp-content\/uploads\/2024\/03\/Rutas-que-bordean-el-Infiernopeque.jpg\" alt=\"\" src=\"data:image\/svg+xml;base64,PHN2ZyB3aWR0aD0iMSIgaGVpZ2h0PSIxIiB4bWxucz0iaHR0cDovL3d3dy53My5vcmcvMjAwMC9zdmciPjwvc3ZnPg==\"><\/li>\n\n\n\n<li><a href=\"https:\/\/pedrocasiano.es\/?page_id=1003\" target=\"_blank\" rel=\"noreferrer noopener\">Susurros<\/a><img decoding=\"async\" width=\"150\" height=\"225\" class=\"wp-image-5916 lazyload\" style=\"--smush-placeholder-width: 150px; --smush-placeholder-aspect-ratio: 150\/225;width: 150px;\" data-src=\"https:\/\/pedrocasiano.es\/wp-content\/uploads\/2024\/03\/Susurros1peque.jpg\" alt=\"\" src=\"data:image\/svg+xml;base64,PHN2ZyB3aWR0aD0iMSIgaGVpZ2h0PSIxIiB4bWxucz0iaHR0cDovL3d3dy53My5vcmcvMjAwMC9zdmciPjwvc3ZnPg==\"><\/li>\n\n\n\n<li><a href=\"https:\/\/pedrocasiano.es\/?page_id=1006\" target=\"_blank\" rel=\"noreferrer noopener\">Poemas sin Serlo<\/a><img decoding=\"async\" width=\"150\" height=\"225\" class=\"wp-image-6081 lazyload\" style=\"--smush-placeholder-width: 150px; --smush-placeholder-aspect-ratio: 150\/225;width: 150px;\" data-src=\"https:\/\/pedrocasiano.es\/wp-content\/uploads\/2024\/03\/Poemas-sin-nada-mas_1eng.jpg\" alt=\"\" src=\"data:image\/svg+xml;base64,PHN2ZyB3aWR0aD0iMSIgaGVpZ2h0PSIxIiB4bWxucz0iaHR0cDovL3d3dy53My5vcmcvMjAwMC9zdmciPjwvc3ZnPg==\"><\/li>\n\n\n\n<li><a href=\"https:\/\/pedrocasiano.es\/?page_id=1009\" target=\"_blank\" rel=\"noreferrer noopener\">P\u00e1jaros en la Cabeza<\/a><img decoding=\"async\" width=\"150\" height=\"225\" class=\"wp-image-6083 lazyload\" style=\"--smush-placeholder-width: 150px; --smush-placeholder-aspect-ratio: 150\/225;width: 150px;\" data-src=\"https:\/\/pedrocasiano.es\/wp-content\/uploads\/2024\/03\/Pajaros-en-la-cabeza_PUB_2.jpg\" alt=\"\" src=\"data:image\/svg+xml;base64,PHN2ZyB3aWR0aD0iMSIgaGVpZ2h0PSIxIiB4bWxucz0iaHR0cDovL3d3dy53My5vcmcvMjAwMC9zdmciPjwvc3ZnPg==\"><\/li>\n\n\n\n<li><a href=\"https:\/\/pedrocasiano.es\/?page_id=1014\" target=\"_blank\" rel=\"noreferrer noopener\">Aura de Maldad<\/a><img decoding=\"async\" width=\"150\" height=\"225\" class=\"wp-image-6085 lazyload\" style=\"--smush-placeholder-width: 150px; --smush-placeholder-aspect-ratio: 150\/225;width: 150px;\" data-src=\"https:\/\/pedrocasiano.es\/wp-content\/uploads\/2024\/03\/Aura-de-Maldad.jpg\" alt=\"\" src=\"data:image\/svg+xml;base64,PHN2ZyB3aWR0aD0iMSIgaGVpZ2h0PSIxIiB4bWxucz0iaHR0cDovL3d3dy53My5vcmcvMjAwMC9zdmciPjwvc3ZnPg==\"><\/li>\n\n\n\n<li><a href=\"https:\/\/pedrocasiano.es\/?page_id=1017\" target=\"_blank\" rel=\"noreferrer noopener\">El Hombre que Escrib\u00eda las Letras del Olvido<\/a><img decoding=\"async\" width=\"150\" height=\"225\" class=\"wp-image-5924 lazyload\" style=\"--smush-placeholder-width: 150px; --smush-placeholder-aspect-ratio: 150\/225;width: 150px;\" data-src=\"https:\/\/pedrocasiano.es\/wp-content\/uploads\/2024\/03\/El-Hombre-que-escribia-las-letras-del-olvido4peque.jpg\" alt=\"\" src=\"data:image\/svg+xml;base64,PHN2ZyB3aWR0aD0iMSIgaGVpZ2h0PSIxIiB4bWxucz0iaHR0cDovL3d3dy53My5vcmcvMjAwMC9zdmciPjwvc3ZnPg==\"><\/li>\n<\/ul>\n<\/div><\/div>\n\n\n\n<h2 class=\"wp-block-heading\"><strong>Todos los Derechos Reservados<\/strong><\/h2>\n\n\n\n<p class=\"has-text-align-center\"><strong>\u201cEstas novelas, publicaciones y dem\u00e1s, son obras de ficci\u00f3n. Los nombres, personajes, lugares e incidentes son producto de la imaginaci\u00f3n del autor o son utilizados de manera ficticia. Cualquier parecido con personas, vivas o muertas, o sucesos reales es pura coincidencia.\u201d<\/strong><\/p>\n","protected":false},"excerpt":{"rendered":"<p>Todos los Derechos Reservados \u201cEstas novelas, publicaciones y dem\u00e1s, son obras de ficci\u00f3n. Los nombres, personajes, lugares e incidentes son producto de la imaginaci\u00f3n del autor o son utilizados de manera ficticia. Cualquier parecido con personas, vivas o muertas, o sucesos reales es pura coincidencia.\u201d<\/p>\n","protected":false},"author":1,"featured_media":0,"parent":0,"menu_order":0,"comment_status":"closed","ping_status":"closed","template":"","meta":{"inspiro_hide_title":false,"footnotes":""},"class_list":["post-321","page","type-page","status-publish","hentry"],"featured_media_urls":[],"_links":{"self":[{"href":"https:\/\/pedrocasiano.es\/index.php?rest_route=\/wp\/v2\/pages\/321","targetHints":{"allow":["GET"]}}],"collection":[{"href":"https:\/\/pedrocasiano.es\/index.php?rest_route=\/wp\/v2\/pages"}],"about":[{"href":"https:\/\/pedrocasiano.es\/index.php?rest_route=\/wp\/v2\/types\/page"}],"author":[{"embeddable":true,"href":"https:\/\/pedrocasiano.es\/index.php?rest_route=\/wp\/v2\/users\/1"}],"replies":[{"embeddable":true,"href":"https:\/\/pedrocasiano.es\/index.php?rest_route=%2Fwp%2Fv2%2Fcomments&post=321"}],"version-history":[{"count":47,"href":"https:\/\/pedrocasiano.es\/index.php?rest_route=\/wp\/v2\/pages\/321\/revisions"}],"predecessor-version":[{"id":13865,"href":"https:\/\/pedrocasiano.es\/index.php?rest_route=\/wp\/v2\/pages\/321\/revisions\/13865"}],"wp:attachment":[{"href":"https:\/\/pedrocasiano.es\/index.php?rest_route=%2Fwp%2Fv2%2Fmedia&parent=321"}],"curies":[{"name":"wp","href":"https:\/\/api.w.org\/{rel}","templated":true}]}}