{"id":2739,"date":"2024-02-21T15:38:31","date_gmt":"2024-02-21T15:38:31","guid":{"rendered":"https:\/\/pedrocasiano.es\/?page_id=2739"},"modified":"2026-04-02T10:30:18","modified_gmt":"2026-04-02T08:30:18","slug":"cosas-de-cordoba-segunda-parte","status":"publish","type":"page","link":"https:\/\/pedrocasiano.es\/?page_id=2739","title":{"rendered":"Leyendas y Cosas de C\u00f3rdoba. Cuarta Parte"},"content":{"rendered":"\n<div class=\"wp-block-cover alignfull has-custom-content-position is-position-top-left\" style=\"min-height:805px;aspect-ratio:unset;\"><img decoding=\"async\" width=\"1024\" height=\"574\" class=\"wp-block-cover__image-background wp-image-2740 lazyload\" alt=\"\" data-src=\"https:\/\/pedrocasiano.es\/wp-content\/uploads\/2024\/02\/woman-8283562-1.jpg\" data-object-fit=\"cover\" src=\"data:image\/svg+xml;base64,PHN2ZyB3aWR0aD0iMSIgaGVpZ2h0PSIxIiB4bWxucz0iaHR0cDovL3d3dy53My5vcmcvMjAwMC9zdmciPjwvc3ZnPg==\" style=\"--smush-placeholder-width: 1024px; --smush-placeholder-aspect-ratio: 1024\/574;\" \/><span aria-hidden=\"true\" class=\"wp-block-cover__background has-background-dim\"><\/span><div class=\"wp-block-cover__inner-container has-global-padding is-layout-constrained wp-block-cover-is-layout-constrained\">\n<p><\/p>\n\n\n\n<ul class=\"wp-block-list\">\n<li><a href=\"https:\/\/pedrocasiano.es\/?page_id=2660\" target=\"_blank\" rel=\"noreferrer noopener\">Azucaque<\/a><\/li>\n\n\n\n<li><a href=\"https:\/\/pedrocasiano.es\/?page_id=3685\" target=\"_blank\" rel=\"noreferrer noopener\">El primer Vuelo de la Historia fue donde no hay Aeropuerto<\/a><\/li>\n\n\n\n<li><a href=\"https:\/\/pedrocasiano.es\/?page_id=3688\" target=\"_blank\" rel=\"noreferrer noopener\">Adarve<\/a><\/li>\n\n\n\n<li><a href=\"https:\/\/pedrocasiano.es\/?page_id=3695\" target=\"_blank\" rel=\"noreferrer noopener\">Las Iglesias Fernandinas<\/a><\/li>\n\n\n\n<li><a href=\"https:\/\/pedrocasiano.es\/?page_id=3698https:\/\/pedrocasiano.es\/?page_id=3698\" target=\"_blank\" rel=\"noreferrer noopener\">Axerqu\u00eda<\/a><\/li>\n\n\n\n<li><a href=\"https:\/\/pedrocasiano.es\/?page_id=3701\" target=\"_blank\" rel=\"noreferrer noopener\">Los Arrabales De La Axerqu\u00eda<\/a><\/li>\n\n\n\n<li><a href=\"https:\/\/pedrocasiano.es\/?page_id=3704\" target=\"_blank\" rel=\"noreferrer noopener\">Los Veinticuatro<\/a><\/li>\n\n\n\n<li><a href=\"https:\/\/pedrocasiano.es\/?page_id=3707\" target=\"_blank\" rel=\"noreferrer noopener\">La J\u00edcara<\/a><\/li>\n\n\n\n<li><a href=\"https:\/\/pedrocasiano.es\/?page_id=3711\" target=\"_blank\" rel=\"noreferrer noopener\">Bebe agua desde los Barandales<\/a><\/li>\n\n\n\n<li><a href=\"https:\/\/pedrocasiano.es\/?page_id=3714\" target=\"_blank\" rel=\"noreferrer noopener\">Moyano, el Latonero<\/a><\/li>\n\n\n\n<li><a href=\"https:\/\/pedrocasiano.es\/?page_id=3717\" target=\"_blank\" rel=\"noreferrer noopener\">Sandalio el Carnicero<\/a><\/li>\n\n\n\n<li><a href=\"https:\/\/pedrocasiano.es\/?page_id=2663\" target=\"_blank\" rel=\"noreferrer noopener\">Cordob\u00e1n<\/a><\/li>\n\n\n\n<li><a href=\"https:\/\/pedrocasiano.es\/?p=6382\" target=\"_blank\" rel=\"noreferrer noopener\">Badana<\/a><\/li>\n\n\n\n<li><a href=\"https:\/\/pedrocasiano.es\/?page_id=2669\" target=\"_blank\" rel=\"noreferrer noopener\">Farfollas<\/a><\/li>\n\n\n\n<li><a href=\"https:\/\/pedrocasiano.es\/?page_id=2672\" target=\"_blank\" rel=\"noreferrer noopener\">La Grilla<\/a><\/li>\n\n\n\n<li><a href=\"https:\/\/pedrocasiano.es\/?page_id=2675\" target=\"_blank\" rel=\"noreferrer noopener\">Saborio, Ezaborio\u2026 <\/a><\/li>\n\n\n\n<li><a href=\"https:\/\/pedrocasiano.es\/?page_id=2678\" target=\"_blank\" rel=\"noreferrer noopener\">Esos Vilipendiados Caracoles<\/a><\/li>\n\n\n\n<li><a href=\"https:\/\/pedrocasiano.es\/?p=2687\" target=\"_blank\" rel=\"noreferrer noopener\">Gonzalo<\/a><\/li>\n\n\n\n<li><a href=\"https:\/\/pedrocasiano.es\/?p=2690\" target=\"_blank\" rel=\"noreferrer noopener\">Calatrava<\/a><\/li>\n\n\n\n<li><a href=\"https:\/\/pedrocasiano.es\/?p=2693\" target=\"_blank\" rel=\"noreferrer noopener\">Torres Albarranas<\/a><\/li>\n<\/ul>\n\n\n\n<p><strong>Todos los Derechos Reservados<\/strong><\/p>\n\n\n\n<p class=\"has-text-align-center\"><strong>\u201cEstas novelas, publicaciones y dem\u00e1s, son obras de ficci\u00f3n. Los nombres, personajes, lugares e incidentes son producto de la imaginaci\u00f3n del autor o son utilizados de manera ficticia. Cualquier parecido con personas, vivas o muertas, o sucesos reales es pura coincidencia.\u201d<\/strong><\/p>\n<\/div><\/div>\n","protected":false},"excerpt":{"rendered":"","protected":false},"author":1,"featured_media":0,"parent":0,"menu_order":0,"comment_status":"closed","ping_status":"closed","template":"","meta":{"inspiro_hide_title":false,"footnotes":""},"class_list":["post-2739","page","type-page","status-publish","hentry"],"featured_media_urls":[],"_links":{"self":[{"href":"https:\/\/pedrocasiano.es\/index.php?rest_route=\/wp\/v2\/pages\/2739","targetHints":{"allow":["GET"]}}],"collection":[{"href":"https:\/\/pedrocasiano.es\/index.php?rest_route=\/wp\/v2\/pages"}],"about":[{"href":"https:\/\/pedrocasiano.es\/index.php?rest_route=\/wp\/v2\/types\/page"}],"author":[{"embeddable":true,"href":"https:\/\/pedrocasiano.es\/index.php?rest_route=\/wp\/v2\/users\/1"}],"replies":[{"embeddable":true,"href":"https:\/\/pedrocasiano.es\/index.php?rest_route=%2Fwp%2Fv2%2Fcomments&post=2739"}],"version-history":[{"count":17,"href":"https:\/\/pedrocasiano.es\/index.php?rest_route=\/wp\/v2\/pages\/2739\/revisions"}],"predecessor-version":[{"id":16654,"href":"https:\/\/pedrocasiano.es\/index.php?rest_route=\/wp\/v2\/pages\/2739\/revisions\/16654"}],"wp:attachment":[{"href":"https:\/\/pedrocasiano.es\/index.php?rest_route=%2Fwp%2Fv2%2Fmedia&parent=2739"}],"curies":[{"name":"wp","href":"https:\/\/api.w.org\/{rel}","templated":true}]}}