{"id":2678,"date":"2024-02-21T10:07:12","date_gmt":"2024-02-21T10:07:12","guid":{"rendered":"https:\/\/pedrocasiano.es\/?page_id=2678"},"modified":"2024-02-21T10:07:12","modified_gmt":"2024-02-21T10:07:12","slug":"esos-vilipendiados-caracoles","status":"publish","type":"page","link":"https:\/\/pedrocasiano.es\/?page_id=2678","title":{"rendered":"Esos Vilipendiados Caracoles"},"content":{"rendered":"\n<div class=\"wp-block-media-text is-stacked-on-mobile is-vertically-aligned-top\" style=\"grid-template-columns:35% auto\"><figure class=\"wp-block-media-text__media\"><img decoding=\"async\" width=\"1024\" height=\"1023\" data-src=\"https:\/\/pedrocasiano.es\/wp-content\/uploads\/2024\/02\/texture-2115744_1280-1024x1023.jpg\" alt=\"\" class=\"wp-image-2679 size-full lazyload\" src=\"data:image\/svg+xml;base64,PHN2ZyB3aWR0aD0iMSIgaGVpZ2h0PSIxIiB4bWxucz0iaHR0cDovL3d3dy53My5vcmcvMjAwMC9zdmciPjwvc3ZnPg==\" style=\"--smush-placeholder-width: 1024px; --smush-placeholder-aspect-ratio: 1024\/1023;\" \/><\/figure><div class=\"wp-block-media-text__content\">\n<p>Costumbre cordobesa, a que fuera de aqu\u00ed, nadie comprende. He llevado a cientos, no es broma, de for\u00e1neos, y ninguno, salva sea la excepci\u00f3n, ha podido con el asco que le ha producido. Mejor, a m\u00e1s cabemos.<\/p>\n\n\n\n<p>Mas de cuarenta puestos, pero ya son de invernadero muchos de ellos, pues la temporada era Abril y Mayo, y ahora se extiende cuatro meses o m\u00e1s, de lo que no me quejo en absoluto.<\/p>\n\n\n\n<p>Pero a pesar de ello, recuerdo cuando \u00edbamos a cogerlos, los de hinojo, que dec\u00edan que eran los mejores, por el sabor de la planta, la paliza de mi madre lavando, y el reventar de no parar, \u00a1qu\u00e9 maravilla!, pero para poder apreciar esto, hay que haber nacido aqu\u00ed, y no me hubiera gustado no saborearlos.<\/p>\n<\/div><\/div>\n","protected":false},"excerpt":{"rendered":"<p>Costumbre cordobesa, a que fuera de aqu\u00ed, nadie comprende. He llevado a cientos, no es broma, de for\u00e1neos, y ninguno, salva sea la excepci\u00f3n, ha podido con el asco que le ha producido. Mejor, a m\u00e1s cabemos. Mas de cuarenta puestos, pero ya son de invernadero muchos de ellos, pues la temporada era Abril y &hellip; <\/p>\n<p class=\"link-more\"><a href=\"https:\/\/pedrocasiano.es\/?page_id=2678\" class=\"more-link\">Leer m\u00e1s<span class=\"screen-reader-text\"> \u00abEsos Vilipendiados Caracoles\u00bb<\/span><\/a><\/p>\n","protected":false},"author":1,"featured_media":0,"parent":0,"menu_order":0,"comment_status":"closed","ping_status":"closed","template":"","meta":{"inspiro_hide_title":false,"footnotes":""},"class_list":["post-2678","page","type-page","status-publish","hentry"],"featured_media_urls":[],"_links":{"self":[{"href":"https:\/\/pedrocasiano.es\/index.php?rest_route=\/wp\/v2\/pages\/2678","targetHints":{"allow":["GET"]}}],"collection":[{"href":"https:\/\/pedrocasiano.es\/index.php?rest_route=\/wp\/v2\/pages"}],"about":[{"href":"https:\/\/pedrocasiano.es\/index.php?rest_route=\/wp\/v2\/types\/page"}],"author":[{"embeddable":true,"href":"https:\/\/pedrocasiano.es\/index.php?rest_route=\/wp\/v2\/users\/1"}],"replies":[{"embeddable":true,"href":"https:\/\/pedrocasiano.es\/index.php?rest_route=%2Fwp%2Fv2%2Fcomments&post=2678"}],"version-history":[{"count":1,"href":"https:\/\/pedrocasiano.es\/index.php?rest_route=\/wp\/v2\/pages\/2678\/revisions"}],"predecessor-version":[{"id":2680,"href":"https:\/\/pedrocasiano.es\/index.php?rest_route=\/wp\/v2\/pages\/2678\/revisions\/2680"}],"wp:attachment":[{"href":"https:\/\/pedrocasiano.es\/index.php?rest_route=%2Fwp%2Fv2%2Fmedia&parent=2678"}],"curies":[{"name":"wp","href":"https:\/\/api.w.org\/{rel}","templated":true}]}}