{"id":2675,"date":"2024-02-21T10:04:24","date_gmt":"2024-02-21T10:04:24","guid":{"rendered":"https:\/\/pedrocasiano.es\/?page_id=2675"},"modified":"2024-02-21T10:04:25","modified_gmt":"2024-02-21T10:04:25","slug":"saborio-ezaborio","status":"publish","type":"page","link":"https:\/\/pedrocasiano.es\/?page_id=2675","title":{"rendered":"Saborio, Ezaborio\u2026"},"content":{"rendered":"\n<div class=\"wp-block-media-text is-stacked-on-mobile is-vertically-aligned-top\" style=\"grid-template-columns:38% auto\"><figure class=\"wp-block-media-text__media\"><img decoding=\"async\" width=\"477\" height=\"318\" data-src=\"https:\/\/pedrocasiano.es\/wp-content\/uploads\/2024\/02\/40.jpg\" alt=\"\" class=\"wp-image-2676 size-full lazyload\" src=\"data:image\/svg+xml;base64,PHN2ZyB3aWR0aD0iMSIgaGVpZ2h0PSIxIiB4bWxucz0iaHR0cDovL3d3dy53My5vcmcvMjAwMC9zdmciPjwvc3ZnPg==\" style=\"--smush-placeholder-width: 477px; --smush-placeholder-aspect-ratio: 477\/318;\" \/><\/figure><div class=\"wp-block-media-text__content\">\n<p>\u00a1Como somos!, s\u00edrvanse vuesas mercedes que en el idioma de Cervantes, la palabra era desabrido, y sigue si\u00e9ndolo, seg\u00fan la Real Academia de la lengua.<br>Pero aqu\u00ed, a fuer de no cambiar, demasiadas letras, y poco sonido.<br>Primero desaborio, despu\u00e9s esaborio, m\u00e1s tarde saborio, o zaborio.<br>\u201cni\u00f1a, la comida esta saboria\u201d, sin sabor o sin sal, o de mal aspecto.<br>\u201cQue t\u00edo m\u00e1s saborio\u201d, que es est\u00fapido o de mal trato.<br>Y as\u00ed hasta la saciedad.<br>Hemos pasado tanta hambre, que nos comemos las letras, aunque est\u00e9n sin vencer.<br>Los ling\u00fcistas le llaman \u201ceconom\u00eda del lenguaje\u201d, aqu\u00ed, que el cerebro nos va mas r\u00e1pido que la lengua, as\u00ed que a comer letras, que si el de enfrente se entera, perfecto, sino\u2026 que aprenda.<br>Imagen de Robin Higgins.<\/p>\n<\/div><\/div>\n","protected":false},"excerpt":{"rendered":"<p>\u00a1Como somos!, s\u00edrvanse vuesas mercedes que en el idioma de Cervantes, la palabra era desabrido, y sigue si\u00e9ndolo, seg\u00fan la Real Academia de la lengua.Pero aqu\u00ed, a fuer de no cambiar, demasiadas letras, y poco sonido.Primero desaborio, despu\u00e9s esaborio, m\u00e1s tarde saborio, o zaborio.\u201cni\u00f1a, la comida esta saboria\u201d, sin sabor o sin sal, o de &hellip; <\/p>\n<p class=\"link-more\"><a href=\"https:\/\/pedrocasiano.es\/?page_id=2675\" class=\"more-link\">Leer m\u00e1s<span class=\"screen-reader-text\"> \u00abSaborio, Ezaborio\u2026\u00bb<\/span><\/a><\/p>\n","protected":false},"author":1,"featured_media":0,"parent":0,"menu_order":0,"comment_status":"closed","ping_status":"closed","template":"","meta":{"inspiro_hide_title":false,"footnotes":""},"class_list":["post-2675","page","type-page","status-publish","hentry"],"featured_media_urls":[],"_links":{"self":[{"href":"https:\/\/pedrocasiano.es\/index.php?rest_route=\/wp\/v2\/pages\/2675","targetHints":{"allow":["GET"]}}],"collection":[{"href":"https:\/\/pedrocasiano.es\/index.php?rest_route=\/wp\/v2\/pages"}],"about":[{"href":"https:\/\/pedrocasiano.es\/index.php?rest_route=\/wp\/v2\/types\/page"}],"author":[{"embeddable":true,"href":"https:\/\/pedrocasiano.es\/index.php?rest_route=\/wp\/v2\/users\/1"}],"replies":[{"embeddable":true,"href":"https:\/\/pedrocasiano.es\/index.php?rest_route=%2Fwp%2Fv2%2Fcomments&post=2675"}],"version-history":[{"count":1,"href":"https:\/\/pedrocasiano.es\/index.php?rest_route=\/wp\/v2\/pages\/2675\/revisions"}],"predecessor-version":[{"id":2677,"href":"https:\/\/pedrocasiano.es\/index.php?rest_route=\/wp\/v2\/pages\/2675\/revisions\/2677"}],"wp:attachment":[{"href":"https:\/\/pedrocasiano.es\/index.php?rest_route=%2Fwp%2Fv2%2Fmedia&parent=2675"}],"curies":[{"name":"wp","href":"https:\/\/api.w.org\/{rel}","templated":true}]}}