{"id":2672,"date":"2024-02-21T10:02:26","date_gmt":"2024-02-21T10:02:26","guid":{"rendered":"https:\/\/pedrocasiano.es\/?page_id=2672"},"modified":"2024-08-21T16:49:50","modified_gmt":"2024-08-21T16:49:50","slug":"la-grilla","status":"publish","type":"page","link":"https:\/\/pedrocasiano.es\/?page_id=2672","title":{"rendered":"La Grilla"},"content":{"rendered":"\n<div class=\"wp-block-media-text is-stacked-on-mobile is-vertically-aligned-top\" style=\"grid-template-columns:34% auto\"><figure class=\"wp-block-media-text__media\"><img decoding=\"async\" width=\"150\" height=\"121\" data-src=\"https:\/\/pedrocasiano.es\/wp-content\/uploads\/2024\/02\/39.jpg\" alt=\"\" class=\"wp-image-2673 size-full lazyload\" src=\"data:image\/svg+xml;base64,PHN2ZyB3aWR0aD0iMSIgaGVpZ2h0PSIxIiB4bWxucz0iaHR0cDovL3d3dy53My5vcmcvMjAwMC9zdmciPjwvc3ZnPg==\" style=\"--smush-placeholder-width: 150px; --smush-placeholder-aspect-ratio: 150\/121;\" \/><\/figure><div class=\"wp-block-media-text__content\">\n<p>Esto le sonar\u00e1 a pocos, pero es m\u00e1s cordob\u00e9s que el postigo de San Rafael.<br>Me explico, antes, cuando alguna mujer iba demasiado arreglada y cargada de joyas, se le dec\u00eda:<br>\u201cCo\u00f1o, que pareces la Grilla\u201d<br>No tiene sentido \u00bfno es cierto?, pues en Sudam\u00e9rica si ha quedado, el sentido que muchos atr\u00e1s ten\u00eda, y que aun perduraba en el hablar popular de C\u00f3rdoba.<br>Defin\u00eda a una persona que prevaricaba, era corrupta, o se beneficiaba de un negocio deshonesto, de ah\u00ed el que pudiera lucir las mejores galas. Quiz\u00e1s de ah\u00ed, como el que al final luciera grilletes, las antiguas esposas, sea como sea, ah\u00ed queda, si alguien sabe m\u00e1s, que lo diga, que para aprender aqu\u00ed estamos, yo el primero.<br>\u00a1Que sabios eran nuestros ancestros\u00a1, \u00bfSeremos capaces de perder su acervo, tambi\u00e9n el ling\u00fc\u00edstico?<br><br>Foto de LYNE VIGEANT.<\/p>\n<\/div><\/div>\n","protected":false},"excerpt":{"rendered":"<p>Esto le sonar\u00e1 a pocos, pero es m\u00e1s cordob\u00e9s que el postigo de San Rafael.Me explico, antes, cuando alguna mujer iba demasiado arreglada y cargada de joyas, se le dec\u00eda:\u201cCo\u00f1o, que pareces la Grilla\u201dNo tiene sentido \u00bfno es cierto?, pues en Sudam\u00e9rica si ha quedado, el sentido que muchos atr\u00e1s ten\u00eda, y que aun perduraba &hellip; <\/p>\n<p class=\"link-more\"><a href=\"https:\/\/pedrocasiano.es\/?page_id=2672\" class=\"more-link\">Leer m\u00e1s<span class=\"screen-reader-text\"> \u00abLa Grilla\u00bb<\/span><\/a><\/p>\n","protected":false},"author":1,"featured_media":0,"parent":0,"menu_order":0,"comment_status":"closed","ping_status":"closed","template":"","meta":{"inspiro_hide_title":false,"footnotes":""},"class_list":["post-2672","page","type-page","status-publish","hentry"],"featured_media_urls":[],"_links":{"self":[{"href":"https:\/\/pedrocasiano.es\/index.php?rest_route=\/wp\/v2\/pages\/2672","targetHints":{"allow":["GET"]}}],"collection":[{"href":"https:\/\/pedrocasiano.es\/index.php?rest_route=\/wp\/v2\/pages"}],"about":[{"href":"https:\/\/pedrocasiano.es\/index.php?rest_route=\/wp\/v2\/types\/page"}],"author":[{"embeddable":true,"href":"https:\/\/pedrocasiano.es\/index.php?rest_route=\/wp\/v2\/users\/1"}],"replies":[{"embeddable":true,"href":"https:\/\/pedrocasiano.es\/index.php?rest_route=%2Fwp%2Fv2%2Fcomments&post=2672"}],"version-history":[{"count":2,"href":"https:\/\/pedrocasiano.es\/index.php?rest_route=\/wp\/v2\/pages\/2672\/revisions"}],"predecessor-version":[{"id":9151,"href":"https:\/\/pedrocasiano.es\/index.php?rest_route=\/wp\/v2\/pages\/2672\/revisions\/9151"}],"wp:attachment":[{"href":"https:\/\/pedrocasiano.es\/index.php?rest_route=%2Fwp%2Fv2%2Fmedia&parent=2672"}],"curies":[{"name":"wp","href":"https:\/\/api.w.org\/{rel}","templated":true}]}}