{"id":2669,"date":"2024-02-21T10:01:18","date_gmt":"2024-02-21T10:01:18","guid":{"rendered":"https:\/\/pedrocasiano.es\/?page_id=2669"},"modified":"2024-02-21T10:01:18","modified_gmt":"2024-02-21T10:01:18","slug":"farfollas","status":"publish","type":"page","link":"https:\/\/pedrocasiano.es\/?page_id=2669","title":{"rendered":"Farfollas"},"content":{"rendered":"\n<div class=\"wp-block-media-text is-stacked-on-mobile is-vertically-aligned-top\"><figure class=\"wp-block-media-text__media\"><img decoding=\"async\" width=\"700\" height=\"467\" data-src=\"https:\/\/pedrocasiano.es\/wp-content\/uploads\/2024\/02\/38.jpg\" alt=\"\" class=\"wp-image-2670 size-full lazyload\" src=\"data:image\/svg+xml;base64,PHN2ZyB3aWR0aD0iMSIgaGVpZ2h0PSIxIiB4bWxucz0iaHR0cDovL3d3dy53My5vcmcvMjAwMC9zdmciPjwvc3ZnPg==\" style=\"--smush-placeholder-width: 700px; --smush-placeholder-aspect-ratio: 700\/467;\" \/><\/figure><div class=\"wp-block-media-text__content\">\n<p><em>Es una palabra que no es exclusiva de C\u00f3rdoba, se dice en muchos otros lugares, pero aqu\u00ed, se repite en abundancia, por lo que voy a intentar explicar de d\u00f3nde viene, y como se cambia su sentido.<\/em><\/p>\n\n\n\n<p><em>Seg\u00fan la Rae, farfolla es la envoltura de las mazorcas del ma\u00edz, el mijo o el panizo. O una cosa de mucha apariencia y poca entidad.<\/em><\/p>\n\n\n\n<p><em>De ah\u00ed paso a llamarse farfollas al que se dedicaba a quitar la envoltura de las mazorcas, labor, para la que no hace falta gran entendimiento.<\/em><\/p>\n\n\n\n<p><em>Al final quedo como definici\u00f3n de persona de poco entendimiento, despistada, despreocupada, una calamidad que nada hace bien, que tiene el conocimiento justo para llegar al desayuno.<\/em><\/p>\n\n\n\n<p><em>Creo que esta la explicaci\u00f3n, si alguno sabe algo m\u00e1s certero, que no calle.<\/em><\/p>\n\n\n\n<p><em>Juan Parejo nos a\u00f1ade que tambi\u00e9n las farfollas u hojas del ma\u00edz, en otros tiempos pasados se utilizaban para rellenar colchones o jergones para dormir en las casas que no ten\u00edan para costear un colch\u00f3n de lana.<\/em><\/p>\n\n\n\n<p><em>Imagen de Ilona Frey.<\/em><br><\/p>\n<\/div><\/div>\n","protected":false},"excerpt":{"rendered":"<p>Es una palabra que no es exclusiva de C\u00f3rdoba, se dice en muchos otros lugares, pero aqu\u00ed, se repite en abundancia, por lo que voy a intentar explicar de d\u00f3nde viene, y como se cambia su sentido. Seg\u00fan la Rae, farfolla es la envoltura de las mazorcas del ma\u00edz, el mijo o el panizo. O &hellip; <\/p>\n<p class=\"link-more\"><a href=\"https:\/\/pedrocasiano.es\/?page_id=2669\" class=\"more-link\">Leer m\u00e1s<span class=\"screen-reader-text\"> \u00abFarfollas\u00bb<\/span><\/a><\/p>\n","protected":false},"author":1,"featured_media":0,"parent":0,"menu_order":0,"comment_status":"closed","ping_status":"closed","template":"","meta":{"inspiro_hide_title":false,"footnotes":""},"class_list":["post-2669","page","type-page","status-publish","hentry"],"featured_media_urls":[],"_links":{"self":[{"href":"https:\/\/pedrocasiano.es\/index.php?rest_route=\/wp\/v2\/pages\/2669","targetHints":{"allow":["GET"]}}],"collection":[{"href":"https:\/\/pedrocasiano.es\/index.php?rest_route=\/wp\/v2\/pages"}],"about":[{"href":"https:\/\/pedrocasiano.es\/index.php?rest_route=\/wp\/v2\/types\/page"}],"author":[{"embeddable":true,"href":"https:\/\/pedrocasiano.es\/index.php?rest_route=\/wp\/v2\/users\/1"}],"replies":[{"embeddable":true,"href":"https:\/\/pedrocasiano.es\/index.php?rest_route=%2Fwp%2Fv2%2Fcomments&post=2669"}],"version-history":[{"count":1,"href":"https:\/\/pedrocasiano.es\/index.php?rest_route=\/wp\/v2\/pages\/2669\/revisions"}],"predecessor-version":[{"id":2671,"href":"https:\/\/pedrocasiano.es\/index.php?rest_route=\/wp\/v2\/pages\/2669\/revisions\/2671"}],"wp:attachment":[{"href":"https:\/\/pedrocasiano.es\/index.php?rest_route=%2Fwp%2Fv2%2Fmedia&parent=2669"}],"curies":[{"name":"wp","href":"https:\/\/api.w.org\/{rel}","templated":true}]}}