{"id":2654,"date":"2024-02-21T09:54:01","date_gmt":"2024-02-21T09:54:01","guid":{"rendered":"https:\/\/pedrocasiano.es\/?page_id=2654"},"modified":"2024-02-21T09:54:02","modified_gmt":"2024-02-21T09:54:02","slug":"puerta-del-puente","status":"publish","type":"page","link":"https:\/\/pedrocasiano.es\/?page_id=2654","title":{"rendered":"Puerta del Puente"},"content":{"rendered":"\n<div class=\"wp-block-media-text is-stacked-on-mobile is-vertically-aligned-top\" style=\"grid-template-columns:40% auto\"><figure class=\"wp-block-media-text__media\"><img decoding=\"async\" width=\"544\" height=\"366\" data-src=\"https:\/\/pedrocasiano.es\/wp-content\/uploads\/2024\/02\/33.jpg\" alt=\"\" class=\"wp-image-2655 size-full lazyload\" src=\"data:image\/svg+xml;base64,PHN2ZyB3aWR0aD0iMSIgaGVpZ2h0PSIxIiB4bWxucz0iaHR0cDovL3d3dy53My5vcmcvMjAwMC9zdmciPjwvc3ZnPg==\" style=\"--smush-placeholder-width: 544px; --smush-placeholder-aspect-ratio: 544\/366;\" \/><\/figure><div class=\"wp-block-media-text__content\">\n<p>Puerta del Puente.<\/p>\n\n\n\n<p>Se conoce la existencia de una puerta aleda\u00f1a al rio, desde tiempos romanos, pues bien es sabido que era una de las principales rutas de entrada a la ciudad, y tambi\u00e9n sabemos que el lienzo de la muralla romana, alcanzaba esta parte, por lo dem\u00e1s, principal, sino la m\u00e1s, a todos los efectos.<\/p>\n\n\n\n<p>Una de las razones de que pensemos que exist\u00eda una puerta de \u00e9poca romana, o en todo caso anterior al dominio \u00e1rabe, en este lugar, es el primer nombre que le dan los \u00e1rabes tras la conquista de C\u00f3rdoba, Bab al-Sura (Puerta de la Estatua), debido posiblemente a que existiera una estatua, que, por la prohibici\u00f3n musulmana de representar en efigie o figura a cualquier persona, deb\u00eda de ser anterior, casi con seguridad romana.<\/p>\n\n\n\n<p>Seg\u00fan las creencias del Islam, las estatuas son figuras completas y s\u00f3lidas (de humanos o de animales) que no han sido desfiguradas o retirado su rostro. Su presencia en una casa se considera suficiente para ahuyentar a los \u00e1ngeles, quienes representan la misericordia y la complacencia de Allah. El Mensajero de Allah dijo: \u201cSeguramente, los \u00e1ngeles no entran en una casa donde hay estatuas (o figuras). Tambi\u00e9n es il\u00edcito que el musulm\u00e1n se involucre en la producci\u00f3n de estatuas, aunque las produzca para no musulmanes. El Profeta dijo: \u201cLos hacedores de im\u00e1genes estar\u00e1n entre la gente que reciba el castigo m\u00e1s duro el D\u00eda de la Resurrecci\u00f3n\u201d.<\/p>\n\n\n\n<p>Valga esta aclaraci\u00f3n para que establezcamos la l\u00f3gica de lo dicho en el p\u00e1rrafo at supra.<\/p>\n\n\n\n<p>Posteriormente, aun en \u00e9poca hispano musulmana, y posiblemente una vez retirada, destruida, o quien sabe qu\u00e9 final tuvo la efigie, aparece con otro nombre, Bab al-Qantara (Puerta del Puente), pues bien sabido es, que los seres humanos tendemos a la simplificaci\u00f3n.<\/p>\n\n\n\n<p>Posteriormente cambia de nombre, pues el dominio andalus\u00ed no es de d\u00edas, y pasa a ser conocida como Bab al-Wadi (Puerta del R\u00edo), otro nombre totalmente l\u00f3gico.<\/p>\n\n\n\n<p>Mas tarde, posiblemente en la \u00e9poca de la Fitna, o de la decadencia final, tom\u00f3 el nombre de Bab al-Yazira (Puerta de Algeciras), pues l\u00f3gicamente, es la puerta que enlaza con el sur peninsular, como podemos comprobar, todos son nombres eficaces y simples, nada que extra\u00f1e en su nomenclatura.<\/p>\n\n\n\n<p>Tenemos que pasar al a\u00f1o 1.575, cuando por motivo de la visita de Felipe II, se realiza la obra de la que conocemos como Puerta del Puente, no como la podemos admirar hoy en d\u00eda, apenas la fachada.<\/p>\n\n\n\n<p>Es una construcci\u00f3n de tres cuerpos, realizada por Hern\u00e1n Ruiz III, en el central, aparece la siguiente inscripci\u00f3n:<\/p>\n\n\n\n<p>\u201cReinando la Sacra Cat\u00f3lica Majestad Don Felipe, nuestro se\u00f1or, segundo de este nombre\u201d.<\/p>\n\n\n\n<p>No cansemos la lectura, terminemos diciendo que son columnas de estilo d\u00f3rico que sustentan una cornisa de forma triangular.<\/p>\n\n\n\n<p>\u00bfQu\u00e9 paso con la puerta previa?\u2026 imag\u00ednenselo.<\/p>\n\n\n\n<p>Pero como C\u00f3rdoba, es C\u00f3rdoba, solo se puso la fachada, es decir, la que mira al r\u00edo, detr\u00e1s\u2026 lo que exist\u00eda. \u201cHacer el parip\u00e9\u201d, que se nos da de miedo.<\/p>\n\n\n\n<p>Se nos aparece ahora despejada, porque en 1912, desaparece el lienzo de la muralla, quedando aislada. Otro \u201ciluminado\u201d (en C\u00f3rdoba abundan), que cuando las cosas son viejas se derriban o destruyen, como casi todas las puertas de C\u00f3rdoba\u2026 como casi todo.<\/p>\n\n\n\n<p>Pasan apenas unos a\u00f1os, y en 1.928, se crea la fachada interior, la que da a la ciudad, ya se sabe que en C\u00f3rdoba las obras se alargan, ni cuatrocientos a\u00f1os tan siquiera.<\/p>\n\n\n\n<p>Y he aqu\u00ed, como es, que ahora en vez de puerta, tenemos un Arco del Triunfo, que est\u00e1 muy bien, encantador, maravilloso, pero que es\u2026 terminen la frase, porque lo que es Puerta, no lo es.<\/p>\n\n\n\n<p>Pedro Casiano Gonz\u00e1lez Cuevas 2.019<\/p>\n<\/div><\/div>\n","protected":false},"excerpt":{"rendered":"<p>Puerta del Puente. Se conoce la existencia de una puerta aleda\u00f1a al rio, desde tiempos romanos, pues bien es sabido que era una de las principales rutas de entrada a la ciudad, y tambi\u00e9n sabemos que el lienzo de la muralla romana, alcanzaba esta parte, por lo dem\u00e1s, principal, sino la m\u00e1s, a todos los &hellip; <\/p>\n<p class=\"link-more\"><a href=\"https:\/\/pedrocasiano.es\/?page_id=2654\" class=\"more-link\">Leer m\u00e1s<span class=\"screen-reader-text\"> \u00abPuerta del Puente\u00bb<\/span><\/a><\/p>\n","protected":false},"author":1,"featured_media":0,"parent":0,"menu_order":0,"comment_status":"closed","ping_status":"closed","template":"","meta":{"inspiro_hide_title":false,"footnotes":""},"class_list":["post-2654","page","type-page","status-publish","hentry"],"featured_media_urls":[],"_links":{"self":[{"href":"https:\/\/pedrocasiano.es\/index.php?rest_route=\/wp\/v2\/pages\/2654","targetHints":{"allow":["GET"]}}],"collection":[{"href":"https:\/\/pedrocasiano.es\/index.php?rest_route=\/wp\/v2\/pages"}],"about":[{"href":"https:\/\/pedrocasiano.es\/index.php?rest_route=\/wp\/v2\/types\/page"}],"author":[{"embeddable":true,"href":"https:\/\/pedrocasiano.es\/index.php?rest_route=\/wp\/v2\/users\/1"}],"replies":[{"embeddable":true,"href":"https:\/\/pedrocasiano.es\/index.php?rest_route=%2Fwp%2Fv2%2Fcomments&post=2654"}],"version-history":[{"count":1,"href":"https:\/\/pedrocasiano.es\/index.php?rest_route=\/wp\/v2\/pages\/2654\/revisions"}],"predecessor-version":[{"id":2656,"href":"https:\/\/pedrocasiano.es\/index.php?rest_route=\/wp\/v2\/pages\/2654\/revisions\/2656"}],"wp:attachment":[{"href":"https:\/\/pedrocasiano.es\/index.php?rest_route=%2Fwp%2Fv2%2Fmedia&parent=2654"}],"curies":[{"name":"wp","href":"https:\/\/api.w.org\/{rel}","templated":true}]}}