{"id":2651,"date":"2024-02-21T09:52:41","date_gmt":"2024-02-21T09:52:41","guid":{"rendered":"https:\/\/pedrocasiano.es\/?page_id=2651"},"modified":"2024-02-21T09:52:42","modified_gmt":"2024-02-21T09:52:42","slug":"los-almogavares","status":"publish","type":"page","link":"https:\/\/pedrocasiano.es\/?page_id=2651","title":{"rendered":"Los Almog\u00e1vares"},"content":{"rendered":"\n<div class=\"wp-block-media-text is-stacked-on-mobile is-vertically-aligned-top\"><figure class=\"wp-block-media-text__media\"><img decoding=\"async\" width=\"350\" height=\"362\" data-src=\"https:\/\/pedrocasiano.es\/wp-content\/uploads\/2024\/02\/32.jpg\" alt=\"\" class=\"wp-image-2652 size-full lazyload\" src=\"data:image\/svg+xml;base64,PHN2ZyB3aWR0aD0iMSIgaGVpZ2h0PSIxIiB4bWxucz0iaHR0cDovL3d3dy53My5vcmcvMjAwMC9zdmciPjwvc3ZnPg==\" style=\"--smush-placeholder-width: 350px; --smush-placeholder-aspect-ratio: 350\/362;\" \/><\/figure><div class=\"wp-block-media-text__content\">\n<p>Los Almog\u00e1vares<\/p>\n\n\n\n<p>A pesar de que algunos intenten apropiarse del nombre de Almog\u00e1vares como propio, en concreto los catalanes, este t\u00e9rmino, lejos de ser propio de ellos, es general en toda Espa\u00f1a entre los siglos XIII y XIV, y por supuesto, de origen hispano \u00e1rabe.<\/p>\n\n\n\n<p>Los almog\u00e1vares fueron unas tropas de choque, espionaje y guerrilla presentes en todos los reinos cristianos de la pen\u00ednsula ib\u00e9rica a lo largo de la Reconquista, formadas principalmente por infanter\u00eda ligera.<\/p>\n\n\n\n<p>Sobre el origen del nombre existen diversas teor\u00edas: Tiene su origen en el \u00e1rabe \u0627\u0644\u0645\u063a\u0627\u0648\u0631 al-mug\u0101wir (\u00abel que provoca algaradas\u00bb) o en \u0627\u0644\u0645\u062e\u0627\u0628\u0631 al-muj\u0101bir (\u00abel portador de noticias\u00bb) que en este contexto se traduce como \u00abel que explora y comunica\u00bb, y finalmente una tercera teor\u00eda sostiene que viene del adjetivo gabar, que se traduce como \u00aborgulloso\u00bb o \u00abaltivo\u00bb. Igualmente, los nombres de sus grados militares tambi\u00e9n proceden del \u00e1rabe.<\/p>\n\n\n\n<p>La primera referencia hist\u00f3rica documental aparece en la cr\u00f3nica \u00abAjbar muluk al-Andalus\u00bb o Cr\u00f3nica del Moro Rasis, la historia de los reyes de Al-\u00c1ndalus, escrita entre 887 y 955 por Ahmad ibn Muhamad ar-Raz\u00ed, conocido entre los \u00e1rabes con el nombre de Al-Tarij (el Cronista) y entre los cristianos como el moro Rasis. En su cr\u00f3nica, el historiador de Qurtuba (C\u00f3rdoba) describe los territorios de Al-\u00c1ndalus, y al llegar al valle del Ebro, cita por primera vez en la historia la existencia de unas tropas llamadas almog\u00e1vares presentes en la ciudad de Saraqusta (Taifa o Reino de Zaragoza)<\/p>\n\n\n\n<p>\u201cY la ciudad de Saraqusta fue durante mucho tiempo c\u00e1mara de los Almojarifes, y fue la escogida de los guerreros. Y cuando combat\u00edan la ciudad de Saraqusta, y combat\u00edan todos los alcalles y Almog\u00e1vares, para ellos la escog\u00edan\u201d.<\/p>\n\n\n\n<p>Ahmad ibn Muhammad al-Razi, Ajb\u00e0r mul\u00f9k Al-Andalus<\/p>\n\n\n\n<p>La palabra almog\u00e1var tambi\u00e9n se us\u00f3 durante los \u00faltimos siglos de la Reconquista, en la frontera de Granada, para designar a las partidas de salteadores moros que desde el Reino de Granada atacaban las localidades fronterizas del Reino de Murcia y del Reino de Valencia.<\/p>\n\n\n\n<p>A causa de la invasi\u00f3n musulmana de la Pen\u00ednsula Ib\u00e9rica, las guerras de la Reconquista y las campa\u00f1as militares de Al \u00c1ndalus, los pastores cristianos de los valles pirenaicos se quedaron sin poder utilizar en invierno los valles que hab\u00edan sido ocupados. Para poder seguir subsistiendo, estos pastores se tuvieron que organizar en bandas de salteadores y penetrar en los dominios enemigos en busca de lo necesario para la supervivencia de los suyos. Durante estas razzias, que sol\u00edan ser de apenas unos pocos d\u00edas, los almog\u00e1vares pod\u00edan vivir del terreno y dormir al raso. La instrucci\u00f3n necesaria para poder actuar en esta lid les ven\u00eda dada de su antigua vida de pastores, ya que la mayor\u00eda de ellos se hab\u00eda criado entre las m\u00e1s agrestes monta\u00f1as, donde la dureza del clima hac\u00eda que la tierra no regalara demasiados recursos y hubiera que aprovechar al m\u00e1ximo los pocos presentes.<\/p>\n\n\n\n<p>El inicio de la conquista de la ciudad de C\u00f3rdoba por parte de almog\u00e1vares es relatado por Argote de Molina.<\/p>\n\n\n\n<p>\u201cEn el a\u00f1o 1235, los ricos hombres e hijos-hidalgos Adalides y Almog\u00e1vares (que estaban en la frontera de este reino) ayunt\u00e1ronse en And\u00fajar e hicieron entrada en tierras de C\u00f3rdoba, en que cautivaron algunos moros, de los cuales tuvieron aviso c\u00f3mo la ciudad de C\u00f3rdoba estaba muy descuidada, y que no se velaba ni recelaba de los cristianos.<\/p>\n\n\n\n<p>Ante esta noticia tan favorable, se re\u00fanen, Mart\u00edn Ruiz de Argote, Domingo Mu\u00f1oz, Diego Mu\u00f1oz, Diego Mart\u00ednez el Adalid, Pedro Ruiz de Tafur, \u00c1lvaro Colodro y Benito Ba\u00f1os, y acuerdan asaltar uno de los arrabales de C\u00f3rdoba, dando aviso a Don Alvar P\u00e9rez de Castro.<\/p>\n\n\n\n<p>Llegaron a C\u00f3rdoba en la noche del 23 de diciembre de 1235, con gran audacia, sigilo y destreza montaron unas escalas trepando por ellas disfrazados de moros apoder\u00e1ndose de la hoy conocida Puerta del Colodro. El primero en trepar la muralla fue \u00c1lvaro Colodro, siguiendo a continuaci\u00f3n sus compa\u00f1eros de armas. Fue tal el \u00e9xito conseguido, que alcanzaron otras torres hasta llegar a la Puerta del Martos, quedado conquistada la Ajarqu\u00eda cordobesa, hasta el 29 de junio de 1236 en que C\u00f3rdoba se rinde a Fernando III.<\/p>\n\n\n\n<p>Terminemos aqu\u00ed, que, en otro caso, me extender\u00eda hasta el aburrimiento m\u00e1s absoluto.<\/p>\n<\/div><\/div>\n","protected":false},"excerpt":{"rendered":"<p>Los Almog\u00e1vares A pesar de que algunos intenten apropiarse del nombre de Almog\u00e1vares como propio, en concreto los catalanes, este t\u00e9rmino, lejos de ser propio de ellos, es general en toda Espa\u00f1a entre los siglos XIII y XIV, y por supuesto, de origen hispano \u00e1rabe. Los almog\u00e1vares fueron unas tropas de choque, espionaje y guerrilla &hellip; <\/p>\n<p class=\"link-more\"><a href=\"https:\/\/pedrocasiano.es\/?page_id=2651\" class=\"more-link\">Leer m\u00e1s<span class=\"screen-reader-text\"> \u00abLos Almog\u00e1vares\u00bb<\/span><\/a><\/p>\n","protected":false},"author":1,"featured_media":0,"parent":0,"menu_order":0,"comment_status":"closed","ping_status":"closed","template":"","meta":{"inspiro_hide_title":false,"footnotes":""},"class_list":["post-2651","page","type-page","status-publish","hentry"],"featured_media_urls":[],"_links":{"self":[{"href":"https:\/\/pedrocasiano.es\/index.php?rest_route=\/wp\/v2\/pages\/2651","targetHints":{"allow":["GET"]}}],"collection":[{"href":"https:\/\/pedrocasiano.es\/index.php?rest_route=\/wp\/v2\/pages"}],"about":[{"href":"https:\/\/pedrocasiano.es\/index.php?rest_route=\/wp\/v2\/types\/page"}],"author":[{"embeddable":true,"href":"https:\/\/pedrocasiano.es\/index.php?rest_route=\/wp\/v2\/users\/1"}],"replies":[{"embeddable":true,"href":"https:\/\/pedrocasiano.es\/index.php?rest_route=%2Fwp%2Fv2%2Fcomments&post=2651"}],"version-history":[{"count":1,"href":"https:\/\/pedrocasiano.es\/index.php?rest_route=\/wp\/v2\/pages\/2651\/revisions"}],"predecessor-version":[{"id":2653,"href":"https:\/\/pedrocasiano.es\/index.php?rest_route=\/wp\/v2\/pages\/2651\/revisions\/2653"}],"wp:attachment":[{"href":"https:\/\/pedrocasiano.es\/index.php?rest_route=%2Fwp%2Fv2%2Fmedia&parent=2651"}],"curies":[{"name":"wp","href":"https:\/\/api.w.org\/{rel}","templated":true}]}}