{"id":2648,"date":"2024-02-21T09:51:02","date_gmt":"2024-02-21T09:51:02","guid":{"rendered":"https:\/\/pedrocasiano.es\/?page_id=2648"},"modified":"2024-02-21T09:51:02","modified_gmt":"2024-02-21T09:51:02","slug":"mi-historia-de-cordoba-escrita-por-un-cordobes-sexta-parte","status":"publish","type":"page","link":"https:\/\/pedrocasiano.es\/?page_id=2648","title":{"rendered":"Mi Historia de C\u00f3rdoba, Escrita por un Cordob\u00e9s. Sexta parte"},"content":{"rendered":"\n<div class=\"wp-block-media-text is-stacked-on-mobile is-vertically-aligned-top\"><figure class=\"wp-block-media-text__media\"><img decoding=\"async\" width=\"640\" height=\"425\" data-src=\"https:\/\/pedrocasiano.es\/wp-content\/uploads\/2024\/02\/100.png\" alt=\"\" class=\"wp-image-2649 size-full lazyload\" src=\"data:image\/svg+xml;base64,PHN2ZyB3aWR0aD0iMSIgaGVpZ2h0PSIxIiB4bWxucz0iaHR0cDovL3d3dy53My5vcmcvMjAwMC9zdmciPjwvc3ZnPg==\" style=\"--smush-placeholder-width: 640px; --smush-placeholder-aspect-ratio: 640\/425;\" \/><\/figure><div class=\"wp-block-media-text__content\">\n<p>Mi Historia de C\u00f3rdoba, Escrita por un Cordob\u00e9s.<br>Sexta parte. Uno de los personajes m\u00e1s truculentos.<br>Almanzor.<\/p>\n\n\n\n<p><br>Abu \u02bfAmir Muhammad ben Abi \u02bfAmir al-Ma\u02bfafir\u00ed, llamado al-Man\u1e63\u016br), \u00abel<br>Victorioso\u201d, m\u00e1s conocido como Almanzor (c. 939-Medinaceli, 9 de<br>agosto de 1002), fue un militar y pol\u00edtico andalus\u00ed, canciller del Califato de<br>C\u00f3rdoba y h\u00e1yib o chambel\u00e1n del califa Hisham II.<br>Se cree que naci\u00f3 en Torrox, de una familia de juristas, y estudio para<br>formarse como Alfaqu\u00ed (experto en jurisprudencia isl\u00e1mica), pero se<br>desplaz\u00f3 a C\u00f3rdoba, la capital, donde gozo del apoyo de Subh, la<br>concubina de Alhaken II y madre del heredero.<br>Debido a la juventud de Isham II, Almanzor ejerci\u00f3 el poder en el califato,<br>incluso con los descendientes de ese.<br>Era el hombre de confianza, el que realmente controlaba cualquier esfera<br>de poder en el Califato, defend\u00eda la Yihad (que por desgracia todos<br>sabemos que es), y gozaba del favor de los l\u00edderes religiosos.<br>Bueno, todo esto de fechas y tal, me aburre, as\u00ed que voy a intentar<br>explicarlo a mi modo, seguro que no es riguroso, ni cient\u00edfico, ni nada<br>parecido, pero tanta fecha me aburre.<br>Pues como os dec\u00eda, el tal Almanzor era de Torrox (pedazo de playa, y<br>venirse al calor), hijo de jueces m\u00e1s o menos, viene a la capital a estudiar<br>derecho y leyes, el padre que se muere, tiesos como reglas, de tal forma<br>que tiene que estar de escribano (el que escrib\u00eda lo que aquellos que no<br>sab\u00edan, le relataban), en los alrededores de la mezquita, vamos con m\u00e1s<br>hambre que el perro de un payaso.<br>El caso es que ten\u00eda alg\u00fan que otro contacto, su abuelo hab\u00eda sido Cadi de<br>Sevilla, y como el tipo era un trepa culebrero, se le mete debajo de las<br>faldas a la concubina de rey, despu\u00e9s de medrar y trepar como pocos<br>saben, que el estar tieso hace que espabiles r\u00e1pido.<br>Llev\u00f3 las herencias sin herederos, los bienes de la favorita, y<br>aprovechando la minor\u00eda de edad del Monarca, y gozando del favor de la<br>misma, Shub, siete meses despu\u00e9s era el director de la CECA (casa de la<br>moneda), casi nada, tonto era.<br>Despu\u00e9s de la Shurta (la polic\u00eda), m\u00e1s tarde gran Cad\u00ed del Magreb (norte<br>de \u00c1frica), e inspeccionar las conquistas del Galib, que hab\u00eda triunfado,<br>pero hab\u00eda costado una fortuna (es que la gente no se deja matar, declaro<br>Galib posteriormente), el caso es que el tipo era un organizador nato, lo<br>controla todo, desde el sometimiento de los conquistados, el<br>reclutamiento de las tropas, vamos que lo lleva todo para adelante.<br>Se puso m\u00e1s malo que un perro, tan malo que tuvo que volver a C\u00f3rdoba y<br>nunca regres\u00f3 a \u00c1frica, vamos que le cogi\u00f3 asquito.<br>Vuelve a C\u00f3rdoba con m\u00e1s poder del que se fue, ahora le toca jugar m\u00e1s<br>fino, y sabe c\u00f3mo hacerlo. Pero se encuentra con que el peque\u00f1o Hixem<br>no es acogido por todos, debido a su juventud, y se forman varios bandos<br>que aspiran al poder, Almanzor como buen lioso, se al\u00eda a los dos bandos,<br>y sigue en el de Hixem, as\u00ed que cuando llega el momento traiciona a uno<br>de ellos, con cien soldados se encarga personalmente de estrangular al<br>tra\u00eddos, y despu\u00e9s colgarlo de una viga delante de su familia, el suceso<br>quedara, como un suicidio. Al final coronan a Hixam, y al-Mushafi, es<br>nombrado chambel\u00e1n (primer ministro casi), y Almanzor su ayudante, que<br>adem\u00e1s continua con el apoyo de la madre de Hixam.<br>Pero muchas manos en el plato siempre tocan a rebato, y Almanzor<br>aprovecha la inactividad de Al-Mushafi en enfrentarse a las incursiones de<br>los rebeldes y de los cristianos, con lo cual se hace cargo de las tropas de<br>la capital. Ya tiene el t\u00edtulo de Culebra mayor.<br>Aqu\u00ed es donde Almanzor empieza con las famosas aceifas (ataque sorpresa<br>para arrasa los territorios del enemigo, conseguir bot\u00edn, sobre todo<br>esclavos, y debilitarlo).<br>En la primera, de dos meses de duraci\u00f3n, lleg\u00f3 hasta casi Salamanca, no<br>tomo ning\u00fan basti\u00f3n, pero volvi\u00f3 con dos mil prisioneras (era tonto\u2026),<br>esto y alguna que otra aceifa m\u00e1s le consiguen el puesto de prefecto, que<br>era del hijo de Al-Mushafi, y adem\u00e1s ten\u00eda que autorizarlo, pero se lo pas\u00f3<br>por el arco del triunfo.<br>Pero lo que le faltaba al chambel\u00e1n, era que Almanzor se casase con la hija<br>de Galib, el gran general, a partir de ah\u00ed se le acab\u00f3 el chollo.<br>Con todo ese poder de deshizo de cualquiera que no fuera de su confianza<br>por cualquier medio, aplasto una rebeli\u00f3n que quer\u00eda colocar a un<br>pretendiente en el trono, y despu\u00e9s de un intento de matar a pu\u00f1aladas al<br>Califa, organiz\u00f3 tal represi\u00f3n que hasta los l\u00edderes religiosos se pusieron<br>las manos en la cabeza, pero le dio igual.<br>Pero dos, es lo contrario de uno y Almanzor y Galib, a pesar de las victorias<br>de ambos, y de ser su suegro, se liaron a palos. En una de las aceifas, se<br>enfrentaron quedando Almanzor herido, salv\u00e1ndose por los pelos, pero se<br>volvi\u00f3 a ir arriba y al final derrot\u00f3 a su suegro que se exili\u00f3 en reinos<br>cristianos.<br>En un solo a\u00f1o lleg\u00f3 a realizar cinco aceifas terribles en los reinos<br>castellanos.<br>Pero Galib se ali\u00f3 con castellanos y Navarros, y lo derrot\u00f3, pero<br>sorprendentemente, el t\u00edo, que era de pi\u00f1\u00f3n fijo, junt\u00f3 todo lo que ten\u00eda y<br>se enfrent\u00f3 a ellos, cuando todo estaba perdido para \u00e9l, encontraron en<br>un barranco el cad\u00e1ver de Galib (ten\u00eda m\u00e1s de ochenta a\u00f1os), y eso<br>cambi\u00f3 el curso de la batalla, Almanzor volv\u00eda a triunfar, de ah\u00ed lo de AlMansur (el victorioso), pero no dej\u00f3 t\u00edtere con cabeza, hizo una<br>escabechina entre sus enemigos, de tal forma que muchos de ellos se<br>pasaron a su ej\u00e9rcito.<br>Cuando retorna a C\u00f3rdoba es el hombre m\u00e1s poderoso del Califato, y se<br>deshace de sus enemigos y de cualquiera que pudiera hacerle sombra, es<br>el chambel\u00e1n, el \u00fanico, y no va a haber nadie m\u00e1s poderoso. De hecho, el<br>califa apenas si sale. Almanzor domina C\u00f3rdoba con mano de hierro.<br>Fijaros que mando ejecutar delante suya a uno de sus hijos que se rebel\u00f3<br>contra el califato, es decir contra \u00e9l. (despu\u00e9s mando matar a los que lo<br>mataron, pero vamos\u2026)<br>En cuanto a Shub, la favorita del Califa, le dur\u00f3 poco, la mujer cogi\u00f3 del<br>tesoro real una cantidad grande dinero (80.000 dinares), que Almanzor<br>investig\u00f3, de camino hizo que llevaran el tesoro real a su palacio en<br>medina Azahara, cuando sal\u00edan, esta se le opuso con parte de su gente,<br>pero obtuvo el apoyo incluso del Hijo de esta Hixem II, as\u00ed que Shub<br>escap\u00f3, y con ese dinero fomento rebeliones en el Magreb, pero que no<br>consiguieron apoyo en la pen\u00ednsula.<br>Almanzor reform\u00f3 el ej\u00e9rcito, siguiendo los pasos de Alhaken, haci\u00e9ndolo<br>m\u00e1s profesional, reclut\u00f3 mercenarios, principalmente esclavones<br>(saqaliba, esclavos cristianos, muchos de los cuales se creen que eran<br>vikingos, algunos islamizados), eso permiti\u00f3 que los andalus\u00edes se libraran<br>de servir al ejercito pagando un impuesto (siempre el dinero), de tal forma<br>que algunos cronistas afirman que el total de las fuerzas era de 600.000<br>peones y doscientos mil caballeros.<br>Elimin\u00f3 las unidades \u00e9tnicas, es decir las que las formaban soldados de<br>una sola tribu, y mezclo etnias para evitar que se sublevaran, esto fue el<br>germen de la ca\u00edda del Califato, pues cuando perdi\u00f3 fuerza, las<br>enemistades creadas fomentaron las guerras civiles y las algaradas.<br>Almanzor como fan\u00e1tico religioso, se apoyaba en la Yihad, de hecho, en<br>esos tiempos, Al \u00c1ndalus se conoc\u00eda como \u201cpa\u00eds de la Yihad\u201d, esto atrajo a<br>muchos musulmanes fan\u00e1ticos, eran pocos, pero combat\u00edan como<br>posesos.<br>Se calcula que hizo cincuenta y seis aceifas, la m\u00e1s famosa de ellas es la de<br>Santiago de Compostela, donde se llev\u00f3 las campanas, pero respeto el<br>sepulcro del Ap\u00f3stol. En la \u00faltima, tambi\u00e9n victoriosa, le sorprendi\u00f3 la<br>muerte, tuvo artritis gotosa durante veinte a\u00f1os, cerca de Medinaceli.<br>Los botines de sus aceifas, influyeron en la vida del Califato, las cuantiosas<br>cantidades de esclavos, sobre todo esclavas de buen ver, hizo que se<br>quejaran los que ten\u00edan hijas casaderas, pues ning\u00fan var\u00f3n, salvo<br>entreg\u00e1ndole una dote cuantiosa, se casar\u00eda con sus hijas, habiendo tan<br>bellas y baratas esclavas.<br>Se calcula que solo en una razzia en la que destruy\u00f3 Barcelona, trajo m\u00e1s<br>de 70.000 esclavos cristianos.<br>Su muerte es el principio del fin del Califato Cordob\u00e9s.<\/p>\n<\/div><\/div>\n","protected":false},"excerpt":{"rendered":"<p>Mi Historia de C\u00f3rdoba, Escrita por un Cordob\u00e9s.Sexta parte. Uno de los personajes m\u00e1s truculentos.Almanzor. Abu \u02bfAmir Muhammad ben Abi \u02bfAmir al-Ma\u02bfafir\u00ed, llamado al-Man\u1e63\u016br), \u00abelVictorioso\u201d, m\u00e1s conocido como Almanzor (c. 939-Medinaceli, 9 deagosto de 1002), fue un militar y pol\u00edtico andalus\u00ed, canciller del Califato deC\u00f3rdoba y h\u00e1yib o chambel\u00e1n del califa Hisham II.Se cree que &hellip; <\/p>\n<p class=\"link-more\"><a href=\"https:\/\/pedrocasiano.es\/?page_id=2648\" class=\"more-link\">Leer m\u00e1s<span class=\"screen-reader-text\"> \u00abMi Historia de C\u00f3rdoba, Escrita por un Cordob\u00e9s. Sexta parte\u00bb<\/span><\/a><\/p>\n","protected":false},"author":1,"featured_media":0,"parent":0,"menu_order":0,"comment_status":"closed","ping_status":"closed","template":"","meta":{"inspiro_hide_title":false,"footnotes":""},"class_list":["post-2648","page","type-page","status-publish","hentry"],"featured_media_urls":[],"_links":{"self":[{"href":"https:\/\/pedrocasiano.es\/index.php?rest_route=\/wp\/v2\/pages\/2648","targetHints":{"allow":["GET"]}}],"collection":[{"href":"https:\/\/pedrocasiano.es\/index.php?rest_route=\/wp\/v2\/pages"}],"about":[{"href":"https:\/\/pedrocasiano.es\/index.php?rest_route=\/wp\/v2\/types\/page"}],"author":[{"embeddable":true,"href":"https:\/\/pedrocasiano.es\/index.php?rest_route=\/wp\/v2\/users\/1"}],"replies":[{"embeddable":true,"href":"https:\/\/pedrocasiano.es\/index.php?rest_route=%2Fwp%2Fv2%2Fcomments&post=2648"}],"version-history":[{"count":1,"href":"https:\/\/pedrocasiano.es\/index.php?rest_route=\/wp\/v2\/pages\/2648\/revisions"}],"predecessor-version":[{"id":2650,"href":"https:\/\/pedrocasiano.es\/index.php?rest_route=\/wp\/v2\/pages\/2648\/revisions\/2650"}],"wp:attachment":[{"href":"https:\/\/pedrocasiano.es\/index.php?rest_route=%2Fwp%2Fv2%2Fmedia&parent=2648"}],"curies":[{"name":"wp","href":"https:\/\/api.w.org\/{rel}","templated":true}]}}