{"id":2645,"date":"2024-02-21T09:49:05","date_gmt":"2024-02-21T09:49:05","guid":{"rendered":"https:\/\/pedrocasiano.es\/?page_id=2645"},"modified":"2024-02-21T09:49:06","modified_gmt":"2024-02-21T09:49:06","slug":"mi-historia-de-cordoba-escrita-por-un-cordobes-quinta-parte","status":"publish","type":"page","link":"https:\/\/pedrocasiano.es\/?page_id=2645","title":{"rendered":"Mi Historia de C\u00f3rdoba, Escrita por un Cordob\u00e9s. Quinta parte."},"content":{"rendered":"\n<div class=\"wp-block-media-text is-stacked-on-mobile is-vertically-aligned-top\" style=\"grid-template-columns:33% auto\"><figure class=\"wp-block-media-text__media\"><img decoding=\"async\" width=\"545\" height=\"337\" data-src=\"https:\/\/pedrocasiano.es\/wp-content\/uploads\/2024\/02\/31.jpg\" alt=\"\" class=\"wp-image-2646 size-full lazyload\" src=\"data:image\/svg+xml;base64,PHN2ZyB3aWR0aD0iMSIgaGVpZ2h0PSIxIiB4bWxucz0iaHR0cDovL3d3dy53My5vcmcvMjAwMC9zdmciPjwvc3ZnPg==\" style=\"--smush-placeholder-width: 545px; --smush-placeholder-aspect-ratio: 545\/337;\" \/><\/figure><div class=\"wp-block-media-text__content\">\n<p>Mi Historia de C\u00f3rdoba, Escrita por un Cordob\u00e9s<br>Quinta parte.<br>M\u00e1s Califas, que son muchos a\u00f1os bajo la Media<br>Luna.<\/p>\n\n\n\n<p><br>Mohamed I de (Qur\u1e6dubah, 823 \u2013,Qur\u1e6dubah 886) fue emir independiente<br>de al-\u00c1ndalus (852\u2013886), hijo y sucesor de Abderram\u00e1n II, miembro de la<br>dinast\u00eda Omeya de C\u00f3rdoba.<br>Otro que tuvo complicada la vida, un ir y venir a dar palos a todos los que<br>se rebelaban, y no eran pocos.<br>Vamos la primera, las tortas entre los que se hab\u00edan convertido al islam y<br>los que continuaban siendo cristianos, vamos lo que es una guerra civil<br>m\u00e1s o menos, el deporte nacional.<br>Segunda, la familia de los Banu Qasi, una familia que dominaba tierras por<br>el Ebro, eran descendientes de un visigodo, el Conde Casio, se aliaron con<br>el rey de Pamplona, y se declararon independientes, lo que no es tan raro<br>por las tierras de all\u00ed, supongo.<br>Pues nada, que se los tocan a Mohamed, y deja Navarra como un plato sin<br>fondo, los deja tranquilos durante un tiempo, ya se sabe, all\u00ed lo de la<br>obediencia debida no es algo que se lleve bien.<br>Tercera, otros Banu Qasi, pero de Zaragoza, se unen con los de Toledo, y<br>de camino con el rey Ordo\u00f1o primero de Asturias (que los cristianos no se<br>sab\u00eda para quien trabajaban tampoco), les dan en la batalla de<br>Guadalecete, se vuelven a rebelar a pesar del varapalo, Muhamed que ya<br>est\u00e1 cansado, decide construir fortalezas por todos esos lugares, una de<br>ellas es Mayrit o Magerit, que es donde juega el Real Madrid.<br>Estalla la cuarta, pero esta dura, no vera Mohamed como termina, hasta<br>Abderram\u00e1n III no es sofocada. Porque el tipo es otro percusor de la<br>guerrilla, Omar Ben Hafsun. Este camp\u00f3 a sus anchas por el sur de<br>Portugal y por Extremadura, la causa era muy sencilla, los espa\u00f1oles, la<br>mayor\u00eda se hab\u00edan convertido al Islam, ya no pagaban tanto, menos dinero<br>que cog\u00eda el Califa, menos dinero que repart\u00eda, y los se\u00f1oritos se<br>mosquean, y como les cortan el suministro a dar por\u2026.<br>Al-Mundir (C\u00f3rdoba, 844-Bobastro, 888), sexto emir independiente de Al\u00c1ndalus. Sucedi\u00f3 en el trono a su padre Mohamed I en 886, reinando solo<br>dos a\u00f1os.<br>El pobre Al-Mundir, tuvo m\u00e1s palos que una estera, vamos, que en tiempo<br>de su padre, ya estaba dando leches, porque la cosa se pon\u00eda de mal en<br>peor, cristianos rebeldes, islamizados rebeldes, El rey Ordo\u00f1o I, (que t\u00edo<br>m\u00e1s cansino), Rodrigo de Castilla, pero al final consigue desplazarlos m\u00e1s<br>al norte.<br>Vamos que se viene arriba, y Alfonso XIII le pone las pilas en Valdemora,<br>vuelve a intentarlo, esta vez adem\u00e1s se le une al enemigo un Banu Qasi<br>(que pandilla de perros), y le vuelven a dar en Cellorigo, por lo menos<br>logra acabar echando de Badajoz a un sublevado, Ibn Marwande.<br>Pero el califa sigue, que le gusta m\u00e1s una guerra que a un tonto una tiza,<br>\u00bfrecord\u00e1is a Omar ben Hafsun?, pues continua con la guerra contra el<br>rebelde, sitia Bobastro (M\u00e1laga), y all\u00ed al foso, que hay quien dice que lo<br>envenen\u00f3 el m\u00e9dico de su hermano.<br>Ab\u00fb Muhammad \u2018Abd Allah ibn Muhammad m\u00e1s conocido como Abd Allah<br>I, Abd All\u00e1h I o Abdal\u00e1 I (C\u00f3rdoba, 11 de enero de 844- 15 de<br>octubre de 912), fue el s\u00e9ptimo emir omeya de C\u00f3rdoba desde 888 hasta<br>su muerte. Fue el abuelo de su sucesor, Abderram\u00e1n III.<br>Este fue el que menos poder tuvo de todos los califas, comenz\u00f3 seg\u00fan<br>parece matando a su hermano, y le cogi\u00f3 el gustillo, como ya iremos<br>viendo. Vamos, que, en su califato, en lo \u00fanico en los que mandaba era en<br>C\u00f3rdoba, los dem\u00e1s lo tomaban por el pito de un sereno.<br>Rubio, piel color salmonete, y con los ojos claros, no muy alto; para no dar<br>el cante, se te\u00f1\u00eda el pelo y la barba, para parecer m\u00e1s moro de la morer\u00eda<br>que otra cosa, se gastaba menos que un chupe de plomo, la verdad es que<br>con solo C\u00f3rdoba estar\u00eda m\u00e1s tieso que una regla de titanio, pero que<br>tambi\u00e9n le iba.<br>Por no gastar ni beb\u00eda, e iba a la Mezquita a rezar porque no le cobraban,<br>le\u00eda mucho, de d\u00eda, que de noche le costaba el dinero, y ya que ten\u00eda el<br>har\u00e9n, pues bueno, trece hijas y doce hijos, que el no gastar se va en las<br>cosas de cama, que despu\u00e9s hay que criarlos.<br>Todas las provincias del Califato, eran independientes de hecho en su<br>reinado, el nacimiento del Califato Fatim\u00ed en el norte de \u00c1frica, le asust\u00f3<br>a\u00fan m\u00e1s, haciendo que fuera conocido como el m\u00e1s r\u00e1cano de occidente.<br>El rata, se cas\u00f3 con una hija de Garces, el rey de Pamplona, I\u00f1iga, que el<br>nombre tiene cojo\u2026, pero se pudo el nombre en \u00e1rabe de Durr (perla),<br>que no s\u00e9 qu\u00e9 es peor, esta le engendr\u00f3 un hijo, Muhamad, al que nombr\u00f3<br>heredero, pero fue asesinado por su medio hermano Al-Mutarrif, al que<br>despu\u00e9s ordeno matar, temeroso de que tramara contra \u00e9l.<br>Abd ar-Rahman ibn Muhammad C\u00f3rdoba (Qurduba), 7 de enero de 891-<br>Medina Azahara, 15 de octubre de 961, m\u00e1s conocido<br>como Abderram\u00e1n o Abd al-Rahman III, fue el octavo y \u00faltimo emir<br>independiente (912-929) y primer califa omeya de C\u00f3rdoba (929-961), con<br>el sobrenombre de al-N\u0101\u1e63ir li-d\u012bn Allah \u00abaquel que hace triunfar la religi\u00f3n<br>de Dios\u00bb (\u2018de Al\u00e1\u2019).<br>Es el \u00faltimo de los Califas del Emirato, pero por lo menos le puso las pilas y<br>lo convirti\u00f3 en algo digno de admirar, fue el que edific\u00f3 Medina Azahara, y<br>una a una fue descabezando las rebeliones que se hab\u00edan se\u00f1oreado de lo<br>que fuera el antiguo califato.<br>Fue ese momento en el que la Abadesa Germana Hroswitha dijo de<br>C\u00f3rdoba que era el \u00abOrnamento del Mundo\u00bb y \u00abPerla de Occidente\u00bb.<br>Durante veinte a\u00f1os estuvo guerreando, volviendo a dar esplendor a el<br>Califato, pero al final aconteci\u00f3 la batalla de Simancas, en la que sali\u00f3<br>derrotado por el rey Ramiro II de Le\u00f3n; ya no volver\u00eda a comandar ninguna<br>guerra m\u00e1s. El Norte de Espa\u00f1a se qued\u00f3 fuera del Califato, a pesar de<br>ello, fue la \u00e9poca de mayor esplendor del Califato, una \u00e9poca que apenas<br>si duro cincuenta a\u00f1os despu\u00e9s de su muerte.<br>Alhak\u00e9n II, Al-Hakam II o Alhaqu\u00e9n II Abd ar-Ra\u1e25m\u0101n; C\u00f3rdoba, 13 de<br>enero de 915-Id., 1 de octubre de 976) segundo califa omeya de C\u00f3rdoba.<br>Era pelirrojo de ojos negros, ten\u00eda los brazos m\u00e1s largos que las piernas, y<br>una voz que atronaba, por lo dem\u00e1s, era inteligente cultivado y piadoso.<br>Hered\u00f3 de su antecesor Abderram\u00e1n III un califato fuerte y rico, que supo<br>continuar, cosa poco usual, fue un califa de gran cultura, bibli\u00f3grafo y<br>persona de gran inteligencia.<br>Lleg\u00f3 a gobernar ya mayor, con cuarenta y siete a\u00f1os, pero llevaba como<br>heredero casi cuarenta a\u00f1os, por lo que conoc\u00eda perfectamente los<br>asuntos de estado, adem\u00e1s de haber guerreado en el nombre de<br>Abderram\u00e1n III. Con \u00e9l llega el Califato a su m\u00e1ximo esplendor.<br>Adopt\u00f3 el sobrenombre de al-Mustansir bi-l\u00b7lah (\u00abel que busca la ayuda<br>victoriosa de Al\u00e1\u00bb).<br>No tuvo descendencia con su esposa Radhia, y busc\u00f3 en sus concubinas un<br>heredero, una vasca Subh, le dio un hijo al que llamo Chafar. Hubo<br>habladur\u00edas sobre su hombr\u00eda, pues su padre lo obligo a vivir en el palacio<br>y a no desposarse, as\u00ed que la gente opinaba que era homosexual.<br>Su reinado estuvo marcado por la presencia de personajes en los que<br>deleg\u00f3 gran parte de su poder, libertos, chambelanes, e incluso una<br>concubina, pero a pesar de ello el califato goz\u00f3 de quince a\u00f1os de<br>tranquilidad y prosperidad.<br>A pesar de todo se vio inmerso en las pol\u00edticas de los reyes cristianos, que<br>incumplieron las promesas dadas, eso y las uniones entre estos reinos<br>para acabar con el poder del Califato, lo tuvieron siempre ocupado en el<br>campo de batalla, sin embargo, result\u00f3 victorioso en las distintas<br>ocasiones en las que se enfrent\u00f3, consiguiendo unas fronteras estables<br>que le dieron el periodo de paz, durante el cual C\u00f3rdoba floreci\u00f3.<br>En la pol\u00edtica con el norte de \u00c1frica, hay un hecho importante, la primera<br>vez que oiremos hablar de \u00e9l, que no la \u00faltima, pues bien, Alhaken mand\u00f3<br>al general Galib a combatir contra los fatim\u00edes a los que venci\u00f3, pero gast\u00f3<br>tanto, que para controlar el dispendio, mand\u00f3 a su intendente<br>Muh\u00e1mmad ibn Abi Amir para vigilar las cuentas, \u00bfno os suena, verdad?,<br>bueno vamos a darle el nombre por el que se conoci\u00f3 posteriormente,<br>Almanzor, pero ya hablaremos de \u00e9l.<br>Durante su reinado ocurri\u00f3 algo digno de rese\u00f1ar, ahora est\u00e1n de moda<br>los vikingos, pues aqu\u00ed no \u00edbamos a ser menos, un tal Gundurendo (vaya<br>nombrecito), dan\u00e9s, de los del norte, atac\u00f3 Lisboa, pero el califa mando<br>una flota que lo derrot\u00f3. Mientras tanto, Almer\u00eda que era el principal<br>puerto del Califato, se fortificaba previendo que no ser\u00eda el \u00faltimo ataque,<br>pues al resto de Europa los tra\u00edan fritos.<br>Por si acaso, Alhaken mando construir una flota tipo a la vikinga, para<br>darles antes de que llegaran a la costa, tipo inteligente, y cuando<br>intentaron atacar Sevilla, la flota califal los derrot\u00f3, impidiendo que<br>pudieran acercarse a las costas.<br>Si podemos hablar de una \u00e9poca en la que se pod\u00eda acercar un poco a la<br>idealizada \u201cTres culturas\u201d, fue esta, y realmente porque los que no eran<br>musulmanes significaban un numero anecd\u00f3tico, pero ciertamente,<br>respet\u00f3 los pocos miembros que quedaban de ambas religiones, acab\u00f3<br>tambi\u00e9n con la nobleza militar, de distinta etnia, y asegur\u00f3 el acceso a los<br>puestos de gobierno en r\u00e9gimen de igualdad a todos los Andalus\u00edes, sin<br>importar su procedencia.<br>Ampli\u00f3 la Mezquita y Medina Azahara, pero estos monumentos merecen<br>cap\u00edtulo aparte.<br>Baste decir que en esta \u00e9poca, C\u00f3rdoba era la ciudad m\u00e1s importante de<br>Europa, por poblaci\u00f3n, poder y cultura. Fue la primera en tener<br>pavimentadas sus calles, as\u00ed como alumbrado p\u00fablico y alcantarillado,<br>todo organizado con una eficiencia no vista anteriormente.<br>Uno de los problemas con los que se top\u00f3, fue la bajada de los impuestos<br>cor\u00e1nicos, casi todos los Andalus\u00edes, en aquella \u00e9poca eran musulmanes,<br>pero el per\u00edodo de paz y una pol\u00edtica de comercio floreciente, permiti\u00f3<br>que la suntuosidad en edificios y forma de vida se asentaran en C\u00f3rdoba.<br>Este per\u00edodo permiti\u00f3 que se multiplicaran las cosechas, que permitieron<br>su exportaci\u00f3n, fue la \u00e9poca en la que se introdujo el naranjo y el arroz,<br>tambi\u00e9n fue el per\u00edodo en el que posiblemente la capa arb\u00f3rea en Espa\u00f1a<br>fue la m\u00e1s densa, lo que aprovecharon para la construcci\u00f3n de barcos.<br>La cultura andalus\u00ed se difundi\u00f3 por media Europa, creo veintisiete escuelas<br>gratuitas, y una biblioteca con m\u00e1s de 400.000 vol\u00famenes, subvencion\u00f3 a<br>los artistas y eruditos, aunque algunos de ellos solo se aprovecharon de<br>ello, pero eso pasa siempre, sino que pregunten por las subvenciones<br>digitales (a dedo) de ahora.<br>Pero de esto trataremos en otro cap\u00edtulo.<br>Pero incluso un gran hombre como este comete errores, y ya se sabe mil<br>cosas bien hechas no valen lo que un fallo, y Alhaken II, no nombr\u00f3 un<br>heredero que fuera capaz de continuar con su magn\u00edfica obra.<br>Su primer hijo muri\u00f3, pero la concubina Shub, tres a\u00f1os despu\u00e9s volvi\u00f3 a<br>dar a luz un var\u00f3n, el futuro Hisham II, pero Alhaken II, aun siendo un ni\u00f1o<br>Hisham, sufri\u00f3 una apoplej\u00eda, lo que hizo, que el ni\u00f1o subiera al trono<br>cuando apenas si ten\u00eda once a\u00f1os, ocho meses despu\u00e9s Alhaken II muri\u00f3,<br>esto hizo que el nuevo Califa, tan joven, fuera una marioneta en manos<br>del Chambel\u00e1n, Al Mansur (Almanzor, lo conocer\u00edamos por este nombre),<br>hombre militarista y fan\u00e1tico, que a pesar de sus \u00e9xitos, fraccion\u00f3 la<br>sociedad en Al \u00c1ndalus, creando el germen de su decadencia.<\/p>\n<\/div><\/div>\n","protected":false},"excerpt":{"rendered":"<p>Mi Historia de C\u00f3rdoba, Escrita por un Cordob\u00e9sQuinta parte.M\u00e1s Califas, que son muchos a\u00f1os bajo la MediaLuna. Mohamed I de (Qur\u1e6dubah, 823 \u2013,Qur\u1e6dubah 886) fue emir independientede al-\u00c1ndalus (852\u2013886), hijo y sucesor de Abderram\u00e1n II, miembro de ladinast\u00eda Omeya de C\u00f3rdoba.Otro que tuvo complicada la vida, un ir y venir a dar palos a todos &hellip; <\/p>\n<p class=\"link-more\"><a href=\"https:\/\/pedrocasiano.es\/?page_id=2645\" class=\"more-link\">Leer m\u00e1s<span class=\"screen-reader-text\"> \u00abMi Historia de C\u00f3rdoba, Escrita por un Cordob\u00e9s. Quinta parte.\u00bb<\/span><\/a><\/p>\n","protected":false},"author":1,"featured_media":0,"parent":0,"menu_order":0,"comment_status":"closed","ping_status":"closed","template":"","meta":{"inspiro_hide_title":false,"footnotes":""},"class_list":["post-2645","page","type-page","status-publish","hentry"],"featured_media_urls":[],"_links":{"self":[{"href":"https:\/\/pedrocasiano.es\/index.php?rest_route=\/wp\/v2\/pages\/2645","targetHints":{"allow":["GET"]}}],"collection":[{"href":"https:\/\/pedrocasiano.es\/index.php?rest_route=\/wp\/v2\/pages"}],"about":[{"href":"https:\/\/pedrocasiano.es\/index.php?rest_route=\/wp\/v2\/types\/page"}],"author":[{"embeddable":true,"href":"https:\/\/pedrocasiano.es\/index.php?rest_route=\/wp\/v2\/users\/1"}],"replies":[{"embeddable":true,"href":"https:\/\/pedrocasiano.es\/index.php?rest_route=%2Fwp%2Fv2%2Fcomments&post=2645"}],"version-history":[{"count":1,"href":"https:\/\/pedrocasiano.es\/index.php?rest_route=\/wp\/v2\/pages\/2645\/revisions"}],"predecessor-version":[{"id":2647,"href":"https:\/\/pedrocasiano.es\/index.php?rest_route=\/wp\/v2\/pages\/2645\/revisions\/2647"}],"wp:attachment":[{"href":"https:\/\/pedrocasiano.es\/index.php?rest_route=%2Fwp%2Fv2%2Fmedia&parent=2645"}],"curies":[{"name":"wp","href":"https:\/\/api.w.org\/{rel}","templated":true}]}}